{"id":746309,"date":"2025-08-28T02:39:27","date_gmt":"2025-08-27T23:39:27","guid":{"rendered":"https:\/\/roveyayinevi.com.tr\/index.php\/urun\/iyisi-mi-sec-birini\/"},"modified":"2026-04-16T02:58:51","modified_gmt":"2026-04-15T23:58:51","slug":"iyisi-mi-sec-birini","status":"publish","type":"product","link":"https:\/\/roveyayinevi.com.tr\/index.php\/urun\/iyisi-mi-sec-birini\/","title":{"rendered":"\u0130yisi mi, Se\u00e7 Birini"},"content":{"rendered":"<p>Kahkahas\u0131 bol bir yar\u0131\u015fmaya var m\u0131s\u0131n?   Cevaplarken d\u00fc\u015f\u00fcnd\u00fcren ve d\u00fc\u015f\u00fcnd\u00fck\u00e7e g\u00fcld\u00fcren (ya da bezdiren, hi\u00e7 olmad\u0131 terleten), yediden yetmi\u015fe herkesi bir kitap etraf\u0131nda toplayabilecek 160 \u015fahane soru. Kimisi kahkaha att\u0131racak kadar tuhaf, kimisi kitab\u0131 kapat\u0131p f\u0131rlatmak istetecek kadar \u00e7etin, kimisi i\u00e7indeki filozofu ortaya \u00e7\u0131kar\u0131p bir s\u00fcre uzaklara dald\u0131racak kadar d\u00fc\u015f\u00fcnd\u00fcr\u00fcc\u00fc. Kural basit: En iyi cevab\u0131 veren kazan\u0131r! \u0130ster h\u0131zl\u0131, ister yarat\u0131c\u0131, ister esprili, ister \u00f6zg\u00fcn d\u00fc\u015f\u00fcn; seni g\u00fcld\u00fcrecek, d\u00fc\u015f\u00fcnd\u00fcrecek ve belki de grubun en ak\u0131ll\u0131s\u0131 (ve en komi\u011fi) oldu\u011funu kan\u0131tlayacak bu sorulara bay\u0131lacaks\u0131n!   Bir g\u00fcn\u00fc, en sevdi\u011fin kitab\u0131n i\u00e7inde ge\u00e7irmek mi yoksa en sevdi\u011fin bilgisayar oyununun i\u00e7inde ge\u00e7irmek mi?   Her \u00f6ks\u00fcrd\u00fc\u011f\u00fcnde bo\u011faz\u0131ndan j\u00f6le f\u0131\u015fk\u0131rmas\u0131 m\u0131 yoksa her hap\u015f\u0131rd\u0131\u011f\u0131nda burnundan ket\u00e7ap akmas\u0131 m\u0131?   Ge\u00e7mi\u015fte ya\u015fanm\u0131\u015f her \u015feyi bilmek mi yoksa gelece\u011fi g\u00f6rebilmek mi?   \u00b7 Rekabeti seven \u00e7ocuklar i\u00e7in heyecanl\u0131 bir yar\u0131\u015fma: En yarat\u0131c\u0131 yan\u0131t\u0131 bulup aileni ve arkada\u015flar\u0131n\u0131 zek\u00e2nla yenebilecek misin? \u00b7 Ailece ekranlardan uzak vakit ge\u00e7irme: Her ya\u015fa uygun 160\u2019tan fazla soru. Kimi hayal g\u00fcc\u00fcn\u00fcn s\u0131n\u0131rlar\u0131nda, kimi yok art\u0131k dedirtecek kadar muzip. \u00b7 Oynayarak \u00f6\u011frenme: \u00c7ocuklar iki tercih aras\u0131nda beyin jimnasti\u011fi yaparken yarat\u0131c\u0131 d\u00fc\u015f\u00fcnme becerileri, bilgileri h\u0131zla birle\u015ftirme kabiliyetleri ve hayal g\u00fc\u00e7leri geli\u015fecek. \u00b7 Zorluk seviyesine g\u00f6re d\u00fczenlendi: B\u00f6l\u00fcmler ilerledik\u00e7e sorular da zorla\u015facak. <\/p>\n","protected":false},"excerpt":{"rendered":"<p>Kahkahas\u0131 bol bir yar\u0131\u015fmaya var m\u0131s\u0131n? Cevaplarken d\u00fc\u015f\u00fcnd\u00fcren ve d\u00fc\u015f\u00fcnd\u00fck\u00e7e g\u00fcld\u00fcren (ya da bezdiren, hi\u00e7 olmad\u0131 terleten), yediden yetmi\u015fe herkesi bir kitap etraf\u0131nda toplayabilecek 160 \u015fahane<span class=\"excerpt-hellip\"> [\u2026]<\/span><\/p>\n","protected":false},"featured_media":0,"template":"","meta":{"_monsterinsights_skip_tracking":false,"_monsterinsights_sitenote_active":false,"_monsterinsights_sitenote_note":"","_monsterinsights_sitenote_category":0},"product_brand":[],"product_cat":[12275,12274],"product_tag":[],"class_list":{"0":"post-746309","1":"product","2":"type-product","3":"status-publish","5":"product_cat-6-12-yas-kitaplari","6":"product_cat-cocuk-ve-genclik-kitaplari","7":"pa_cilt-ciltsiz","8":"pa_tur-kitap","9":"pa_yayinevi-domingo-yayinevi","10":"pa_yazar-lindsey-daly","12":"first","13":"instock","14":"sale","15":"shipping-taxable","16":"purchasable","17":"product-type-simple"},"_links":{"self":[{"href":"https:\/\/roveyayinevi.com.tr\/index.php\/wp-json\/wp\/v2\/product\/746309","targetHints":{"allow":["GET"]}}],"collection":[{"href":"https:\/\/roveyayinevi.com.tr\/index.php\/wp-json\/wp\/v2\/product"}],"about":[{"href":"https:\/\/roveyayinevi.com.tr\/index.php\/wp-json\/wp\/v2\/types\/product"}],"wp:attachment":[{"href":"https:\/\/roveyayinevi.com.tr\/index.php\/wp-json\/wp\/v2\/media?parent=746309"}],"wp:term":[{"taxonomy":"product_brand","embeddable":true,"href":"https:\/\/roveyayinevi.com.tr\/index.php\/wp-json\/wp\/v2\/product_brand?post=746309"},{"taxonomy":"product_cat","embeddable":true,"href":"https:\/\/roveyayinevi.com.tr\/index.php\/wp-json\/wp\/v2\/product_cat?post=746309"},{"taxonomy":"product_tag","embeddable":true,"href":"https:\/\/roveyayinevi.com.tr\/index.php\/wp-json\/wp\/v2\/product_tag?post=746309"}],"curies":[{"name":"wp","href":"https:\/\/api.w.org\/{rel}","templated":true}]}}