{"id":746303,"date":"2025-08-28T02:39:19","date_gmt":"2025-08-27T23:39:19","guid":{"rendered":"https:\/\/roveyayinevi.com.tr\/index.php\/urun\/minik-dehalar-icin-beyin-egzersizleri\/"},"modified":"2026-04-16T02:58:51","modified_gmt":"2026-04-15T23:58:51","slug":"minik-dehalar-icin-beyin-egzersizleri","status":"publish","type":"product","link":"https:\/\/roveyayinevi.com.tr\/index.php\/urun\/minik-dehalar-icin-beyin-egzersizleri\/","title":{"rendered":"Minik Dehalar \u0130\u00e7in Beyin Egzersizleri"},"content":{"rendered":"<p>Minik Dehalar \u0130\u00e7in Beyin Egzersizleri^^ adl\u0131 bu kitapta \u00e7ocuklar\u0131n sa\u011f beyin \u2013 sol beyin geli\u015fimlerini g\u00f6z \u00f6n\u00fcnde bulundurarak olu\u015fturulan destekleyici etkinliklere yer verilmi\u015ftir. Kitap haz\u0131rlan\u0131rken \u00e7ocuklara y\u00f6nelik uluslararas\u0131  ve ulusal geli\u015fim envanterlerini g\u00f6z \u00f6n\u00fcnde bulundurmu\u015ftur.     Kitaptaki etkinlikler olu\u015fturulurken ;   -G\u00f6rsel Alg\u0131 -El-G\u00f6z koordinasyonu -Benzerlikleri Bulma -Yorumlama yetisi -Ele\u015ftirel Beceri -Uzaysal ve Mekansal Yeti -Par\u00e7a B\u00fct\u00fcn \u0130li\u015fkisi -Problem \u00c7\u00f6zme -Ele\u015ftirme-Gruplama-S\u0131rlama   Gibi kazan\u0131mlar\u0131n\u0131 desteklemesi ama\u00e7lanm\u0131\u015ft\u0131r.   <\/p>\n","protected":false},"excerpt":{"rendered":"<p>Minik Dehalar \u0130\u00e7in Beyin Egzersizleri^^ adl\u0131 bu kitapta \u00e7ocuklar\u0131n sa\u011f beyin \u2013 sol beyin geli\u015fimlerini g\u00f6z \u00f6n\u00fcnde bulundurarak olu\u015fturulan destekleyici etkinliklere yer verilmi\u015ftir. Kitap haz\u0131rlan\u0131rken \u00e7ocuklara<span class=\"excerpt-hellip\"> [\u2026]<\/span><\/p>\n","protected":false},"featured_media":0,"template":"","meta":{"_monsterinsights_skip_tracking":false,"_monsterinsights_sitenote_active":false,"_monsterinsights_sitenote_note":"","_monsterinsights_sitenote_category":0},"product_brand":[],"product_cat":[12274,12518],"product_tag":[],"class_list":{"0":"post-746303","1":"product","2":"type-product","3":"status-publish","5":"product_cat-cocuk-ve-genclik-kitaplari","6":"product_cat-okul-oncesi-kitaplar","7":"pa_cilt-ciltsiz","8":"pa_tur-kitap","9":"pa_yayinevi-mirhan-kitap","10":"pa_yazar-gokcenur-karacocuk","12":"first","13":"instock","14":"sale","15":"shipping-taxable","16":"purchasable","17":"product-type-simple"},"_links":{"self":[{"href":"https:\/\/roveyayinevi.com.tr\/index.php\/wp-json\/wp\/v2\/product\/746303","targetHints":{"allow":["GET"]}}],"collection":[{"href":"https:\/\/roveyayinevi.com.tr\/index.php\/wp-json\/wp\/v2\/product"}],"about":[{"href":"https:\/\/roveyayinevi.com.tr\/index.php\/wp-json\/wp\/v2\/types\/product"}],"wp:attachment":[{"href":"https:\/\/roveyayinevi.com.tr\/index.php\/wp-json\/wp\/v2\/media?parent=746303"}],"wp:term":[{"taxonomy":"product_brand","embeddable":true,"href":"https:\/\/roveyayinevi.com.tr\/index.php\/wp-json\/wp\/v2\/product_brand?post=746303"},{"taxonomy":"product_cat","embeddable":true,"href":"https:\/\/roveyayinevi.com.tr\/index.php\/wp-json\/wp\/v2\/product_cat?post=746303"},{"taxonomy":"product_tag","embeddable":true,"href":"https:\/\/roveyayinevi.com.tr\/index.php\/wp-json\/wp\/v2\/product_tag?post=746303"}],"curies":[{"name":"wp","href":"https:\/\/api.w.org\/{rel}","templated":true}]}}