{"id":746302,"date":"2025-08-28T02:39:18","date_gmt":"2025-08-27T23:39:18","guid":{"rendered":"https:\/\/roveyayinevi.com.tr\/index.php\/urun\/insan-zihni-uzerine-sagduyu-ilkeleri-temelinde-bir-arastirma\/"},"modified":"2026-04-16T02:58:51","modified_gmt":"2026-04-15T23:58:51","slug":"insan-zihni-uzerine-sagduyu-ilkeleri-temelinde-bir-arastirma","status":"publish","type":"product","link":"https:\/\/roveyayinevi.com.tr\/index.php\/urun\/insan-zihni-uzerine-sagduyu-ilkeleri-temelinde-bir-arastirma\/","title":{"rendered":"\u0130nsan Zihni \u00dczerine \/ Sa\u011fduyu \u0130lkeleri Temelinde Bir Ara\u015ft\u0131rma"},"content":{"rendered":"<p>\u201cBen felsefeyi hakir g\u00f6r\u00fcyorum ve k\u0131lavuzlu\u011fundan feragat ediyorum; b\u0131rak\u0131n ruhum sa\u011fduyu ile ya\u015fas\u0131n!\u201d   Bu kitap, \u0130sko\u00e7 Sa\u011fduyu Okulunun kurucusu Thomas Reid\u2019in ba\u015fyap\u0131t\u0131d\u0131r. Kitap, ku\u015fkucu felsefe kar\u015f\u0131s\u0131nda sa\u011fduyu felsefesinin bir savunusunu ortaya koyuyor. Felsefeyi, do\u011fan\u0131n bize arma\u011fan\u0131 olan sa\u011fduyu ilkeleri \u00fczerinde y\u00fckseltmek i\u00e7in sistematik bir ara\u015ft\u0131rma yap\u0131yor. Reid ku\u015fkucu \u00e7a\u011fda\u015flar\u0131na ve d\u00f6neminde neredeyse evrensel kabul g\u00f6ren ideler sistemine k\u00f6kten, isabetli ve y\u0131k\u0131c\u0131 ele\u015ftiriler getiriyor. Bu, onun geleneksel felsefeyle Platon, Descartes, Malebranche, Locke, Berkeley ve tabii Hume ile hesapla\u015fmas\u0131d\u0131r. Ayn\u0131 zamanda kitap, d\u00fcnya hakk\u0131nda nas\u0131l bilgi sahibi olabildi\u011fimizi a\u00e7\u0131klayabilmek i\u00e7in t\u00fcr\u00fcn\u00fcn ilk \u00f6rne\u011fi olan bir i\u015faretler teorisi geli\u015ftiriyor; g\u00fcn\u00fcm\u00fcz bili\u015fsel bilim ve epistemoloji \u00e7al\u0131\u015fmalar\u0131nda s\u0131k\u00e7a kullan\u0131lan alg\u0131 ve duyum kavramlar\u0131n\u0131 ilk kez birbirinden kesin bir \u015fekilde ay\u0131r\u0131yor; geli\u015ftirdi\u011fi g\u00f6r\u00fcn\u00fcrler geometrisi ile fark\u0131nda olmadan, \u00d6klid-d\u0131\u015f\u0131 geometrilerin tarihteki ilk \u00f6rne\u011fini veriyor. Hepsinden \u00f6nemlisi, Reid, insan\u0131 neredeyse her konuda ku\u015fkuya d\u00fc\u015f\u00fcrmeyi ba\u015farabilen filozoflar\u0131n aksine, titizlikle yapt\u0131\u011f\u0131 deneyler ve ayaklar\u0131 yere basan ak\u0131l y\u00fcr\u00fctmeler ile bir sa\u011fduyu savunusu ortaya koyuyor.<\/p>\n","protected":false},"excerpt":{"rendered":"<p>\u201cBen felsefeyi hakir g\u00f6r\u00fcyorum ve k\u0131lavuzlu\u011fundan feragat ediyorum; b\u0131rak\u0131n ruhum sa\u011fduyu ile ya\u015fas\u0131n!\u201d Bu kitap, \u0130sko\u00e7 Sa\u011fduyu Okulunun kurucusu Thomas Reid\u2019in ba\u015fyap\u0131t\u0131d\u0131r. Kitap, ku\u015fkucu felsefe kar\u015f\u0131s\u0131nda<span class=\"excerpt-hellip\"> [\u2026]<\/span><\/p>\n","protected":false},"featured_media":0,"template":"","meta":{"_monsterinsights_skip_tracking":false,"_monsterinsights_sitenote_active":false,"_monsterinsights_sitenote_note":"","_monsterinsights_sitenote_category":0},"product_brand":[],"product_cat":[12389,12388],"product_tag":[],"class_list":{"0":"post-746302","1":"product","2":"type-product","3":"status-publish","5":"product_cat-diger-felsefe","6":"product_cat-felsefe","7":"pa_cilt-ciltsiz","8":"pa_tur-kitap","9":"pa_yayinevi-fol-kitap","10":"pa_yazar-thomas-reid","12":"first","13":"instock","14":"sale","15":"shipping-taxable","16":"purchasable","17":"product-type-simple"},"_links":{"self":[{"href":"https:\/\/roveyayinevi.com.tr\/index.php\/wp-json\/wp\/v2\/product\/746302","targetHints":{"allow":["GET"]}}],"collection":[{"href":"https:\/\/roveyayinevi.com.tr\/index.php\/wp-json\/wp\/v2\/product"}],"about":[{"href":"https:\/\/roveyayinevi.com.tr\/index.php\/wp-json\/wp\/v2\/types\/product"}],"wp:attachment":[{"href":"https:\/\/roveyayinevi.com.tr\/index.php\/wp-json\/wp\/v2\/media?parent=746302"}],"wp:term":[{"taxonomy":"product_brand","embeddable":true,"href":"https:\/\/roveyayinevi.com.tr\/index.php\/wp-json\/wp\/v2\/product_brand?post=746302"},{"taxonomy":"product_cat","embeddable":true,"href":"https:\/\/roveyayinevi.com.tr\/index.php\/wp-json\/wp\/v2\/product_cat?post=746302"},{"taxonomy":"product_tag","embeddable":true,"href":"https:\/\/roveyayinevi.com.tr\/index.php\/wp-json\/wp\/v2\/product_tag?post=746302"}],"curies":[{"name":"wp","href":"https:\/\/api.w.org\/{rel}","templated":true}]}}