{"id":746300,"date":"2025-08-28T02:39:17","date_gmt":"2025-08-27T23:39:17","guid":{"rendered":"https:\/\/roveyayinevi.com.tr\/index.php\/urun\/alfa-trader\/"},"modified":"2026-04-16T02:58:51","modified_gmt":"2026-04-15T23:58:51","slug":"alfa-trader","status":"publish","type":"product","link":"https:\/\/roveyayinevi.com.tr\/index.php\/urun\/alfa-trader\/","title":{"rendered":"Alfa Trader"},"content":{"rendered":"<p>Finansal piyasalarda al\u0131m sat\u0131m i\u015flemleri, d\u00fcnyan\u0131n en zeki beyinleri ve en pahal\u0131 bilgisayarlar\u0131 taraf\u0131ndan oynanan karma\u015f\u0131k, kaotik, gev\u015fek kurall\u0131 bir oyundur ve \u00e7\u00f6z\u00fcm\u00fc en zor bulmacad\u0131r. En \u00fcst seviyede uzun bir s\u00fcre al\u0131m sat\u0131m yapabilen \u00e7ok az insan vard\u0131r. Oyun s\u00fcrekli de\u011fi\u015fir. Kurallar\u0131, mekani\u011fi ve olas\u0131l\u0131klar\u0131 g\u00f6zlemlemesi zordur, ayr\u0131ca devaml\u0131 ak\u0131\u015fkan bir h\u00e2ldedir. Tam bir plan\u0131n\u0131z oldu\u011funu d\u00fc\u015f\u00fcnd\u00fc\u011f\u00fcn\u00fcz anda: BAM.  A\u011fz\u0131n\u0131z\u0131n ortas\u0131na yumru\u011fu yersiniz.  Al\u0131m sat\u0131m i\u015flemleri, muazzam finansal \u00f6d\u00fclleri ve ba\u015flamak i\u00e7in \u00f6nlerinde hemen hi\u00e7 engel olmamas\u0131 nedeniyle zeki ve azimli ki\u015fileri cezbeder. Ancak mant\u0131ks\u0131z, disiplinsiz veya kendine a\u015f\u0131r\u0131 g\u00fcvenen biriyseniz, hi\u00e7bir zek\u00e2 veya beceri yeterli de\u011fildir. Kendini yok etme d\u00fcrt\u00fcs\u00fcne direnemezseniz en iyi analiz bile i\u015fe yaramaz.  Brent Donnelly\u2019den Alfa Trader finans d\u00fcnyas\u0131ndaki y\u00fcksek bahisli rekabette \u201cNas\u0131l hayatta kal\u0131n\u0131r?\u201d ve \u201cNas\u0131l ba\u015far\u0131l\u0131 olunur?\u201d gibi sorular\u0131n cevab\u0131n\u0131 ar\u0131yor. Size Alfa Trader olma yolunda \u00f6nemli bilgiler sunuyor.<\/p>\n","protected":false},"excerpt":{"rendered":"<p>Finansal piyasalarda al\u0131m sat\u0131m i\u015flemleri, d\u00fcnyan\u0131n en zeki beyinleri ve en pahal\u0131 bilgisayarlar\u0131 taraf\u0131ndan oynanan karma\u015f\u0131k, kaotik, gev\u015fek kurall\u0131 bir oyundur ve \u00e7\u00f6z\u00fcm\u00fc en zor bulmacad\u0131r.<span class=\"excerpt-hellip\"> [\u2026]<\/span><\/p>\n","protected":false},"featured_media":0,"template":"","meta":{"_monsterinsights_skip_tracking":false,"_monsterinsights_sitenote_active":false,"_monsterinsights_sitenote_note":"","_monsterinsights_sitenote_category":0},"product_brand":[],"product_cat":[20333,13043],"product_tag":[],"class_list":{"0":"post-746300","1":"product","2":"type-product","3":"status-publish","5":"product_cat-diger-ekonomi","6":"product_cat-ekonomi","7":"pa_cilt-ciltsiz","8":"pa_tur-kitap","9":"pa_yayinevi-epsilon-yayinlari","10":"pa_yazar-brent-donnelly","12":"first","13":"instock","14":"sale","15":"shipping-taxable","16":"purchasable","17":"product-type-simple"},"_links":{"self":[{"href":"https:\/\/roveyayinevi.com.tr\/index.php\/wp-json\/wp\/v2\/product\/746300","targetHints":{"allow":["GET"]}}],"collection":[{"href":"https:\/\/roveyayinevi.com.tr\/index.php\/wp-json\/wp\/v2\/product"}],"about":[{"href":"https:\/\/roveyayinevi.com.tr\/index.php\/wp-json\/wp\/v2\/types\/product"}],"wp:attachment":[{"href":"https:\/\/roveyayinevi.com.tr\/index.php\/wp-json\/wp\/v2\/media?parent=746300"}],"wp:term":[{"taxonomy":"product_brand","embeddable":true,"href":"https:\/\/roveyayinevi.com.tr\/index.php\/wp-json\/wp\/v2\/product_brand?post=746300"},{"taxonomy":"product_cat","embeddable":true,"href":"https:\/\/roveyayinevi.com.tr\/index.php\/wp-json\/wp\/v2\/product_cat?post=746300"},{"taxonomy":"product_tag","embeddable":true,"href":"https:\/\/roveyayinevi.com.tr\/index.php\/wp-json\/wp\/v2\/product_tag?post=746300"}],"curies":[{"name":"wp","href":"https:\/\/api.w.org\/{rel}","templated":true}]}}