{"id":746295,"date":"2025-08-28T02:39:11","date_gmt":"2025-08-27T23:39:11","guid":{"rendered":"https:\/\/roveyayinevi.com.tr\/index.php\/urun\/kamu-denetciliginin-avrupa-birligi-turkiye-isvec-baglaminda-degerlendirilmesi-ve-hukuk-devleti-ilkesi-acisindan-onemi\/"},"modified":"2026-04-16T02:58:51","modified_gmt":"2026-04-15T23:58:51","slug":"kamu-denetciliginin-avrupa-birligi-turkiye-isvec-baglaminda-degerlendirilmesi-ve-hukuk-devleti-ilkesi-acisindan-onemi","status":"publish","type":"product","link":"https:\/\/roveyayinevi.com.tr\/index.php\/urun\/kamu-denetciliginin-avrupa-birligi-turkiye-isvec-baglaminda-degerlendirilmesi-ve-hukuk-devleti-ilkesi-acisindan-onemi\/","title":{"rendered":"Kamu Denet\u00e7ili\u011finin Avrupa Birli\u011fi &#8211; T\u00fcrkiye &#8211; \u0130sve\u00e7 Ba\u011flam\u0131nda De\u011ferlendirilmesi ve Hukuk Devleti \u0130lkesi A\u00e7\u0131s\u0131ndan \u00d6nemi"},"content":{"rendered":"<p>1.      B\u00d6L\u00dcM: KAMU DENET\u00c7\u0130L\u0130\u011e\u0130 \u0130LE HUKUK DEVLET\u0130 \u0130LKES\u0130 ARASINDAK\u0130 \u0130L\u0130\u015eK\u0130   2.      B\u00d6L\u00dcM: T\u00dcRK\u0130YE\u2019DE KAMU DENET\u00c7\u0130L\u0130\u011e\u0130   3.      B\u00d6L\u00dcM: KAMU DENET\u00c7\u0130L\u0130\u011e\u0130 KURUMU \u00d6RNE\u011e\u0130 OLARAK \u0130SVE\u00c7 VE AVRUPA B\u0130RL\u0130\u011e\u0130 MODEL\u0130   <\/p>\n","protected":false},"excerpt":{"rendered":"<p>1. B\u00d6L\u00dcM: KAMU DENET\u00c7\u0130L\u0130\u011e\u0130 \u0130LE HUKUK DEVLET\u0130 \u0130LKES\u0130 ARASINDAK\u0130 \u0130L\u0130\u015eK\u0130 2. B\u00d6L\u00dcM: T\u00dcRK\u0130YE\u2019DE KAMU DENET\u00c7\u0130L\u0130\u011e\u0130 3. B\u00d6L\u00dcM: KAMU DENET\u00c7\u0130L\u0130\u011e\u0130 KURUMU \u00d6RNE\u011e\u0130 OLARAK \u0130SVE\u00c7 VE AVRUPA B\u0130RL\u0130\u011e\u0130<span class=\"excerpt-hellip\"> [\u2026]<\/span><\/p>\n","protected":false},"featured_media":0,"template":"","meta":{"_monsterinsights_skip_tracking":false,"_monsterinsights_sitenote_active":false,"_monsterinsights_sitenote_note":"","_monsterinsights_sitenote_category":0},"product_brand":[],"product_cat":[15350],"product_tag":[],"class_list":{"0":"post-746295","1":"product","2":"type-product","3":"status-publish","5":"product_cat-hukuk","6":"pa_cilt-ciltsiz","7":"pa_tur-kitap","8":"pa_yayinevi-gazi-kitabevi","9":"pa_yazar-gulcan-azimli-cilingir-serden-onur-karaca","11":"first","12":"instock","13":"sale","14":"shipping-taxable","15":"purchasable","16":"product-type-simple"},"_links":{"self":[{"href":"https:\/\/roveyayinevi.com.tr\/index.php\/wp-json\/wp\/v2\/product\/746295","targetHints":{"allow":["GET"]}}],"collection":[{"href":"https:\/\/roveyayinevi.com.tr\/index.php\/wp-json\/wp\/v2\/product"}],"about":[{"href":"https:\/\/roveyayinevi.com.tr\/index.php\/wp-json\/wp\/v2\/types\/product"}],"wp:attachment":[{"href":"https:\/\/roveyayinevi.com.tr\/index.php\/wp-json\/wp\/v2\/media?parent=746295"}],"wp:term":[{"taxonomy":"product_brand","embeddable":true,"href":"https:\/\/roveyayinevi.com.tr\/index.php\/wp-json\/wp\/v2\/product_brand?post=746295"},{"taxonomy":"product_cat","embeddable":true,"href":"https:\/\/roveyayinevi.com.tr\/index.php\/wp-json\/wp\/v2\/product_cat?post=746295"},{"taxonomy":"product_tag","embeddable":true,"href":"https:\/\/roveyayinevi.com.tr\/index.php\/wp-json\/wp\/v2\/product_tag?post=746295"}],"curies":[{"name":"wp","href":"https:\/\/api.w.org\/{rel}","templated":true}]}}