{"id":746294,"date":"2025-08-28T02:39:10","date_gmt":"2025-08-27T23:39:10","guid":{"rendered":"https:\/\/roveyayinevi.com.tr\/index.php\/urun\/pazarlamada-guncel-yaklasimlar\/"},"modified":"2025-11-06T08:35:32","modified_gmt":"2025-11-06T05:35:32","slug":"pazarlamada-guncel-yaklasimlar","status":"publish","type":"product","link":"https:\/\/roveyayinevi.com.tr\/index.php\/urun\/pazarlamada-guncel-yaklasimlar\/","title":{"rendered":"Pazarlamada G\u00fcncel Yakla\u015f\u0131mlar"},"content":{"rendered":"<p>\u0130\u00e7indekiler:     B\u0130R\u0130NC\u0130 B\u00d6L\u00dcM H\u0130K\u00c2YE PAZARLAMASI   \u0130K\u0130NC\u0130 B\u00d6L\u00dcM EKOLOJ\u0130K (YE\u015e\u0130L) PAZARLAMA   \u00dc\u00c7\u00dcNC\u00dc B\u00d6L\u00dcM SA\u011eLIK H\u0130ZMETLER\u0130NDE PAZARLAMA   D\u00d6RD\u00dcNC\u00dc B\u00d6L\u00dcM GER\u0130LLA PAZARLAMA   BE\u015e\u0130NC\u0130 B\u00d6L\u00dcM KORKU PAZARLAMASI   ALTINCI B\u00d6L\u00dcM F\u0130J\u0130TAL PAZARLAMA   YED\u0130NC\u0130 B\u00d6L\u00dcM SOSYAL MEDYA PAZARLAMASI   SEK\u0130Z\u0130NC\u0130 B\u00d6L\u00dcM ALFA KU\u015eAK PAZARLAMASI   DOKUZUNCU B\u00d6L\u00dcM B\u00dcT\u00dcNLE\u015e\u0130K KANALLI (OMN\u0130-CHANNEL) PAZARLAMA ONUNCU B\u00d6L\u00dcM INFLUENCER PAZARLAMA   ON B\u0130R\u0130NC\u0130 B\u00d6L\u00dcM S\u0130YASAL PAZARLAMA   ON \u0130K\u0130NC\u0130 B\u00d6L\u00dcM G\u0130R\u0130\u015e\u0130MC\u0130 PAZARLAMA   ON \u00dc\u00c7\u00dcNC\u00dc B\u00d6L\u00dcM AVATAR PAZARLAMASI <\/p>\n","protected":false},"excerpt":{"rendered":"<p>\u0130\u00e7indekiler: B\u0130R\u0130NC\u0130 B\u00d6L\u00dcM H\u0130K\u00c2YE PAZARLAMASI \u0130K\u0130NC\u0130 B\u00d6L\u00dcM EKOLOJ\u0130K (YE\u015e\u0130L) PAZARLAMA \u00dc\u00c7\u00dcNC\u00dc B\u00d6L\u00dcM SA\u011eLIK H\u0130ZMETLER\u0130NDE PAZARLAMA D\u00d6RD\u00dcNC\u00dc B\u00d6L\u00dcM GER\u0130LLA PAZARLAMA BE\u015e\u0130NC\u0130 B\u00d6L\u00dcM KORKU PAZARLAMASI ALTINCI B\u00d6L\u00dcM F\u0130J\u0130TAL<span class=\"excerpt-hellip\"> [\u2026]<\/span><\/p>\n","protected":false},"featured_media":0,"template":"","meta":{"_monsterinsights_skip_tracking":false,"_monsterinsights_sitenote_active":false,"_monsterinsights_sitenote_note":"","_monsterinsights_sitenote_category":0},"product_brand":[],"product_cat":[13043],"product_tag":[],"class_list":{"0":"post-746294","1":"product","2":"type-product","3":"status-publish","5":"product_cat-ekonomi","6":"pa_cilt-ciltsiz","7":"pa_tur-kitap","8":"pa_yayinevi-gazi-kitabevi","9":"pa_yazar-kolektif","11":"first","12":"instock","13":"sale","14":"shipping-taxable","15":"purchasable","16":"product-type-simple"},"_links":{"self":[{"href":"https:\/\/roveyayinevi.com.tr\/index.php\/wp-json\/wp\/v2\/product\/746294","targetHints":{"allow":["GET"]}}],"collection":[{"href":"https:\/\/roveyayinevi.com.tr\/index.php\/wp-json\/wp\/v2\/product"}],"about":[{"href":"https:\/\/roveyayinevi.com.tr\/index.php\/wp-json\/wp\/v2\/types\/product"}],"wp:attachment":[{"href":"https:\/\/roveyayinevi.com.tr\/index.php\/wp-json\/wp\/v2\/media?parent=746294"}],"wp:term":[{"taxonomy":"product_brand","embeddable":true,"href":"https:\/\/roveyayinevi.com.tr\/index.php\/wp-json\/wp\/v2\/product_brand?post=746294"},{"taxonomy":"product_cat","embeddable":true,"href":"https:\/\/roveyayinevi.com.tr\/index.php\/wp-json\/wp\/v2\/product_cat?post=746294"},{"taxonomy":"product_tag","embeddable":true,"href":"https:\/\/roveyayinevi.com.tr\/index.php\/wp-json\/wp\/v2\/product_tag?post=746294"}],"curies":[{"name":"wp","href":"https:\/\/api.w.org\/{rel}","templated":true}]}}