{"id":746293,"date":"2025-08-28T02:39:10","date_gmt":"2025-08-27T23:39:10","guid":{"rendered":"https:\/\/roveyayinevi.com.tr\/index.php\/urun\/genclik-ve-spor-kultur-ve-turizm-ile-milli-egitim-mudurlerinin-spor-farkindaliklarinin-incelenmesi\/"},"modified":"2026-04-16T02:58:51","modified_gmt":"2026-04-15T23:58:51","slug":"genclik-ve-spor-kultur-ve-turizm-ile-milli-egitim-mudurlerinin-spor-farkindaliklarinin-incelenmesi","status":"publish","type":"product","link":"https:\/\/roveyayinevi.com.tr\/index.php\/urun\/genclik-ve-spor-kultur-ve-turizm-ile-milli-egitim-mudurlerinin-spor-farkindaliklarinin-incelenmesi\/","title":{"rendered":"Gen\u00e7lik ve Spor, K\u00fclt\u00fcr ve Turizm ile Milli E\u011fitim M\u00fcd\u00fcrlerinin Spor Fark\u0131ndal\u0131klar\u0131n\u0131n \u0130ncelenmesi"},"content":{"rendered":"<p>\u0130\u00e7indekiler:     1. G\u0130R\u0130\u015e 1.1. E\u011fitim 1.2. Beden E\u011fitimi ve Spor 1.3. Y\u00f6netim 1.4. Y\u00f6netici 1.5. Spor Y\u00f6netimi 1.6. Spor Y\u00f6neticisi 1.7. Spor Y\u00f6netiminde Sekt\u00f6rler 1.8. Spor ile Di\u011fer Alan \u0130li\u015fkileri 1.8.1. E\u011fitim A\u00e7\u0131s\u0131ndan Spor 1.8.2. Cinsiyet A\u00e7\u0131s\u0131ndan Spor 1.8.3. K\u00fclt\u00fcr A\u00e7\u0131s\u0131ndan Spor 1.8.4. Sosyal A\u00e7\u0131dan Spor 1.8.5. Aile A\u00e7\u0131s\u0131ndan Spor 1.8.6. Sa\u011fl\u0131k A\u00e7\u0131s\u0131ndan Spor 1.9. Spor Bilinci 1.10. Fark\u0131ndal\u0131k (Awareness) 1.11. Sporda Fark\u0131ndal\u0131k 1.12. Spor Fark\u0131ndal\u0131\u011f\u0131 ile Ba\u011flant\u0131l\u0131 Teoriler 1.12.1. Psikolojik S\u00fcre\u00e7 Modeli (PSM) 1.13. \u0130lgili \u00c7al\u0131\u015fmalar 1.14. Ama\u00e7 ve Hedefler 1.15. Problemler 1.16. Alt Problemler 1.17. S\u0131n\u0131rl\u0131l\u0131klar 1.18. Ara\u015ft\u0131rman\u0131n \u00d6nemi   2. GERE\u00c7 VE Y\u00d6NTEM 2.1. Ara\u0122t\u0131rman\u0131n Modeli 2.2. Evren ve \u00d6rneklem 2.3. Veri Toplama Ara\u00e7lar\u0131 2.3.1. Ki\u0122isel Bilgi Formu 2.3.2. Spor Fark\u0131ndal\u0131\u011f\u0131 \u00d6l\u00e7e\u011fi (SF\u00d6) 2.4. Verilerin Toplanmas\u0131 2.5. Verilerin Analizi   3. BULGULAR 4. TARTI\u015eMA 5. SONU\u00c7 VE \u00d6NER\u0130LER <\/p>\n","protected":false},"excerpt":{"rendered":"<p>\u0130\u00e7indekiler: 1. G\u0130R\u0130\u015e 1.1. E\u011fitim 1.2. Beden E\u011fitimi ve Spor 1.3. Y\u00f6netim 1.4. Y\u00f6netici 1.5. Spor Y\u00f6netimi 1.6. Spor Y\u00f6neticisi 1.7. Spor Y\u00f6netiminde Sekt\u00f6rler 1.8. Spor<span class=\"excerpt-hellip\"> [\u2026]<\/span><\/p>\n","protected":false},"featured_media":0,"template":"","meta":{"_monsterinsights_skip_tracking":false,"_monsterinsights_sitenote_active":false,"_monsterinsights_sitenote_note":"","_monsterinsights_sitenote_category":0},"product_brand":[],"product_cat":[15563,15564],"product_tag":[],"class_list":{"0":"post-746293","1":"product","2":"type-product","3":"status-publish","5":"product_cat-hobi","6":"product_cat-spor","7":"pa_cilt-ciltsiz","8":"pa_tur-kitap","9":"pa_yayinevi-gazi-kitabevi","10":"pa_yazar-caner-cengiz","12":"first","13":"instock","14":"sale","15":"shipping-taxable","16":"purchasable","17":"product-type-simple"},"_links":{"self":[{"href":"https:\/\/roveyayinevi.com.tr\/index.php\/wp-json\/wp\/v2\/product\/746293","targetHints":{"allow":["GET"]}}],"collection":[{"href":"https:\/\/roveyayinevi.com.tr\/index.php\/wp-json\/wp\/v2\/product"}],"about":[{"href":"https:\/\/roveyayinevi.com.tr\/index.php\/wp-json\/wp\/v2\/types\/product"}],"wp:attachment":[{"href":"https:\/\/roveyayinevi.com.tr\/index.php\/wp-json\/wp\/v2\/media?parent=746293"}],"wp:term":[{"taxonomy":"product_brand","embeddable":true,"href":"https:\/\/roveyayinevi.com.tr\/index.php\/wp-json\/wp\/v2\/product_brand?post=746293"},{"taxonomy":"product_cat","embeddable":true,"href":"https:\/\/roveyayinevi.com.tr\/index.php\/wp-json\/wp\/v2\/product_cat?post=746293"},{"taxonomy":"product_tag","embeddable":true,"href":"https:\/\/roveyayinevi.com.tr\/index.php\/wp-json\/wp\/v2\/product_tag?post=746293"}],"curies":[{"name":"wp","href":"https:\/\/api.w.org\/{rel}","templated":true}]}}