{"id":746291,"date":"2025-08-28T02:39:07","date_gmt":"2025-08-27T23:39:07","guid":{"rendered":"https:\/\/roveyayinevi.com.tr\/index.php\/urun\/uretim-ve-hizmet-sektorlerinde-tematik-yaklasimlar\/"},"modified":"2026-04-16T02:58:51","modified_gmt":"2026-04-15T23:58:51","slug":"uretim-ve-hizmet-sektorlerinde-tematik-yaklasimlar","status":"publish","type":"product","link":"https:\/\/roveyayinevi.com.tr\/index.php\/urun\/uretim-ve-hizmet-sektorlerinde-tematik-yaklasimlar\/","title":{"rendered":"\u00dcretim ve Hizmet Sekt\u00f6rlerinde Tematik Yakla\u015f\u0131mlar"},"content":{"rendered":"<p>B\u00d6L\u00dcM 1 PERAKENDE SEKT\u00d6R\u00dcNDE KAPSAYICI H\u0130ZMET TASARIMI   B\u00d6L\u00dcM 2 YETENEK Y\u00d6NET\u0130M\u0130: \u0130NSAN KAYNAKLARINDA PERFORMANS ARTI\u015eI BA\u011eLAMINDA KAVRAMSAL B\u0130R ANAL\u0130Z   B\u00d6L\u00dcM 3 3D BASKI D\u0130\u015e PROTEZ\u0130N\u0130N PLAZMA P\u00dcSK\u00dcRTME Y\u00d6NTEM\u0130 \u0130LE H\u0130DROKS\u0130APAT\u0130T KAPLANARAK B\u0130O VER\u0130ML\u0130L\u0130\u011e\u0130N\u0130N ARTIRILMASI   B\u00d6L\u00dcM 4 DO\u011eRUDAN YABANCI YATIRIMLAR VE \u00c7OK ULUSLU \u015e\u0130RKETLER\u0130N EV SAH\u0130B\u0130 \u00dcLKE VER\u0130ML\u0130L\u0130\u011e\u0130NE ETK\u0130LER\u0130   B\u00d6L\u00dcM 5 YERB\u0130L\u0130MLER\u0130NDEK\u0130 \u0130NOVASYON F\u0130K\u0130RLER\u0130N\u0130N \u00dcRET\u0130M VE H\u0130ZMET SEKT\u00d6R\u00dcNE ETK\u0130LER\u0130   B\u00d6L\u00dcM 6 S\u00dcRD\u00dcR\u00dcLEB\u0130L\u0130RL\u0130K ARA\u00c7LARI VE S\u0130STEMLER\u0130 KULLANIMININ TERSANELERDEK\u0130 VER\u0130ML\u0130L\u0130\u011eE ETK\u0130S\u0130 B\u00d6L\u00dcM 7 MERMER \u00dcRET\u0130M SEKT\u00d6R\u00dcNDE ARTIK OLAN MERMERLER\u0130N GEMOLOJ\u0130K OLARAK DE\u011eERLEND\u0130R\u0130LMES\u0130   B\u00d6L\u00dcM 8 3 BOYUTLU TASARIM PROGRAMININ G\u0130Y\u0130M \u00dcRET\u0130M SEKT\u00d6R\u00dcNDE TASARIMCI PERFORMANSINA ETK\u0130S\u0130   B\u00d6L\u00dcM 9 HAZIRG\u0130Y\u0130M \u00dcRET\u0130M\u0130NDE \u00c7OK KR\u0130TERL\u0130 KARAR VERME   B\u00d6L\u00dcM 10 E\u011e\u0130T\u0130M KURUMLARINDA PERFORMANS VE VER\u0130ML\u0130L\u0130K OLGUSU A\u00c7ISINDAN B\u0130R UYGULAMA \u00d6RNE\u011e\u0130: OKUL PORTFOLYO S\u0130STEM\u0130 \u015e\u0130\u015eL\u0130 \u00d6RNE\u011e\u0130   B\u00d6L\u00dcM 11 \u0130\u015e SA\u011eLI\u011eI VE G\u00dcVENL\u0130\u011e\u0130 \u00c7ALI\u015eMALARININ \u00c7ALI\u015eANLARIN PERFORMANS VE VER\u0130ML\u0130L\u0130KLER\u0130NE ETK\u0130 EDEN FAKT\u00d6RLER\u0130N ARA\u015eTIRILMASI   B\u00d6L\u00dcM 12 KUYUMCULUK SEKT\u00d6R\u00dcNDE \u00dc\u00c7 BOYUTLU YAZICILARIN SER\u0130 VE PROTOT\u0130P \u00dcRET\u0130ME OLAN AVANTAJLARI VE DEZAVANTAJLARI   B\u00d6L\u00dcM 13 DOLOM\u0130T KIRMA TA\u015e OCA\u011eININ KATMA DE\u011eER\u0130 Y\u00dcKSEK DO\u011eAL TA\u015e BLOK OCA\u011eINA D\u00d6N\u00dc\u015eT\u00dcR\u00dcLMES\u0130   B\u00d6L\u00dcM 14 H\u0130ZMET SEKT\u00d6R\u00dcNDE \u00c7ALI\u015eAN REFAHI VE PERFORMANS \u0130L\u0130\u015eK\u0130S\u0130 <\/p>\n","protected":false},"excerpt":{"rendered":"<p>B\u00d6L\u00dcM 1 PERAKENDE SEKT\u00d6R\u00dcNDE KAPSAYICI H\u0130ZMET TASARIMI B\u00d6L\u00dcM 2 YETENEK Y\u00d6NET\u0130M\u0130: \u0130NSAN KAYNAKLARINDA PERFORMANS ARTI\u015eI BA\u011eLAMINDA KAVRAMSAL B\u0130R ANAL\u0130Z B\u00d6L\u00dcM 3 3D BASKI D\u0130\u015e PROTEZ\u0130N\u0130N PLAZMA<span class=\"excerpt-hellip\"> [\u2026]<\/span><\/p>\n","protected":false},"featured_media":0,"template":"","meta":{"_monsterinsights_skip_tracking":false,"_monsterinsights_sitenote_active":false,"_monsterinsights_sitenote_note":"","_monsterinsights_sitenote_category":0},"product_brand":[],"product_cat":[13043],"product_tag":[],"class_list":{"0":"post-746291","1":"product","2":"type-product","3":"status-publish","5":"product_cat-ekonomi","6":"pa_cilt-ciltsiz","7":"pa_tur-kitap","8":"pa_yayinevi-gazi-kitabevi","9":"pa_yazar-kolektif","11":"first","12":"instock","13":"sale","14":"shipping-taxable","15":"purchasable","16":"product-type-simple"},"_links":{"self":[{"href":"https:\/\/roveyayinevi.com.tr\/index.php\/wp-json\/wp\/v2\/product\/746291","targetHints":{"allow":["GET"]}}],"collection":[{"href":"https:\/\/roveyayinevi.com.tr\/index.php\/wp-json\/wp\/v2\/product"}],"about":[{"href":"https:\/\/roveyayinevi.com.tr\/index.php\/wp-json\/wp\/v2\/types\/product"}],"wp:attachment":[{"href":"https:\/\/roveyayinevi.com.tr\/index.php\/wp-json\/wp\/v2\/media?parent=746291"}],"wp:term":[{"taxonomy":"product_brand","embeddable":true,"href":"https:\/\/roveyayinevi.com.tr\/index.php\/wp-json\/wp\/v2\/product_brand?post=746291"},{"taxonomy":"product_cat","embeddable":true,"href":"https:\/\/roveyayinevi.com.tr\/index.php\/wp-json\/wp\/v2\/product_cat?post=746291"},{"taxonomy":"product_tag","embeddable":true,"href":"https:\/\/roveyayinevi.com.tr\/index.php\/wp-json\/wp\/v2\/product_tag?post=746291"}],"curies":[{"name":"wp","href":"https:\/\/api.w.org\/{rel}","templated":true}]}}