{"id":746290,"date":"2025-08-28T02:39:06","date_gmt":"2025-08-27T23:39:06","guid":{"rendered":"https:\/\/roveyayinevi.com.tr\/index.php\/urun\/beden-hareketleriyle-ritim-egitimi-bhr-yontemi\/"},"modified":"2025-09-10T10:17:57","modified_gmt":"2025-09-10T07:17:57","slug":"beden-hareketleriyle-ritim-egitimi-bhr-yontemi","status":"publish","type":"product","link":"https:\/\/roveyayinevi.com.tr\/index.php\/urun\/beden-hareketleriyle-ritim-egitimi-bhr-yontemi\/","title":{"rendered":"Beden Hareketleriyle Ritim E\u011fitimi (BHR) Y\u00f6ntemi"},"content":{"rendered":"<p>B\u0130R\u0130NC\u0130 B\u00d6L\u00dcM 1.1.  Hareket E\u011fitimi ve Ritim   \u0130K\u0130NC\u0130 B\u00d6L\u00dcM 2.1. BHR E\u011fitiminin Amac\u0131 ve Kapsam\u0131   \u00dc\u00c7\u00dcNC\u00dc B\u00d6L\u00dcM 3.1. Lokomotor Beceri Uygulama Al\u0131\u015ft\u0131rmalar\u0131<\/p>\n","protected":false},"excerpt":{"rendered":"<p>B\u0130R\u0130NC\u0130 B\u00d6L\u00dcM 1.1. Hareket E\u011fitimi ve Ritim \u0130K\u0130NC\u0130 B\u00d6L\u00dcM 2.1. BHR E\u011fitiminin Amac\u0131 ve Kapsam\u0131 \u00dc\u00c7\u00dcNC\u00dc B\u00d6L\u00dcM 3.1. Lokomotor Beceri Uygulama Al\u0131\u015ft\u0131rmalar\u0131<\/p>\n","protected":false},"featured_media":0,"template":"","meta":{"_monsterinsights_skip_tracking":false,"_monsterinsights_sitenote_active":false,"_monsterinsights_sitenote_note":"","_monsterinsights_sitenote_category":0},"product_brand":[],"product_cat":[14556],"product_tag":[],"class_list":{"0":"post-746290","1":"product","2":"type-product","3":"status-publish","5":"product_cat-muzik","6":"pa_cilt-ciltsiz","7":"pa_tur-kitap","8":"pa_yayinevi-gazi-kitabevi","9":"pa_yazar-zinnur-gerek-hasan-acilmis","11":"first","12":"instock","13":"sale","14":"shipping-taxable","15":"purchasable","16":"product-type-simple"},"_links":{"self":[{"href":"https:\/\/roveyayinevi.com.tr\/index.php\/wp-json\/wp\/v2\/product\/746290","targetHints":{"allow":["GET"]}}],"collection":[{"href":"https:\/\/roveyayinevi.com.tr\/index.php\/wp-json\/wp\/v2\/product"}],"about":[{"href":"https:\/\/roveyayinevi.com.tr\/index.php\/wp-json\/wp\/v2\/types\/product"}],"wp:attachment":[{"href":"https:\/\/roveyayinevi.com.tr\/index.php\/wp-json\/wp\/v2\/media?parent=746290"}],"wp:term":[{"taxonomy":"product_brand","embeddable":true,"href":"https:\/\/roveyayinevi.com.tr\/index.php\/wp-json\/wp\/v2\/product_brand?post=746290"},{"taxonomy":"product_cat","embeddable":true,"href":"https:\/\/roveyayinevi.com.tr\/index.php\/wp-json\/wp\/v2\/product_cat?post=746290"},{"taxonomy":"product_tag","embeddable":true,"href":"https:\/\/roveyayinevi.com.tr\/index.php\/wp-json\/wp\/v2\/product_tag?post=746290"}],"curies":[{"name":"wp","href":"https:\/\/api.w.org\/{rel}","templated":true}]}}