{"id":746287,"date":"2025-08-28T02:39:02","date_gmt":"2025-08-27T23:39:02","guid":{"rendered":"https:\/\/roveyayinevi.com.tr\/index.php\/urun\/satilada-dort-saat\/"},"modified":"2026-04-16T02:58:51","modified_gmt":"2026-04-15T23:58:51","slug":"satilada-dort-saat","status":"publish","type":"product","link":"https:\/\/roveyayinevi.com.tr\/index.php\/urun\/satilada-dort-saat\/","title":{"rendered":"\u015eatila&#8217;da D\u00f6rt Saat"},"content":{"rendered":"<p>Eyl\u00fcl 1982&#8230; \u015eatila ve Sabra m\u00fclteci kamplar\u0131n\u0131n kalbinde; cinayetin, hi\u00e7li\u011fin, tozun topra\u011f\u0131n ortas\u0131nda ge\u00e7en d\u00f6rt saat, dar sokaklar\u0131 istila etmi\u015f cesetler ve sinekler&#8230;Jean Genet, delili\u011fin s\u0131n\u0131rlar\u0131nda gezinirken, tasnif edilmesi, par\u00e7alan\u0131p yeniden birle\u015ftirilmesi olanaks\u0131z c\u00fcmleleri bir araya getiriyor, derin kuyularda bo\u011fularak nefesi kesilen b\u00fcy\u00fck utanc\u0131, bir katliam\u0131, pis bir s\u0131rr\u0131 fa\u015f ediyor.Geriye, Beyrut sokaklar\u0131na f\u0131s\u0131lt\u0131yla yay\u0131lan kadim bir soru kal\u0131yor: K\u0131sa zamanda m\u0131 \u00f6lmeli yoksa sonsuzluk \u015fark\u0131s\u0131 m\u0131 s\u00f6ylemeli?<\/p>\n","protected":false},"excerpt":{"rendered":"<p>Eyl\u00fcl 1982&#8230; \u015eatila ve Sabra m\u00fclteci kamplar\u0131n\u0131n kalbinde; cinayetin, hi\u00e7li\u011fin, tozun topra\u011f\u0131n ortas\u0131nda ge\u00e7en d\u00f6rt saat, dar sokaklar\u0131 istila etmi\u015f cesetler ve sinekler&#8230;Jean Genet, delili\u011fin s\u0131n\u0131rlar\u0131nda<span class=\"excerpt-hellip\"> [\u2026]<\/span><\/p>\n","protected":false},"featured_media":0,"template":"","meta":{"_monsterinsights_skip_tracking":false,"_monsterinsights_sitenote_active":false,"_monsterinsights_sitenote_note":"","_monsterinsights_sitenote_category":0},"product_brand":[],"product_cat":[12777,12291],"product_tag":[],"class_list":{"0":"post-746287","1":"product","2":"type-product","3":"status-publish","5":"product_cat-deneme","6":"product_cat-edebiyat","7":"pa_cilt-ciltsiz","8":"pa_tur-kitap","9":"pa_yayinevi-sel-yayincilik","10":"pa_yazar-jean-genet","12":"first","13":"instock","14":"sale","15":"shipping-taxable","16":"purchasable","17":"product-type-simple"},"_links":{"self":[{"href":"https:\/\/roveyayinevi.com.tr\/index.php\/wp-json\/wp\/v2\/product\/746287","targetHints":{"allow":["GET"]}}],"collection":[{"href":"https:\/\/roveyayinevi.com.tr\/index.php\/wp-json\/wp\/v2\/product"}],"about":[{"href":"https:\/\/roveyayinevi.com.tr\/index.php\/wp-json\/wp\/v2\/types\/product"}],"wp:attachment":[{"href":"https:\/\/roveyayinevi.com.tr\/index.php\/wp-json\/wp\/v2\/media?parent=746287"}],"wp:term":[{"taxonomy":"product_brand","embeddable":true,"href":"https:\/\/roveyayinevi.com.tr\/index.php\/wp-json\/wp\/v2\/product_brand?post=746287"},{"taxonomy":"product_cat","embeddable":true,"href":"https:\/\/roveyayinevi.com.tr\/index.php\/wp-json\/wp\/v2\/product_cat?post=746287"},{"taxonomy":"product_tag","embeddable":true,"href":"https:\/\/roveyayinevi.com.tr\/index.php\/wp-json\/wp\/v2\/product_tag?post=746287"}],"curies":[{"name":"wp","href":"https:\/\/api.w.org\/{rel}","templated":true}]}}