{"id":746286,"date":"2025-08-28T02:39:01","date_gmt":"2025-08-27T23:39:01","guid":{"rendered":"https:\/\/roveyayinevi.com.tr\/index.php\/urun\/cevre-enerji-ve-surdurulebilirlik\/"},"modified":"2026-02-03T03:11:57","modified_gmt":"2026-02-03T00:11:57","slug":"cevre-enerji-ve-surdurulebilirlik","status":"publish","type":"product","link":"https:\/\/roveyayinevi.com.tr\/index.php\/urun\/cevre-enerji-ve-surdurulebilirlik\/","title":{"rendered":"\u00c7evre, Enerji ve S\u00fcrd\u00fcr\u00fclebilirlik"},"content":{"rendered":"<p>\u00b7         \u00c7EVRE K\u0130RL\u0130L\u0130\u011e\u0130 VE KALKINMA \u0130L\u0130\u015eK\u0130S\u0130: AB \u00dcLKELER\u0130 \u0130\u00c7\u0130N EKONOMETR\u0130K B\u0130R ANAL\u0130Z \u00b7         BRICS-T \u00dcLKELER\u0130NDE YE\u015e\u0130L B\u00dcY\u00dcME VE BEBEK \u00d6L\u00dcM ORANLARI ARASINDAK\u0130 NEDENSEL \u0130L\u0130\u015eK\u0130LER \u00b7         GEL\u0130\u015eMEKTE OLAN \u00dcLKELER\u0130N KALKINMA S\u00dcREC\u0130NDE ULUSLARARASI \u00d6RG\u00dcTLER\u0130N ROL\u00dc: G\u00dcNDEM 2030 B\u0130RLE\u015eM\u0130\u015e M\u0130LLETLER S\u00dcRD\u00dcR\u00dcLEB\u0130L\u0130R KALKINMA HEDEFLER\u0130 (SKH) \u00b7         T\u00dcRK\u0130YE\u2019DE K\u00dcRESELLE\u015eMEN\u0130N \u00c7EVRESEL TAHR\u0130BAT \u00dcZER\u0130NDEK\u0130 ETK\u0130S\u0130 DO\u011eRUDAN YABANCI YATIRIMLARIN YEN\u0130LENEB\u0130L\u0130R ENERJ\u0130 \u00dcZER\u0130NE ETK\u0130LER\u0130: T\u00dcRK\u0130YE \u00d6RNE\u011e\u0130 \u00b7         ENERJ\u0130 F\u0130YATLARI T\u00dcRK\u0130YE\u2019DE \u0130\u015eS\u0130ZL\u0130\u011e\u0130 ARTIRIYOR MU? \u00b7         HAVAYOLU TA\u015eIMACILI\u011eININ CO2 EM\u0130SYONU \u00dcZER\u0130NDEK\u0130 AS\u0130METR\u0130K ETK\u0130S\u0130: SE\u00c7\u0130LM\u0130\u015e \u00dcLKELER \u00d6RNE\u011e\u0130 \u00b7         T\u00dcRK\u0130YE \u0130\u00c7\u0130N K\u0130RL\u0130L\u0130K SI\u011eINA\u011eI H\u0130POTEZ\u0130N\u0130N TEST ED\u0130LMES\u0130: HATEM\u0130-J (2008) \u0130K\u0130 YAPISAL KIRILMALI E\u015eB\u00dcT\u00dcNLE\u015eME TEST\u0130NDEN KANITLAR T\u00dcRK\u0130YE\u2019DE ELEKTR\u0130K T\u00dcKET\u0130M\u0130N\u0130N B\u00d6LGESEL D\u0130NAM\u0130KLER\u0130 \u00dcZER\u0130NE B\u0130R DE\u011eERLEND\u0130RME<\/p>\n","protected":false},"excerpt":{"rendered":"<p>\u00b7 \u00c7EVRE K\u0130RL\u0130L\u0130\u011e\u0130 VE KALKINMA \u0130L\u0130\u015eK\u0130S\u0130: AB \u00dcLKELER\u0130 \u0130\u00c7\u0130N EKONOMETR\u0130K B\u0130R ANAL\u0130Z \u00b7 BRICS-T \u00dcLKELER\u0130NDE YE\u015e\u0130L B\u00dcY\u00dcME VE BEBEK \u00d6L\u00dcM ORANLARI ARASINDAK\u0130 NEDENSEL \u0130L\u0130\u015eK\u0130LER \u00b7 GEL\u0130\u015eMEKTE<span class=\"excerpt-hellip\"> [\u2026]<\/span><\/p>\n","protected":false},"featured_media":0,"template":"","meta":{"_monsterinsights_skip_tracking":false,"_monsterinsights_sitenote_active":false,"_monsterinsights_sitenote_note":"","_monsterinsights_sitenote_category":0},"product_brand":[],"product_cat":[13043],"product_tag":[],"class_list":{"0":"post-746286","1":"product","2":"type-product","3":"status-publish","5":"product_cat-ekonomi","6":"pa_cilt-ciltsiz","7":"pa_tur-kitap","8":"pa_yayinevi-gazi-kitabevi","9":"pa_yazar-kolektif","11":"first","12":"instock","13":"sale","14":"shipping-taxable","15":"purchasable","16":"product-type-simple"},"_links":{"self":[{"href":"https:\/\/roveyayinevi.com.tr\/index.php\/wp-json\/wp\/v2\/product\/746286","targetHints":{"allow":["GET"]}}],"collection":[{"href":"https:\/\/roveyayinevi.com.tr\/index.php\/wp-json\/wp\/v2\/product"}],"about":[{"href":"https:\/\/roveyayinevi.com.tr\/index.php\/wp-json\/wp\/v2\/types\/product"}],"wp:attachment":[{"href":"https:\/\/roveyayinevi.com.tr\/index.php\/wp-json\/wp\/v2\/media?parent=746286"}],"wp:term":[{"taxonomy":"product_brand","embeddable":true,"href":"https:\/\/roveyayinevi.com.tr\/index.php\/wp-json\/wp\/v2\/product_brand?post=746286"},{"taxonomy":"product_cat","embeddable":true,"href":"https:\/\/roveyayinevi.com.tr\/index.php\/wp-json\/wp\/v2\/product_cat?post=746286"},{"taxonomy":"product_tag","embeddable":true,"href":"https:\/\/roveyayinevi.com.tr\/index.php\/wp-json\/wp\/v2\/product_tag?post=746286"}],"curies":[{"name":"wp","href":"https:\/\/api.w.org\/{rel}","templated":true}]}}