{"id":746285,"date":"2025-08-28T02:39:00","date_gmt":"2025-08-27T23:39:00","guid":{"rendered":"https:\/\/roveyayinevi.com.tr\/index.php\/urun\/duygusal-ozdeslesme-surecinde-reklamlarda-sembolik-tuketim-retorigi-kullanimi\/"},"modified":"2026-04-16T02:58:51","modified_gmt":"2026-04-15T23:58:51","slug":"duygusal-ozdeslesme-surecinde-reklamlarda-sembolik-tuketim-retorigi-kullanimi","status":"publish","type":"product","link":"https:\/\/roveyayinevi.com.tr\/index.php\/urun\/duygusal-ozdeslesme-surecinde-reklamlarda-sembolik-tuketim-retorigi-kullanimi\/","title":{"rendered":"Duygusal \u00d6zde\u015fle\u015fme S\u00fcrecinde Reklamlarda Sembolik T\u00fcketim Retori\u011fi Kullan\u0131m\u0131"},"content":{"rendered":"<p>1.      G\u0130R\u0130\u015e   2.      RETOR\u0130K B\u0130\u00c7\u0130M\u0130 OLARAK REKLAMCILIK VE REKLAM RETOR\u0130\u011e\u0130   3.      SEMBOL\u0130K T\u00dcKET\u0130M VE SEMBOL\u0130K T\u00dcKET\u0130M RETOR\u0130\u011e\u0130   4.      DUYGUSAL \u00d6ZDE\u015eLE\u015eME BA\u011eLAMINDA SEMBOL\u0130K T\u00dcKET\u0130M RETOR\u0130\u011e\u0130             KULLANIMI   5.      DUYGUSAL \u00d6ZDE\u015eLE\u015eME S\u00dcREC\u0130NDE SEMBOL\u0130K T\u00dcKET\u0130M RETOR\u0130\u011e\u0130             KULLANIMININ OTOMOB\u0130L REKLAMLARI \u00d6RNE\u011e\u0130NDE ANAL\u0130Z\u0130   6.      TARTI\u015eMA   7.      SONU\u00c7 VE \u00d6NER\u0130LER   <\/p>\n","protected":false},"excerpt":{"rendered":"<p>1. G\u0130R\u0130\u015e 2. RETOR\u0130K B\u0130\u00c7\u0130M\u0130 OLARAK REKLAMCILIK VE REKLAM RETOR\u0130\u011e\u0130 3. SEMBOL\u0130K T\u00dcKET\u0130M VE SEMBOL\u0130K T\u00dcKET\u0130M RETOR\u0130\u011e\u0130 4. DUYGUSAL \u00d6ZDE\u015eLE\u015eME BA\u011eLAMINDA SEMBOL\u0130K T\u00dcKET\u0130M RETOR\u0130\u011e\u0130 KULLANIMI 5.<span class=\"excerpt-hellip\"> [\u2026]<\/span><\/p>\n","protected":false},"featured_media":0,"template":"","meta":{"_monsterinsights_skip_tracking":false,"_monsterinsights_sitenote_active":false,"_monsterinsights_sitenote_note":"","_monsterinsights_sitenote_category":0},"product_brand":[],"product_cat":[12573,12566],"product_tag":[],"class_list":{"0":"post-746285","1":"product","2":"type-product","3":"status-publish","5":"product_cat-akademik-kitaplar","6":"product_cat-egitim","7":"pa_cilt-ciltsiz","8":"pa_tur-kitap","9":"pa_yayinevi-gazi-kitabevi","10":"pa_yazar-gulcan-uzun","12":"first","13":"instock","14":"sale","15":"shipping-taxable","16":"purchasable","17":"product-type-simple"},"_links":{"self":[{"href":"https:\/\/roveyayinevi.com.tr\/index.php\/wp-json\/wp\/v2\/product\/746285","targetHints":{"allow":["GET"]}}],"collection":[{"href":"https:\/\/roveyayinevi.com.tr\/index.php\/wp-json\/wp\/v2\/product"}],"about":[{"href":"https:\/\/roveyayinevi.com.tr\/index.php\/wp-json\/wp\/v2\/types\/product"}],"wp:attachment":[{"href":"https:\/\/roveyayinevi.com.tr\/index.php\/wp-json\/wp\/v2\/media?parent=746285"}],"wp:term":[{"taxonomy":"product_brand","embeddable":true,"href":"https:\/\/roveyayinevi.com.tr\/index.php\/wp-json\/wp\/v2\/product_brand?post=746285"},{"taxonomy":"product_cat","embeddable":true,"href":"https:\/\/roveyayinevi.com.tr\/index.php\/wp-json\/wp\/v2\/product_cat?post=746285"},{"taxonomy":"product_tag","embeddable":true,"href":"https:\/\/roveyayinevi.com.tr\/index.php\/wp-json\/wp\/v2\/product_tag?post=746285"}],"curies":[{"name":"wp","href":"https:\/\/api.w.org\/{rel}","templated":true}]}}