{"id":746284,"date":"2025-08-28T02:39:00","date_gmt":"2025-08-27T23:39:00","guid":{"rendered":"https:\/\/roveyayinevi.com.tr\/index.php\/urun\/is-ahlaki-2\/"},"modified":"2026-04-16T02:58:51","modified_gmt":"2026-04-15T23:58:51","slug":"is-ahlaki-2","status":"publish","type":"product","link":"https:\/\/roveyayinevi.com.tr\/index.php\/urun\/is-ahlaki-2\/","title":{"rendered":"\u0130\u015f Ahlak\u0131"},"content":{"rendered":"<p>B\u0130R\u0130NC\u0130 KISIM \u00b7         \u0130\u015e AHLAKININ KAVRAMSAL \u00c7ER\u00c7EVES\u0130 \u0130\u015e AHLAKINA GENEL BAKI\u015e \u00b7         ET\u0130K \u0130KL\u0130M \u00b7         K\u00dcRESELLE\u015eME, D\u0130J\u0130TALLE\u015eME, REKABET VE \u0130\u015e AHLAKI \u00b7         \u0130\u015e ET\u0130\u011e\u0130NE ELE\u015eT\u0130REL BAKI\u015e   \u0130K\u0130NC\u0130 KISIM \u00b7         \u0130\u015e AHLAKI \u0130LE \u0130LG\u0130L\u0130 KAVRAM VE UYGULAMALAR \u0130\u015e AHLAKI VE AH\u0130L\u0130K TE\u015eK\u0130LATI \u00b7         KURUMSAL SOSYAL SORUMLULUK VE \u0130\u015e AHLAKI \u00b7         \u0130F\u015eA ETME VE \u0130\u015e AHLAKI \u00b7         MOBB\u0130NG VE \u0130\u015e AHLAKI \u00b7         \u0130\u015e AHLAKI &#8211; KAVRAMSAL, SEKT\u00d6REL VE FONKS\u0130YONEL B\u0130R BAKI\u015e L\u0130DERL\u0130K YAKLA\u015eIMLARINDA \u0130\u015e ET\u0130\u011e\u0130N\u0130N \u0130Z\u0130N\u0130 S\u00dcRMEK \u00b7         SANAL KAYTARMA VE \u00c7ALI\u015eMA AHLAKI \u00b7         \u00c7EVRESEL S\u00dcRD\u00dcR\u00dcLEB\u0130L\u0130RL\u0130K VE \u0130\u015e AHLAKI \u00dc\u00c7\u00dcNC\u00dc KISIM \u00b7         \u0130\u015e AHLAKINA SEKT\u00d6REL VE FONKS\u0130YONEL BAKI\u015e SA\u011eLIK VE \u0130\u015e AHLAKI \u00b7         SPOR AHLAKI: TEOR\u0130K TEMELLER, PRAT\u0130K SONU\u00c7LAR \u00b7         \u0130NSAN KAYNAKLARI Y\u00d6NET\u0130M\u0130NDE \u0130\u015e AHLAKI \u00b7         IRK TUR\u0130ZMDE \u0130\u015e AHLAKI \u00b7         PAZARLAMA AHLAKI \u00b7         T\u00dcKET\u0130M VE T\u00dcKET\u0130C\u0130 AHLAKI   <\/p>\n","protected":false},"excerpt":{"rendered":"<p>B\u0130R\u0130NC\u0130 KISIM \u00b7 \u0130\u015e AHLAKININ KAVRAMSAL \u00c7ER\u00c7EVES\u0130 \u0130\u015e AHLAKINA GENEL BAKI\u015e \u00b7 ET\u0130K \u0130KL\u0130M \u00b7 K\u00dcRESELLE\u015eME, D\u0130J\u0130TALLE\u015eME, REKABET VE \u0130\u015e AHLAKI \u00b7 \u0130\u015e ET\u0130\u011e\u0130NE ELE\u015eT\u0130REL BAKI\u015e<span class=\"excerpt-hellip\"> [\u2026]<\/span><\/p>\n","protected":false},"featured_media":0,"template":"","meta":{"_monsterinsights_skip_tracking":false,"_monsterinsights_sitenote_active":false,"_monsterinsights_sitenote_note":"","_monsterinsights_sitenote_category":0},"product_brand":[],"product_cat":[13043],"product_tag":[],"class_list":{"0":"post-746284","1":"product","2":"type-product","3":"status-publish","5":"product_cat-ekonomi","6":"pa_cilt-ciltsiz","7":"pa_tur-kitap","8":"pa_yayinevi-gazi-kitabevi","9":"pa_yazar-kolektif","11":"first","12":"instock","13":"sale","14":"shipping-taxable","15":"purchasable","16":"product-type-simple"},"_links":{"self":[{"href":"https:\/\/roveyayinevi.com.tr\/index.php\/wp-json\/wp\/v2\/product\/746284","targetHints":{"allow":["GET"]}}],"collection":[{"href":"https:\/\/roveyayinevi.com.tr\/index.php\/wp-json\/wp\/v2\/product"}],"about":[{"href":"https:\/\/roveyayinevi.com.tr\/index.php\/wp-json\/wp\/v2\/types\/product"}],"wp:attachment":[{"href":"https:\/\/roveyayinevi.com.tr\/index.php\/wp-json\/wp\/v2\/media?parent=746284"}],"wp:term":[{"taxonomy":"product_brand","embeddable":true,"href":"https:\/\/roveyayinevi.com.tr\/index.php\/wp-json\/wp\/v2\/product_brand?post=746284"},{"taxonomy":"product_cat","embeddable":true,"href":"https:\/\/roveyayinevi.com.tr\/index.php\/wp-json\/wp\/v2\/product_cat?post=746284"},{"taxonomy":"product_tag","embeddable":true,"href":"https:\/\/roveyayinevi.com.tr\/index.php\/wp-json\/wp\/v2\/product_tag?post=746284"}],"curies":[{"name":"wp","href":"https:\/\/api.w.org\/{rel}","templated":true}]}}