{"id":746283,"date":"2025-08-28T02:38:58","date_gmt":"2025-08-27T23:38:58","guid":{"rendered":"https:\/\/roveyayinevi.com.tr\/index.php\/urun\/mutevazi-bir-oneri\/"},"modified":"2026-04-16T02:58:51","modified_gmt":"2026-04-15T23:58:51","slug":"mutevazi-bir-oneri","status":"publish","type":"product","link":"https:\/\/roveyayinevi.com.tr\/index.php\/urun\/mutevazi-bir-oneri\/","title":{"rendered":"M\u00fctevaz\u0131 Bir \u00d6neri"},"content":{"rendered":"<p>Salg\u0131n hastal\u0131klar ve sefaletle k\u0131r\u0131lan, gadre u\u011fram\u0131\u015f bir halk&#8230; A\u00e7l\u0131ktan karn\u0131na kramplar girse de teskin edici vaatlere tok bu y\u0131\u011f\u0131nlar tam da kaderine ve s\u00f6m\u00fcr\u00fcye boyun e\u011fmi\u015fken bir hiciv \u00fcstad\u0131ndan parlak bir \u00f6neri geliverir.Gulliver&#8217;in Gezileri&#8217;nin yazar\u0131 belagat ustas\u0131 Jonathan Swift&#8217;ten &#8220;leziz&#8221; bir satir.<\/p>\n","protected":false},"excerpt":{"rendered":"<p>Salg\u0131n hastal\u0131klar ve sefaletle k\u0131r\u0131lan, gadre u\u011fram\u0131\u015f bir halk&#8230; A\u00e7l\u0131ktan karn\u0131na kramplar girse de teskin edici vaatlere tok bu y\u0131\u011f\u0131nlar tam da kaderine ve s\u00f6m\u00fcr\u00fcye boyun<span class=\"excerpt-hellip\"> [\u2026]<\/span><\/p>\n","protected":false},"featured_media":0,"template":"","meta":{"_monsterinsights_skip_tracking":false,"_monsterinsights_sitenote_active":false,"_monsterinsights_sitenote_note":"","_monsterinsights_sitenote_category":0},"product_brand":[],"product_cat":[12777,12291],"product_tag":[],"class_list":{"0":"post-746283","1":"product","2":"type-product","3":"status-publish","5":"product_cat-deneme","6":"product_cat-edebiyat","7":"pa_cilt-ciltsiz","8":"pa_tur-kitap","9":"pa_yayinevi-sel-yayincilik","10":"pa_yazar-jonathan-swift","12":"first","13":"instock","14":"sale","15":"shipping-taxable","16":"purchasable","17":"product-type-simple"},"_links":{"self":[{"href":"https:\/\/roveyayinevi.com.tr\/index.php\/wp-json\/wp\/v2\/product\/746283","targetHints":{"allow":["GET"]}}],"collection":[{"href":"https:\/\/roveyayinevi.com.tr\/index.php\/wp-json\/wp\/v2\/product"}],"about":[{"href":"https:\/\/roveyayinevi.com.tr\/index.php\/wp-json\/wp\/v2\/types\/product"}],"wp:attachment":[{"href":"https:\/\/roveyayinevi.com.tr\/index.php\/wp-json\/wp\/v2\/media?parent=746283"}],"wp:term":[{"taxonomy":"product_brand","embeddable":true,"href":"https:\/\/roveyayinevi.com.tr\/index.php\/wp-json\/wp\/v2\/product_brand?post=746283"},{"taxonomy":"product_cat","embeddable":true,"href":"https:\/\/roveyayinevi.com.tr\/index.php\/wp-json\/wp\/v2\/product_cat?post=746283"},{"taxonomy":"product_tag","embeddable":true,"href":"https:\/\/roveyayinevi.com.tr\/index.php\/wp-json\/wp\/v2\/product_tag?post=746283"}],"curies":[{"name":"wp","href":"https:\/\/api.w.org\/{rel}","templated":true}]}}