{"id":746279,"date":"2025-08-28T02:38:54","date_gmt":"2025-08-27T23:38:54","guid":{"rendered":"https:\/\/roveyayinevi.com.tr\/index.php\/urun\/iki-ayri-sevdali\/"},"modified":"2026-04-16T02:58:51","modified_gmt":"2026-04-15T23:58:51","slug":"iki-ayri-sevdali","status":"publish","type":"product","link":"https:\/\/roveyayinevi.com.tr\/index.php\/urun\/iki-ayri-sevdali\/","title":{"rendered":"\u0130ki Ayr\u0131 Sevdal\u0131"},"content":{"rendered":"<p>Biz iki ayr\u0131 gemi \u0130ki ayr\u0131 sevdali Sen yan\u0131mda bi dur F\u0131rt\u0131na ninni olur Biz iki ayr\u0131 gemi D\u00f6nmeyiz art\u0131k geri Dinle sevdi\u011fim dinle Senin sevgin i\u00e7imde Dinle sevdi\u011fim dinle Kalbim atar her gece Karadeniz g\u00f6t\u00fcrme Al\u0131p a\u015fk\u0131 s\u00fcp\u00fcrme B\u0131rak kals\u0131n i\u00e7imde Elden ele gezdirme Benim kalbimin Tatl\u0131 g\u00fcl\u00fcs\u00fcn Yakar i\u00e7imi  Tatl\u0131 g\u00fcl\u00fc\u015f\u00fcn  G\u00fczel de neymi\u015f  Senin yan\u0131nda  Mecnun a\u011flas\u0131n Senin kap\u0131nda \u015eirin ta\u00e7 yaps\u0131n Koysun aln\u0131na A\u00e7sam y\u00fcre\u011fimi 300 tane Can var Tutamam i\u00e7imde Y\u00fcre\u011fim hep kanar<\/p>\n","protected":false},"excerpt":{"rendered":"<p>Biz iki ayr\u0131 gemi \u0130ki ayr\u0131 sevdali Sen yan\u0131mda bi dur F\u0131rt\u0131na ninni olur Biz iki ayr\u0131 gemi D\u00f6nmeyiz art\u0131k geri Dinle sevdi\u011fim dinle Senin sevgin<span class=\"excerpt-hellip\"> [\u2026]<\/span><\/p>\n","protected":false},"featured_media":0,"template":"","meta":{"_monsterinsights_skip_tracking":false,"_monsterinsights_sitenote_active":false,"_monsterinsights_sitenote_note":"","_monsterinsights_sitenote_category":0},"product_brand":[],"product_cat":[12291,12509],"product_tag":[],"class_list":{"0":"post-746279","1":"product","2":"type-product","3":"status-publish","5":"product_cat-edebiyat","6":"product_cat-siir","7":"pa_cilt-ciltsiz","8":"pa_tur-kitap","9":"pa_yayinevi-kirmizi-ada-yayinlari","10":"pa_yazar-mehmet-gokdogan","12":"first","13":"instock","14":"sale","15":"shipping-taxable","16":"purchasable","17":"product-type-simple"},"_links":{"self":[{"href":"https:\/\/roveyayinevi.com.tr\/index.php\/wp-json\/wp\/v2\/product\/746279","targetHints":{"allow":["GET"]}}],"collection":[{"href":"https:\/\/roveyayinevi.com.tr\/index.php\/wp-json\/wp\/v2\/product"}],"about":[{"href":"https:\/\/roveyayinevi.com.tr\/index.php\/wp-json\/wp\/v2\/types\/product"}],"wp:attachment":[{"href":"https:\/\/roveyayinevi.com.tr\/index.php\/wp-json\/wp\/v2\/media?parent=746279"}],"wp:term":[{"taxonomy":"product_brand","embeddable":true,"href":"https:\/\/roveyayinevi.com.tr\/index.php\/wp-json\/wp\/v2\/product_brand?post=746279"},{"taxonomy":"product_cat","embeddable":true,"href":"https:\/\/roveyayinevi.com.tr\/index.php\/wp-json\/wp\/v2\/product_cat?post=746279"},{"taxonomy":"product_tag","embeddable":true,"href":"https:\/\/roveyayinevi.com.tr\/index.php\/wp-json\/wp\/v2\/product_tag?post=746279"}],"curies":[{"name":"wp","href":"https:\/\/api.w.org\/{rel}","templated":true}]}}