{"id":746278,"date":"2025-08-28T02:38:53","date_gmt":"2025-08-27T23:38:53","guid":{"rendered":"https:\/\/roveyayinevi.com.tr\/index.php\/urun\/rus-esaretinden-bagimsiz-devlete-azerbaycan-ulusculugu-ve-ulus-devlet-insasi\/"},"modified":"2026-04-16T02:58:51","modified_gmt":"2026-04-15T23:58:51","slug":"rus-esaretinden-bagimsiz-devlete-azerbaycan-ulusculugu-ve-ulus-devlet-insasi","status":"publish","type":"product","link":"https:\/\/roveyayinevi.com.tr\/index.php\/urun\/rus-esaretinden-bagimsiz-devlete-azerbaycan-ulusculugu-ve-ulus-devlet-insasi\/","title":{"rendered":"Rus Esaretinden Ba\u011f\u0131ms\u0131z Devlete Azerbaycan Ulus\u00e7ulu\u011fu ve Ulus Devlet \u0130n\u015fas\u0131"},"content":{"rendered":"<p>Azerbaycan Halk Cumhuriyeti\u2019nin sembolleri ve yaratt\u0131\u011f\u0131 d\u00fc\u015f\u00fcnce sistemi; Azerbaycan halk\u0131 taraf\u0131ndan kutsal bir emanet olarak, kimi zaman mitlerle bezenerek, kimi zaman do\u011fumu kutlanarak ya da yas\u0131 tutularak, kolektif haf\u0131zaya bir hat\u0131rlatma fig\u00fcr\u00fc olarak yerle\u015fmi\u015ftir. AHC\u2019yi \u00f6ld\u00fcrenler veya onu \u00f6teki g\u00f6renler bizzat AHC\u2019nin kolektif haf\u0131zada ya\u015famas\u0131n\u0131n da nedeni olmu\u015flard\u0131r. Kimlik in\u015fas\u0131nda Hegelyen anlay\u0131\u015f ile Herderyen anlay\u0131\u015f\u0131n birlikte ortaya \u00e7\u0131kmas\u0131 ulus in\u015fas\u0131nda var olan \u00e7at\u0131\u015fmay\u0131 derinle\u015ftirmi\u015ftir. Bu s\u00fcrecin uzun s\u00fcrmesi, kimlik in\u015fas\u0131nda ruh, hayalet ve hortlak kavramlar\u0131n\u0131n canl\u0131 kalmas\u0131n\u0131 sa\u011flam\u0131\u015ft\u0131r. AzSSC\u2019ye g\u00f6re hortlak olan AHC, Cephecilere g\u00f6re 28 May\u0131s Ruhu, Neo-Azerbaycanc\u0131lara g\u00f6re ise bir hayalet olarak ya\u015fam\u0131\u015ft\u0131r.Bu s\u00fcreci \u00fc\u00e7 d\u00f6nemde de\u011ferlendirecek olursak; AHC\u2019nin defnedilmesi yerine ya\u015fat\u0131lmas\u0131 in\u015fa s\u00fcre\u00e7lerine uygun olarak \u00f6tekinin varl\u0131\u011f\u0131na olan ihtiyac\u0131n giderilmesi a\u00e7\u0131s\u0131ndan her \u00fc\u00e7 d\u00f6nemde de uygun g\u00f6r\u00fclm\u00fc\u015ft\u00fcr. Ulus in\u015fas\u0131nda toplum taraf\u0131ndan kabul g\u00f6ren AHC\u2019nin sembollerini ve kavramlar\u0131n\u0131 reddetmek yerine onun i\u00e7ini ba\u015fka bir \u015fey ile doldurarak var olan ger\u00e7ek ile hat\u0131rlanan ger\u00e7ek aras\u0131nda, hortla\u011f\u0131\/ruhu\/hayaleti kullanarak ba\u011f kurmak, Sovyetik\/T\u00fcrk\u00e7\u00fc\/Yeni Azerbaycanc\u0131l\u0131k\u2019\u0131n in\u015fa metodu olmu\u015ftur. Kafkas\u0131n Z\u00fcmr\u00fcd-\u00fc Anka\u2019s\u0131 bir kez daha k\u00fcllerinden do\u011fuyor..<\/p>\n","protected":false},"excerpt":{"rendered":"<p>Azerbaycan Halk Cumhuriyeti\u2019nin sembolleri ve yaratt\u0131\u011f\u0131 d\u00fc\u015f\u00fcnce sistemi; Azerbaycan halk\u0131 taraf\u0131ndan kutsal bir emanet olarak, kimi zaman mitlerle bezenerek, kimi zaman do\u011fumu kutlanarak ya da yas\u0131<span class=\"excerpt-hellip\"> [\u2026]<\/span><\/p>\n","protected":false},"featured_media":0,"template":"","meta":{"_monsterinsights_skip_tracking":false,"_monsterinsights_sitenote_active":false,"_monsterinsights_sitenote_note":"","_monsterinsights_sitenote_category":0},"product_brand":[],"product_cat":[13590,12337],"product_tag":[],"class_list":{"0":"post-746278","1":"product","2":"type-product","3":"status-publish","5":"product_cat-arastirma-inceleme-politika-siyaset","6":"product_cat-politika-siyaset","7":"pa_cilt-ciltsiz","8":"pa_tur-kitap","9":"pa_yayinevi-kirmizi-ada-yayinlari","10":"pa_yazar-mehmet-giyas-azeriturk","12":"first","13":"instock","14":"sale","15":"shipping-taxable","16":"purchasable","17":"product-type-simple"},"_links":{"self":[{"href":"https:\/\/roveyayinevi.com.tr\/index.php\/wp-json\/wp\/v2\/product\/746278","targetHints":{"allow":["GET"]}}],"collection":[{"href":"https:\/\/roveyayinevi.com.tr\/index.php\/wp-json\/wp\/v2\/product"}],"about":[{"href":"https:\/\/roveyayinevi.com.tr\/index.php\/wp-json\/wp\/v2\/types\/product"}],"wp:attachment":[{"href":"https:\/\/roveyayinevi.com.tr\/index.php\/wp-json\/wp\/v2\/media?parent=746278"}],"wp:term":[{"taxonomy":"product_brand","embeddable":true,"href":"https:\/\/roveyayinevi.com.tr\/index.php\/wp-json\/wp\/v2\/product_brand?post=746278"},{"taxonomy":"product_cat","embeddable":true,"href":"https:\/\/roveyayinevi.com.tr\/index.php\/wp-json\/wp\/v2\/product_cat?post=746278"},{"taxonomy":"product_tag","embeddable":true,"href":"https:\/\/roveyayinevi.com.tr\/index.php\/wp-json\/wp\/v2\/product_tag?post=746278"}],"curies":[{"name":"wp","href":"https:\/\/api.w.org\/{rel}","templated":true}]}}