{"id":746273,"date":"2025-08-28T02:38:47","date_gmt":"2025-08-27T23:38:47","guid":{"rendered":"https:\/\/roveyayinevi.com.tr\/index.php\/urun\/harry-potter-fantastik-canavaralr-rehberi-ciltli\/"},"modified":"2026-04-16T02:58:50","modified_gmt":"2026-04-15T23:58:50","slug":"harry-potter-fantastik-canavaralr-rehberi-ciltli","status":"publish","type":"product","link":"https:\/\/roveyayinevi.com.tr\/index.php\/urun\/harry-potter-fantastik-canavaralr-rehberi-ciltli\/","title":{"rendered":"Harry Potter Fantastik Canavaralr Rehberi (Ciltli)"},"content":{"rendered":"<p>S\u0130H\u0130RL\u0130 B\u0130R SAFAR\u0130YE ATILIN   150\u2019den fazla canavar, varl\u0131k ve ikisinin aras\u0131ndaki her \u015feyden olu\u015fan sars\u0131c\u0131 bir \u00e7e\u015fit yelpazesine sahip Unofficial Harry Potter Fantastik Canavarlar Rehberi, Harry Potter serisinin yan\u0131 s\u0131ra Fantastik Canavarlar filmleri de d\u00e2hil olmak \u00fczere b\u00fcy\u00fcc\u00fc d\u00fcnyas\u0131 evreninden bilinen her yarat\u0131\u011f\u0131 sunar. Bilgi\u00e7 M\u0131nc\u0131klar, yard\u0131msever ev cinleri, bayku\u015f serpintisi, Akromantula, Kabuluklar ve di\u011fer sihirli yarat\u0131klarla dopdolu olan bu ba\u015fl\u0131k, her yarat\u0131\u011f\u0131n b\u00fcy\u00fckl\u00fc\u011f\u00fc, rengi ve al\u0131\u015fkanl\u0131klar\u0131, buna ek olarak Harry\u2019nin ve Newt Scamander\u2019\u0131n hik\u00e2yelerinde nerede rastlad\u0131\u011f\u0131m\u0131z da d\u00e2hil olmak \u00fczere benzersiz \u00f6zelliklerini vurguluyor ve bir sonraki dolunaya kadar hayranlar\u0131n\u0131 me\u015fgul etmeyi garanti eden b\u00fcy\u00fcc\u00fcl\u00fck d\u00fcnyas\u0131 ilmiyle ilgili sihirli bilgiler i\u00e7eriyor.     \u0130\u00c7\u0130NDE   PATRONUS B\u00dcY\u00dcLER\u0130 VE \u00c7E\u015e\u0130TL\u0130 B\u0130\u00c7\u0130MLER\u0130   B\u0130L\u0130NEN VE TESC\u0130L ED\u0130LMEM\u0130\u015e AN\u0130MAG\u0130   S\u0130H\u0130RL\u0130 HAYVAN \u015eEKERLEMELER\u0130 REHBER\u0130   VE DAHA FAZLASI VAR ! MUGGLENET HAKKINDA   J.K. Rowling\u2019in bizzat kendisi taraf\u0131ndan \u201cAziz MuggleNet\u201d olarak adland\u0131r\u0131lan site, 1999\u2019dan beri b\u00fcy\u00fcc\u00fcl\u00fck d\u00fcnyas\u0131n\u0131n 1 numaral\u0131 kayna\u011f\u0131d\u0131r. Her ay b\u00fct\u00fcn kanallardan 100 milyondan fazla okuyucu bu siteye ula\u015fmaya devam etmektedir. \u201cB\u00fcy\u00fckbabam\u0131n ba\u015fyap\u0131t\u0131n\u0131 Uzatma T\u0131ls\u0131m\u0131ndan daha iyi geni\u015fletiyor.\u201d -Gelecek Postas\u0131 i\u00e7in \u00e7al\u0131\u015fan belli bir B\u00fcy\u00fczolog Ba\u015fdan\u0131\u015fman\u0131   \u201c\u00c7ok iyi ara\u015ft\u0131r\u0131lm\u0131\u015f, g\u00f6z\u00fcn\u00fczden ya\u015f getirecek bir kitap.\u201d -g\u00f6rm\u00fc\u015f ge\u00e7irmi\u015f bir Sihirli Yarat\u0131klar\u0131n Bak\u0131m\u0131 profes\u00f6r\u00fc <\/p>\n","protected":false},"excerpt":{"rendered":"<p>S\u0130H\u0130RL\u0130 B\u0130R SAFAR\u0130YE ATILIN 150\u2019den fazla canavar, varl\u0131k ve ikisinin aras\u0131ndaki her \u015feyden olu\u015fan sars\u0131c\u0131 bir \u00e7e\u015fit yelpazesine sahip Unofficial Harry Potter Fantastik Canavarlar Rehberi, Harry<span class=\"excerpt-hellip\"> [\u2026]<\/span><\/p>\n","protected":false},"featured_media":0,"template":"","meta":{"_monsterinsights_skip_tracking":false,"_monsterinsights_sitenote_active":false,"_monsterinsights_sitenote_note":"","_monsterinsights_sitenote_category":0},"product_brand":[],"product_cat":[12291,14777],"product_tag":[],"class_list":{"0":"post-746273","1":"product","2":"type-product","3":"status-publish","5":"product_cat-edebiyat","6":"product_cat-fantastik","7":"pa_cilt-ciltli","8":"pa_tur-kitap","9":"pa_yayinevi-marti-yayinlari","10":"pa_yazar-kolektif","12":"first","13":"instock","14":"sale","15":"shipping-taxable","16":"purchasable","17":"product-type-simple"},"_links":{"self":[{"href":"https:\/\/roveyayinevi.com.tr\/index.php\/wp-json\/wp\/v2\/product\/746273","targetHints":{"allow":["GET"]}}],"collection":[{"href":"https:\/\/roveyayinevi.com.tr\/index.php\/wp-json\/wp\/v2\/product"}],"about":[{"href":"https:\/\/roveyayinevi.com.tr\/index.php\/wp-json\/wp\/v2\/types\/product"}],"wp:attachment":[{"href":"https:\/\/roveyayinevi.com.tr\/index.php\/wp-json\/wp\/v2\/media?parent=746273"}],"wp:term":[{"taxonomy":"product_brand","embeddable":true,"href":"https:\/\/roveyayinevi.com.tr\/index.php\/wp-json\/wp\/v2\/product_brand?post=746273"},{"taxonomy":"product_cat","embeddable":true,"href":"https:\/\/roveyayinevi.com.tr\/index.php\/wp-json\/wp\/v2\/product_cat?post=746273"},{"taxonomy":"product_tag","embeddable":true,"href":"https:\/\/roveyayinevi.com.tr\/index.php\/wp-json\/wp\/v2\/product_tag?post=746273"}],"curies":[{"name":"wp","href":"https:\/\/api.w.org\/{rel}","templated":true}]}}