{"id":746272,"date":"2025-08-28T02:38:46","date_gmt":"2025-08-27T23:38:46","guid":{"rendered":"https:\/\/roveyayinevi.com.tr\/index.php\/urun\/kadinlar-venuse-erkekler-marsa\/"},"modified":"2026-04-16T02:58:50","modified_gmt":"2026-04-15T23:58:50","slug":"kadinlar-venuse-erkekler-marsa","status":"publish","type":"product","link":"https:\/\/roveyayinevi.com.tr\/index.php\/urun\/kadinlar-venuse-erkekler-marsa\/","title":{"rendered":"Kad\u0131nlar Ven\u00fcs&#8217;e Erkekler Mars&#8217;a"},"content":{"rendered":"<p>VEN\u00dcS VE MARS KAVU\u015eUMU\u2026 Uzun vadeli yak\u0131n ili\u015fkilerde, sevdiklerimizin \u00e7o\u011fu zaman en iyi arkada\u015f ve erotik ortak olmas\u0131n\u0131 bekleriz. Ancak sa\u011fl\u0131kl\u0131 ve mutlu bir cinsel ya\u015fam \u201ceril enerji olan MARS ile di\u015fil enerji olan VEN\u00dcS\u2019\u00fcn kavu\u015fma ihtiyac\u0131\u201d, \u201cg\u00fcvenlik ve g\u00fcvenli ba\u011flanma\u201d, \u201cteslimiyet ve fethetme\u201d, \u201cerotik ve romantik sohbet etme\u201d, \u201cyenilik ve s\u00fcrpriz\u201d, \u201cula\u015f\u0131lmazl\u0131k\u201d, \u201cgizem\u201d ve \u201cyasa\u011f\u0131 delme ihtiyac\u0131\u201d gibi \u00e7eli\u015fkili ihtiya\u00e7lar\u0131 beraberinde getirir. Sevgi ve g\u00fcvenlik, \u201cbedensel, tinsel ve duygusal yak\u0131nl\u0131\u011fa\u201d ihtiya\u00e7 duyarken, \u015fehvet (tutku), cinsel istek ve cinsel arzular da \u201cerotizme\u201d, MARS ve VEN\u00dcS enerjilerinin kavu\u015fmas\u0131na ihtiya\u00e7 duyar. Psikoterapist &amp; Yazar &amp; E\u011fitmen Dr. Cem KE\u00c7E www.cemkece.com.tr   MUTLULU\u011eUN S\u0130H\u0130RL\u0130 ANAHTARI: \u201cVEN\u00dcS VE MARS DENGELENMES\u0130\u201d VEN\u00dcS, \u201cdi\u015fil \u00f6z\u201dd\u00fcr, \u201cdi\u015fi enerji\u201ddir, \u201canima\u201dd\u0131r, \u201cshakti\u201ddir, \u201cgece ve ay\u201dd\u0131r. VEN\u00dcS\u2019te \u201csevgi ve \u0131\u015f\u0131k\u201d a\u011f\u0131r basar. VEN\u00dcS, sevginin aray\u0131\u015f\u0131d\u0131r ve teslimiyet\u2019tir. \u201cOlgun VEN\u00dcS\u201d, sevgiyi aramak yerine sevgiyi ya\u015famay\u0131 \u00f6\u011frenmi\u015ftir. VEN\u00dcS\u2019\u00fcn egemen oldu\u011fu kad\u0131n\u0131n do\u011fas\u0131nda doluluk ve sevginin ak\u0131\u015f\u0131 vard\u0131r. VEN\u00dcS, \u201c\u0131\u015f\u0131ldamak ve fark edilmek\u201d ister, \u201csevgi al\u0131\u015fveri\u015fi yapmak ve ili\u015fki kurmak\u201d i\u00e7in ya\u015far. Sevgi \u0131\u015f\u0131\u011f\u0131n yans\u0131mas\u0131d\u0131r, her \u015feyi, her \u015feyin do\u011fas\u0131n\u0131, varolu\u015fun temel \u0131\u015f\u0131\u011f\u0131n\u0131 hissetmektir, VEN\u00dcS\u2019\u00fcn ger\u00e7ek varl\u0131\u011f\u0131d\u0131r. VEN\u00dcS, sevginin yo\u011funlu\u011fu ile olgunla\u015f\u0131r. MARS, \u201ceril \u00f6z\u201dd\u00fcr, \u201ceril enerji\u201ddir, \u201canimus\u201dtur, \u201cyang\u201dt\u0131r, \u201cshiva\u201dd\u0131r, \u201cg\u00fcnd\u00fcz ve g\u00fcne\u015f\u201dtir. MARS\u2019ta \u201c\u00f6zg\u00fcrl\u00fck ve bilin\u00e7\u201d a\u011f\u0131r basar. Erke\u011fin do\u011fas\u0131nda mutlak \u00f6zg\u00fcrl\u00fck, korku ve stresten ar\u0131nm\u0131\u015f, s\u0131n\u0131rs\u0131z saf \u201cbilin\u00e7\u201d vard\u0131r. MARS\u2019\u0131 egemen olan bir erke\u011fin do\u011fas\u0131nda \u201cserbestle\u015fme\u201d ve \u201c\u00f6zg\u00fcrl\u00fc\u011fe odaklanma\u201d vard\u0131r, kim oldu\u011funu ve ne yapmas\u0131 gerekti\u011fini bilir. MARS, \u00f6zg\u00fcrl\u00fck i\u00e7in sava\u015f\u0131r, yarat\u0131c\u0131d\u0131r, ba\u015far\u0131 pe\u015finde ko\u015far. \u201cOlgun MARS\u201d, \u00f6zg\u00fcrl\u00fck i\u00e7in sava\u015fmak yerine \u00f6zg\u00fcrl\u00fc\u011f\u00fc ya\u015famay\u0131 \u00f6\u011frenmi\u015ftir. Bu nedenle erkek bo\u015flu\u011fun \u00f6zg\u00fcrl\u00fc\u011f\u00fc ile olgunla\u015f\u0131r. VEN\u00dcS ve MARS\u2019\u0131n dengelenmesi kavram\u0131n\u0131 esas alan, IICPI T\u00fcrkiye E\u015fba\u015fkan\u0131 Psikoterapist Dr. Cem Ke\u00e7e\u2019nin onlarca y\u0131l\u0131 a\u015fk\u0131n s\u00fcrede elde etti\u011fi klinik g\u00f6zlemlerini ve bilgi birikimini psikoterapi kuramlar\u0131n\u0131n s\u00fczgecinden ge\u00e7irerek bir k\u0131lavuza d\u00f6n\u00fc\u015ft\u00fcrd\u00fc\u011f\u00fc, kar\u015f\u0131 cinsi anlamaya y\u00f6nelik bu kitap, okurlara kad\u0131n-erkek ili\u015fkilerinde ve cinsel ya\u015famda mutlulu\u011fun sihirli anahtar\u0131n\u0131 arma\u011fan ediyor. Uluslararas\u0131 Entegratif Kognitif Psikoterapi Enstit\u00fcs\u00fc (IICPI) www.iicpi.org KADINLARIN VE ERKEKLER\u0130N B\u00dcT\u00dcNLE\u015eT\u0130R\u0130C\u0130 FARKLARI\u2026 Kad\u0131nlar ve erkekler, biyolojik, fizyolojik, psikolojik ve cinsel olarak birbirlerinden farkl\u0131d\u0131rlar; adeta iki ayr\u0131 gezegenden gelmi\u015f gibidirler. Kad\u0131nlar\u0131n VEN\u00dcS\u2019ten, erkeklerin MARS\u2019tan geldi\u011fi metaforuyla vurgulanan bu fark ayr\u0131\u015ft\u0131r\u0131c\u0131 de\u011fil, b\u00fct\u00fcnle\u015ftiricidir; so\u011futucu de\u011fil, tahrik edicidir. Kad\u0131n ve erkek birbirini farkl\u0131l\u0131klar\u0131yla tamamlar, bir b\u00fct\u00fcn olur ve bu b\u00fct\u00fcnle\u015fmeyi cinsellik sa\u011flar. Bu nedenle de sa\u011fl\u0131kl\u0131 cinsellik ya\u015fam\u0131n ayr\u0131lmaz bir par\u00e7as\u0131d\u0131r. Bu kitapta, kad\u0131n ve erke\u011fin birbirlerinin farkl\u0131l\u0131klar\u0131n\u0131 anlay\u0131p kabul ve takdir ederek b\u00fct\u00fcnl\u00fc\u011fe kavu\u015fmalar\u0131n\u0131n ve cinselli\u011fi hayat\u0131n de\u011ferli bir gizemi olarak ya\u015famalar\u0131n\u0131 sa\u011flayacak yollar\u0131 bulacaks\u0131n\u0131z. Uzun s\u00fcreli mutlu ili\u015fkiler ve tutkulu bir cinsel ya\u015fam i\u00e7in kad\u0131nlar\u0131n ve erkeklerin birbirlerinden farkl\u0131 \u00f6zelliklerini ve ihtiya\u00e7lar\u0131n\u0131 anlamalar\u0131na ve buna g\u00f6re davranmalar\u0131na rehberlik edecek bu kitap, her \u00e7iftin vazge\u00e7ilmez ba\u015fucu kitab\u0131 olacak\u2026 Cinsel Sa\u011fl\u0131k Dernekleri Federasyonu (C\u0130SEF) www.cisef.org.tr <\/p>\n","protected":false},"excerpt":{"rendered":"<p>VEN\u00dcS VE MARS KAVU\u015eUMU\u2026 Uzun vadeli yak\u0131n ili\u015fkilerde, sevdiklerimizin \u00e7o\u011fu zaman en iyi arkada\u015f ve erotik ortak olmas\u0131n\u0131 bekleriz. Ancak sa\u011fl\u0131kl\u0131 ve mutlu bir cinsel ya\u015fam<span class=\"excerpt-hellip\"> [\u2026]<\/span><\/p>\n","protected":false},"featured_media":0,"template":"","meta":{"_monsterinsights_skip_tracking":false,"_monsterinsights_sitenote_active":false,"_monsterinsights_sitenote_note":"","_monsterinsights_sitenote_category":0},"product_brand":[],"product_cat":[17502,13488],"product_tag":[],"class_list":{"0":"post-746272","1":"product","2":"type-product","3":"status-publish","5":"product_cat-cinsellik","6":"product_cat-toplum-ve-insan","7":"pa_cilt-ciltsiz","8":"pa_tur-kitap","9":"pa_yayinevi-pusula-yayinevi-ankara","10":"pa_yazar-cem-kece-fatma-cosar-mustafa-cay","12":"first","13":"instock","14":"sale","15":"shipping-taxable","16":"purchasable","17":"product-type-simple"},"_links":{"self":[{"href":"https:\/\/roveyayinevi.com.tr\/index.php\/wp-json\/wp\/v2\/product\/746272","targetHints":{"allow":["GET"]}}],"collection":[{"href":"https:\/\/roveyayinevi.com.tr\/index.php\/wp-json\/wp\/v2\/product"}],"about":[{"href":"https:\/\/roveyayinevi.com.tr\/index.php\/wp-json\/wp\/v2\/types\/product"}],"wp:attachment":[{"href":"https:\/\/roveyayinevi.com.tr\/index.php\/wp-json\/wp\/v2\/media?parent=746272"}],"wp:term":[{"taxonomy":"product_brand","embeddable":true,"href":"https:\/\/roveyayinevi.com.tr\/index.php\/wp-json\/wp\/v2\/product_brand?post=746272"},{"taxonomy":"product_cat","embeddable":true,"href":"https:\/\/roveyayinevi.com.tr\/index.php\/wp-json\/wp\/v2\/product_cat?post=746272"},{"taxonomy":"product_tag","embeddable":true,"href":"https:\/\/roveyayinevi.com.tr\/index.php\/wp-json\/wp\/v2\/product_tag?post=746272"}],"curies":[{"name":"wp","href":"https:\/\/api.w.org\/{rel}","templated":true}]}}