{"id":746268,"date":"2025-08-28T02:38:41","date_gmt":"2025-08-27T23:38:41","guid":{"rendered":"https:\/\/roveyayinevi.com.tr\/index.php\/urun\/sabri-ulker-hayat-hikayesi\/"},"modified":"2026-04-16T02:58:50","modified_gmt":"2026-04-15T23:58:50","slug":"sabri-ulker-hayat-hikayesi","status":"publish","type":"product","link":"https:\/\/roveyayinevi.com.tr\/index.php\/urun\/sabri-ulker-hayat-hikayesi\/","title":{"rendered":"Sabri \u00dclker Hayat Hikayesi"},"content":{"rendered":"<p>SABR\u0130 \u00dcLKER\u2019\u0130N BA\u015eARILARLA DOLU HAYATININ ANLATILDI\u011eI \u201cSABR\u0130 \u00dcLKER HAYAT H\u0130K\u00c2YES\u0130\u201d, GEN\u00c7LER \u0130\u00c7\u0130N SADELE\u015eT\u0130R\u0130LM\u0130\u015e BASKISIYLA RAFLARDA!   Yokluk, zorluk, imk\u00e2ns\u0131zl\u0131k; ba\u015flamak i\u00e7in engel midir yoksa ba\u015far\u0131 i\u00e7in yola \u00e7\u0131kmaya te\u015fvik midir?   Sabri \u00dclker, hayalleri i\u00e7in kabullenmeyi de\u011fil, m\u00fccadeleyi se\u00e7ti.   Onun hayat hik\u00e2yesi vazge\u00e7memeyi, azmetmeyi ve de sabretmeyi anlat\u0131yor. T\u00fcrkiye\u2019nin ba\u015far\u0131l\u0131 ve hay\u0131rsever i\u015f insanlar\u0131ndan Sabri \u00dclker\u2019in \u00dclker\u2019den Y\u0131ld\u0131z Holding\u2019e uzanan m\u00fccadelelerle dolu hayat hik\u00e2yesi, gen\u00e7ler i\u00e7in d\u00fczenlenerek yeniden bas\u0131ld\u0131.Bug\u00fcn 4 milyar n\u00fcfusu a\u015fan bir co\u011frafyada yapt\u0131\u011f\u0131 \u00fcr\u00fcn sat\u0131\u015flar\u0131, yurti\u00e7i ve yurtd\u0131\u015f\u0131nda yaratt\u0131\u011f\u0131 65 bin ki\u015filik istihdam ile T\u00fcrkiye\u2019nin ilk k\u00fcresel \u015firketlerinden biri olmay\u0131 ba\u015faran Y\u0131ld\u0131z Holding, Sabri \u00dclker\u2019in hayat ve i\u015f ilkelerinin izinden gitmeye devam ediyor. Sabri \u00dclker\u2019in hayat hik\u00e2yesi sadece ailesine ve \u00e7al\u0131\u015fanlar\u0131na de\u011fil, hayata ad\u0131m atacak her gence ilham vaat ediyor.   \u201cBiz, Cumhuriyet\u2019in nimetleriyle b\u00fcy\u00fcd\u00fck. Cumhuriyet sayesinde tahsil yapt\u0131k, \u00e7al\u0131\u015ft\u0131k, ekmek param\u0131z\u0131 kazand\u0131k, i\u015fimizi kurduk. Bunlar\u0131 izleyen y\u0131llarda yat\u0131r\u0131mlar yapt\u0131k, fabrikalar\u0131m\u0131z\u0131 \u00e7o\u011faltt\u0131k ve istihdam yaratt\u0131k. T\u00fcrk damak zevkinin be\u011fenisini kazanan \u00fcr\u00fcnler \u00fcrettik. \u015eimdi, kendi i\u015fkolumuzda elde etti\u011fimiz b\u00fcy\u00fck ba\u015far\u0131m\u0131z\u0131n nedenini \u015fu c\u00fcmle ile \u00f6zetleyebilirim: \u00c7ok \u00e7al\u0131\u015fmak, sebat etmek ve zamana ayak uydurmak.\u201dSabri \u00dclker \/ 2000<\/p>\n","protected":false},"excerpt":{"rendered":"<p>SABR\u0130 \u00dcLKER\u2019\u0130N BA\u015eARILARLA DOLU HAYATININ ANLATILDI\u011eI \u201cSABR\u0130 \u00dcLKER HAYAT H\u0130K\u00c2YES\u0130\u201d, GEN\u00c7LER \u0130\u00c7\u0130N SADELE\u015eT\u0130R\u0130LM\u0130\u015e BASKISIYLA RAFLARDA! Yokluk, zorluk, imk\u00e2ns\u0131zl\u0131k; ba\u015flamak i\u00e7in engel midir yoksa ba\u015far\u0131 i\u00e7in yola<span class=\"excerpt-hellip\"> [\u2026]<\/span><\/p>\n","protected":false},"featured_media":0,"template":"","meta":{"_monsterinsights_skip_tracking":false,"_monsterinsights_sitenote_active":false,"_monsterinsights_sitenote_note":"","_monsterinsights_sitenote_category":0},"product_brand":[],"product_cat":[14009,12291],"product_tag":[],"class_list":{"0":"post-746268","1":"product","2":"type-product","3":"status-publish","5":"product_cat-biyografi-otobiyografi-edebiyat","6":"product_cat-edebiyat","7":"pa_cilt-ciltsiz","8":"pa_tur-kitap","9":"pa_yayinevi-sabri-ulker-vakfi-yayinlari","10":"pa_yazar-hulusi-turgut","12":"first","13":"instock","14":"sale","15":"shipping-taxable","16":"purchasable","17":"product-type-simple"},"_links":{"self":[{"href":"https:\/\/roveyayinevi.com.tr\/index.php\/wp-json\/wp\/v2\/product\/746268","targetHints":{"allow":["GET"]}}],"collection":[{"href":"https:\/\/roveyayinevi.com.tr\/index.php\/wp-json\/wp\/v2\/product"}],"about":[{"href":"https:\/\/roveyayinevi.com.tr\/index.php\/wp-json\/wp\/v2\/types\/product"}],"wp:attachment":[{"href":"https:\/\/roveyayinevi.com.tr\/index.php\/wp-json\/wp\/v2\/media?parent=746268"}],"wp:term":[{"taxonomy":"product_brand","embeddable":true,"href":"https:\/\/roveyayinevi.com.tr\/index.php\/wp-json\/wp\/v2\/product_brand?post=746268"},{"taxonomy":"product_cat","embeddable":true,"href":"https:\/\/roveyayinevi.com.tr\/index.php\/wp-json\/wp\/v2\/product_cat?post=746268"},{"taxonomy":"product_tag","embeddable":true,"href":"https:\/\/roveyayinevi.com.tr\/index.php\/wp-json\/wp\/v2\/product_tag?post=746268"}],"curies":[{"name":"wp","href":"https:\/\/api.w.org\/{rel}","templated":true}]}}