{"id":746267,"date":"2025-08-28T02:38:40","date_gmt":"2025-08-27T23:38:40","guid":{"rendered":"https:\/\/roveyayinevi.com.tr\/index.php\/urun\/bilim-devrimcileri\/"},"modified":"2026-04-16T02:58:50","modified_gmt":"2026-04-15T23:58:50","slug":"bilim-devrimcileri","status":"publish","type":"product","link":"https:\/\/roveyayinevi.com.tr\/index.php\/urun\/bilim-devrimcileri\/","title":{"rendered":"Bilim Devrimcileri"},"content":{"rendered":"<p>Bilim Devrimcileri tarih boyunca halk\u0131n bilim alg\u0131s\u0131n\u0131 ve bilimin \u201cotorite\u201d olarak rol\u00fcn\u00fc \u015fekillendiren \u00f6nemli d\u00fc\u015f\u00fcn\u00fcrleri mercek alt\u0131na al\u0131yor. Bilimsel bir ke\u015fif ne zaman kabul edilen bir ger\u00e7e\u011fe d\u00f6n\u00fc\u015ft\u00fc? Bilimsel ger\u00e7ekleri ink\u00e2r etmek neden kolayla\u015ft\u0131? Ve biz bu konuda neler yapabiliriz? Filozof ve bilim tarih\u00e7isi Robert P. Crease, Bilim Devrimcileri\u2019nde bu sorular\u0131, bilimsel altyap\u0131n\u0131n k\u00f6kenlerini ve d\u00fcnyan\u0131n \u00f6nemli on d\u00fc\u015f\u00fcn\u00fcr\u00fcn\u00fcn bilimsel akl\u0131 \u015fekillendirmedeki rollerini bir bir tan\u0131mlayarak yan\u0131tl\u0131yor. Bilim Devrimcileri kitab\u0131nda g\u00fcn\u00fcm\u00fcz politikac\u0131lar\u0131 ve h\u00fck\u00fcmet yetkilileri; bilim insanlar\u0131n\u0131 bilim d\u0131\u015f\u0131 yorumlar\u0131yla ele\u015ftirirken, bu g\u00fcvensizlik d\u00fczeyine nas\u0131l geldi\u011fimizi ve bundan nas\u0131l kurtulabilece\u011fimizi \u00f6rnekleriyle ortaya koyuyor. Eserde tarih boyunca g\u00f6zlerini k\u0131rpmadan hayatlar\u0131n\u0131 da tehlikeye atarak bilimsel akl\u0131 \u00fcst\u00fcn k\u0131lmaya \u00e7al\u0131\u015fan on d\u00fc\u015f\u00fcn\u00fcr ve bilim devrimcisine yer veriliyor. Bilimin cehaletinin ve yanl\u0131\u015f kullan\u0131m\u0131n\u0131n insan ya\u015fam\u0131na ve k\u00fclt\u00fcre y\u00f6nelik en b\u00fcy\u00fck tehdidi nas\u0131l olu\u015fturdu\u011fu inceleniyor. Bilimi ortak yarar i\u00e7in uygulaman\u0131n ne anlama geldi\u011fine ve bilimden ba\u011f\u0131ms\u0131z siyasi eylemin tehlikesine dair g\u00fcncel ve \u00f6nemli bir ara\u015ft\u0131rma olan Bilim Devrimcileri, hem mevcut bilim kar\u015f\u0131t\u0131 s\u00f6ylemin k\u00f6kenlerini hem de modern d\u00fcnyan\u0131n da\u011f\u0131lmas\u0131n\u0131 \u00f6nlemek i\u00e7in neler yap\u0131labilece\u011fini anlamam\u0131za yard\u0131mc\u0131 oluyor. <\/p>\n","protected":false},"excerpt":{"rendered":"<p>Bilim Devrimcileri tarih boyunca halk\u0131n bilim alg\u0131s\u0131n\u0131 ve bilimin \u201cotorite\u201d olarak rol\u00fcn\u00fc \u015fekillendiren \u00f6nemli d\u00fc\u015f\u00fcn\u00fcrleri mercek alt\u0131na al\u0131yor. Bilimsel bir ke\u015fif ne zaman kabul edilen bir<span class=\"excerpt-hellip\"> [\u2026]<\/span><\/p>\n","protected":false},"featured_media":0,"template":"","meta":{"_monsterinsights_skip_tracking":false,"_monsterinsights_sitenote_active":false,"_monsterinsights_sitenote_note":"","_monsterinsights_sitenote_category":0},"product_brand":[],"product_cat":[13005,15998],"product_tag":[],"class_list":{"0":"post-746267","1":"product","2":"type-product","3":"status-publish","5":"product_cat-bilim-muhendislik","6":"product_cat-bilim-tarihi","7":"pa_cilt-ciltsiz","8":"pa_tur-kitap","9":"pa_yayinevi-the-kitap","10":"pa_yazar-robert-p-crease","12":"first","13":"instock","14":"sale","15":"shipping-taxable","16":"purchasable","17":"product-type-simple"},"_links":{"self":[{"href":"https:\/\/roveyayinevi.com.tr\/index.php\/wp-json\/wp\/v2\/product\/746267","targetHints":{"allow":["GET"]}}],"collection":[{"href":"https:\/\/roveyayinevi.com.tr\/index.php\/wp-json\/wp\/v2\/product"}],"about":[{"href":"https:\/\/roveyayinevi.com.tr\/index.php\/wp-json\/wp\/v2\/types\/product"}],"wp:attachment":[{"href":"https:\/\/roveyayinevi.com.tr\/index.php\/wp-json\/wp\/v2\/media?parent=746267"}],"wp:term":[{"taxonomy":"product_brand","embeddable":true,"href":"https:\/\/roveyayinevi.com.tr\/index.php\/wp-json\/wp\/v2\/product_brand?post=746267"},{"taxonomy":"product_cat","embeddable":true,"href":"https:\/\/roveyayinevi.com.tr\/index.php\/wp-json\/wp\/v2\/product_cat?post=746267"},{"taxonomy":"product_tag","embeddable":true,"href":"https:\/\/roveyayinevi.com.tr\/index.php\/wp-json\/wp\/v2\/product_tag?post=746267"}],"curies":[{"name":"wp","href":"https:\/\/api.w.org\/{rel}","templated":true}]}}