{"id":746266,"date":"2025-08-28T02:38:39","date_gmt":"2025-08-27T23:38:39","guid":{"rendered":"https:\/\/roveyayinevi.com.tr\/index.php\/urun\/hz-omer\/"},"modified":"2026-04-16T02:58:50","modified_gmt":"2026-04-15T23:58:50","slug":"hz-omer","status":"publish","type":"product","link":"https:\/\/roveyayinevi.com.tr\/index.php\/urun\/hz-omer\/","title":{"rendered":"Hz. \u00d6mer"},"content":{"rendered":"<p>Arka Kapak Yaz\u0131s\u0131 (Tan\u0131t\u0131m B\u00fclteninden)  O, M\u00fcsl\u00fcman olmas\u0131 i\u00e7in \u00f6zel olarak dua edilendi.Faruk\u2019tu; su\u00e7lu ile su\u00e7suzu en g\u00fc\u00e7l\u00fc bir \u015fekilde ay\u0131rt edendi. Hakk, onun kalbine ve diline inmi\u015fti.Vahiy pek \u00e7ok konuda desteklemi\u015fti onu.Din konusunda, Hakk\u2019\u0131n emirleri konusunda en titiz oland\u0131. Ya\u015farken cennetle m\u00fcjdelenmi\u015fti.Resulullah (sav)\u2019den sonra \u00fczerine g\u00fcne\u015f do\u011fan en hay\u0131rl\u0131 iki ki\u015fiden ikincisiydi.  \u201c\u00d6mer an\u0131l\u0131nca adalet an\u0131lm\u0131\u015f olur. Adalet an\u0131l\u0131nca Allah an\u0131lm\u0131\u015f olur. Allah an\u0131l\u0131nca da rahmet iner.\u201d<\/p>\n","protected":false},"excerpt":{"rendered":"<p>Arka Kapak Yaz\u0131s\u0131 (Tan\u0131t\u0131m B\u00fclteninden) O, M\u00fcsl\u00fcman olmas\u0131 i\u00e7in \u00f6zel olarak dua edilendi.Faruk\u2019tu; su\u00e7lu ile su\u00e7suzu en g\u00fc\u00e7l\u00fc bir \u015fekilde ay\u0131rt edendi. Hakk, onun kalbine ve<span class=\"excerpt-hellip\"> [\u2026]<\/span><\/p>\n","protected":false},"featured_media":0,"template":"","meta":{"_monsterinsights_skip_tracking":false,"_monsterinsights_sitenote_active":false,"_monsterinsights_sitenote_note":"","_monsterinsights_sitenote_category":0},"product_brand":[],"product_cat":[12718,12719],"product_tag":[],"class_list":{"0":"post-746266","1":"product","2":"type-product","3":"status-publish","5":"product_cat-din","6":"product_cat-islam","7":"pa_cilt-ciltsiz","8":"pa_tur-kitap","9":"pa_yayinevi-hayat-yayinlari","10":"pa_yazar-mithat-bala","12":"first","13":"instock","14":"sale","15":"shipping-taxable","16":"purchasable","17":"product-type-simple"},"_links":{"self":[{"href":"https:\/\/roveyayinevi.com.tr\/index.php\/wp-json\/wp\/v2\/product\/746266","targetHints":{"allow":["GET"]}}],"collection":[{"href":"https:\/\/roveyayinevi.com.tr\/index.php\/wp-json\/wp\/v2\/product"}],"about":[{"href":"https:\/\/roveyayinevi.com.tr\/index.php\/wp-json\/wp\/v2\/types\/product"}],"wp:attachment":[{"href":"https:\/\/roveyayinevi.com.tr\/index.php\/wp-json\/wp\/v2\/media?parent=746266"}],"wp:term":[{"taxonomy":"product_brand","embeddable":true,"href":"https:\/\/roveyayinevi.com.tr\/index.php\/wp-json\/wp\/v2\/product_brand?post=746266"},{"taxonomy":"product_cat","embeddable":true,"href":"https:\/\/roveyayinevi.com.tr\/index.php\/wp-json\/wp\/v2\/product_cat?post=746266"},{"taxonomy":"product_tag","embeddable":true,"href":"https:\/\/roveyayinevi.com.tr\/index.php\/wp-json\/wp\/v2\/product_tag?post=746266"}],"curies":[{"name":"wp","href":"https:\/\/api.w.org\/{rel}","templated":true}]}}