{"id":746265,"date":"2025-08-28T02:38:38","date_gmt":"2025-08-27T23:38:38","guid":{"rendered":"https:\/\/roveyayinevi.com.tr\/index.php\/urun\/kisaca-paris\/"},"modified":"2026-04-16T02:58:50","modified_gmt":"2026-04-15T23:58:50","slug":"kisaca-paris","status":"publish","type":"product","link":"https:\/\/roveyayinevi.com.tr\/index.php\/urun\/kisaca-paris\/","title":{"rendered":"K\u0131saca Paris"},"content":{"rendered":"<p>M\u00d6 3. y\u00fczy\u0131lda Seine nehri \u00fczerindeki bir adac\u0131\u011fa yerle\u015fen Keltler, kurduklar\u0131 k\u00f6y\u00fcn g\u00fcn\u00fcn birinde d\u00fcnya halklar\u0131na cumhuriyet, kuvvetler ayr\u0131l\u0131\u011f\u0131, laiklik ve ulusal egemenlik fikirlerini arma\u011fan edece\u011fini elbette bilemezdi.  Eric Hazan\u2019a g\u00f6re, Frans\u0131z d\u00fc\u015f\u00fcn\u00fcr, yazar, \u015fair, ressam ve devrimciler; Robespierre, Desmoulins ve Marat; Baudelaire, Manet ve Apollinaire Paris\u2019in, mahallelerinde, meydanlar\u0131nda, sokaklar\u0131nda; okullar\u0131nda, kafelerinde ve meyhanelerinde yeti\u015ftirdi\u011fi \u00f6z evlatlar\u0131d\u0131r. Nutuklar, romanlar, \u015fiirler ve tablolar hem Paris\u2019in kent ya\u015fam\u0131n\u0131n \u00fcr\u00fcnleri hem de onun geli\u015fimine \u0131\u015f\u0131k tutan en \u00f6nemli kaynaklard\u0131r.  Paris\u2019in tarihi kamu hizmetlerinin, yoksullar\u0131n ve delilerin hapsedilmesinin, evlerin numaraland\u0131r\u0131lmas\u0131n\u0131n ve polis bask\u0131s\u0131n\u0131n \u00f6yk\u00fcs\u00fc oldu\u011fu kadar, isyanlar\u0131n ve ayaklanmalar\u0131n da tarihidir. Bug\u00fcnk\u00fc Paris 1789, 1848 ve 1871 devrimlerinin eseridir. \u201cBu sadece bir tarih kitab\u0131 de\u011fil, Paris\u2019in neleri bir araya getirdi\u011fini anlatan bir rehber. \u2026 Ba\u015ftan sona, her sat\u0131r\u0131 okunmaya de\u011fer\u2026\u201d \u2014 French Magazine <\/p>\n","protected":false},"excerpt":{"rendered":"<p>M\u00d6 3. y\u00fczy\u0131lda Seine nehri \u00fczerindeki bir adac\u0131\u011fa yerle\u015fen Keltler, kurduklar\u0131 k\u00f6y\u00fcn g\u00fcn\u00fcn birinde d\u00fcnya halklar\u0131na cumhuriyet, kuvvetler ayr\u0131l\u0131\u011f\u0131, laiklik ve ulusal egemenlik fikirlerini arma\u011fan edece\u011fini<span class=\"excerpt-hellip\"> [\u2026]<\/span><\/p>\n","protected":false},"featured_media":0,"template":"","meta":{"_monsterinsights_skip_tracking":false,"_monsterinsights_sitenote_active":false,"_monsterinsights_sitenote_note":"","_monsterinsights_sitenote_category":0},"product_brand":[],"product_cat":[12312,12304],"product_tag":[],"class_list":{"0":"post-746265","1":"product","2":"type-product","3":"status-publish","5":"product_cat-diger","6":"product_cat-tarih","7":"pa_cilt-ciltsiz","8":"pa_tur-kitap","9":"pa_yayinevi-say-yayinlari","10":"pa_yazar-eric-hazan","12":"first","13":"instock","14":"sale","15":"shipping-taxable","16":"purchasable","17":"product-type-simple"},"_links":{"self":[{"href":"https:\/\/roveyayinevi.com.tr\/index.php\/wp-json\/wp\/v2\/product\/746265","targetHints":{"allow":["GET"]}}],"collection":[{"href":"https:\/\/roveyayinevi.com.tr\/index.php\/wp-json\/wp\/v2\/product"}],"about":[{"href":"https:\/\/roveyayinevi.com.tr\/index.php\/wp-json\/wp\/v2\/types\/product"}],"wp:attachment":[{"href":"https:\/\/roveyayinevi.com.tr\/index.php\/wp-json\/wp\/v2\/media?parent=746265"}],"wp:term":[{"taxonomy":"product_brand","embeddable":true,"href":"https:\/\/roveyayinevi.com.tr\/index.php\/wp-json\/wp\/v2\/product_brand?post=746265"},{"taxonomy":"product_cat","embeddable":true,"href":"https:\/\/roveyayinevi.com.tr\/index.php\/wp-json\/wp\/v2\/product_cat?post=746265"},{"taxonomy":"product_tag","embeddable":true,"href":"https:\/\/roveyayinevi.com.tr\/index.php\/wp-json\/wp\/v2\/product_tag?post=746265"}],"curies":[{"name":"wp","href":"https:\/\/api.w.org\/{rel}","templated":true}]}}