{"id":746262,"date":"2025-08-28T02:38:35","date_gmt":"2025-08-27T23:38:35","guid":{"rendered":"https:\/\/roveyayinevi.com.tr\/index.php\/urun\/iyimserlik\/"},"modified":"2026-04-16T02:58:50","modified_gmt":"2026-04-15T23:58:50","slug":"iyimserlik","status":"publish","type":"product","link":"https:\/\/roveyayinevi.com.tr\/index.php\/urun\/iyimserlik\/","title":{"rendered":"\u0130yimserlik"},"content":{"rendered":"<p>\u0130yimserlik, mutluluk kayna\u011f\u0131d\u0131r. \u0130yimserlik, barda\u011f\u0131n dolu taraf\u0131n\u0131 g\u00f6rmek ve buradan al\u0131nan g\u00fc\u00e7 ile barda\u011f\u0131n bo\u015f taraf\u0131n\u0131 da doldurmakt\u0131r. \u0130yimserlik, sorumluluk almakt\u0131r. \u0130yimserlik, \u00e7\u00f6z\u00fcm i\u00e7in ad\u0131m atmakt\u0131r. \u0130yimserlik, \u00e7\u0131k\u0131\u015f yolu aramakt\u0131r. \u0130yimserlik, m\u00fccadele etmektir. Ger\u00e7ek dini inan\u0131\u015flar iyimserli\u011fi besler. \u0130yimserlik, kendimize verdi\u011fimiz bir de\u011ferin ifadesidir. \u0130yimserlik, iyiyi \u00e7a\u011f\u0131rmakt\u0131r. \u0130yimserlik, hayat\u0131m\u0131z\u0131n sorumlulu\u011funu \u00fczerimize almakt\u0131r.<\/p>\n","protected":false},"excerpt":{"rendered":"<p>\u0130yimserlik, mutluluk kayna\u011f\u0131d\u0131r. \u0130yimserlik, barda\u011f\u0131n dolu taraf\u0131n\u0131 g\u00f6rmek ve buradan al\u0131nan g\u00fc\u00e7 ile barda\u011f\u0131n bo\u015f taraf\u0131n\u0131 da doldurmakt\u0131r. \u0130yimserlik, sorumluluk almakt\u0131r. \u0130yimserlik, \u00e7\u00f6z\u00fcm i\u00e7in ad\u0131m atmakt\u0131r.<span class=\"excerpt-hellip\"> [\u2026]<\/span><\/p>\n","protected":false},"featured_media":0,"template":"","meta":{"_monsterinsights_skip_tracking":false,"_monsterinsights_sitenote_active":false,"_monsterinsights_sitenote_note":"","_monsterinsights_sitenote_category":0},"product_brand":[],"product_cat":[12358,12357],"product_tag":[],"class_list":{"0":"post-746262","1":"product","2":"type-product","3":"status-publish","5":"product_cat-genel-psikoloji","6":"product_cat-psikoloji","7":"pa_cilt-ciltsiz","8":"pa_tur-kitap","9":"pa_yayinevi-yade-yayinlari","10":"pa_yazar-deniz-tonga","12":"first","13":"instock","14":"sale","15":"shipping-taxable","16":"purchasable","17":"product-type-simple"},"_links":{"self":[{"href":"https:\/\/roveyayinevi.com.tr\/index.php\/wp-json\/wp\/v2\/product\/746262","targetHints":{"allow":["GET"]}}],"collection":[{"href":"https:\/\/roveyayinevi.com.tr\/index.php\/wp-json\/wp\/v2\/product"}],"about":[{"href":"https:\/\/roveyayinevi.com.tr\/index.php\/wp-json\/wp\/v2\/types\/product"}],"wp:attachment":[{"href":"https:\/\/roveyayinevi.com.tr\/index.php\/wp-json\/wp\/v2\/media?parent=746262"}],"wp:term":[{"taxonomy":"product_brand","embeddable":true,"href":"https:\/\/roveyayinevi.com.tr\/index.php\/wp-json\/wp\/v2\/product_brand?post=746262"},{"taxonomy":"product_cat","embeddable":true,"href":"https:\/\/roveyayinevi.com.tr\/index.php\/wp-json\/wp\/v2\/product_cat?post=746262"},{"taxonomy":"product_tag","embeddable":true,"href":"https:\/\/roveyayinevi.com.tr\/index.php\/wp-json\/wp\/v2\/product_tag?post=746262"}],"curies":[{"name":"wp","href":"https:\/\/api.w.org\/{rel}","templated":true}]}}