{"id":746260,"date":"2025-08-28T02:38:32","date_gmt":"2025-08-27T23:38:32","guid":{"rendered":"https:\/\/roveyayinevi.com.tr\/index.php\/urun\/basvekil-ismet-inonunun-yurt-ici-ve-yurt-disi-ziyaretleri-1930-1937\/"},"modified":"2026-04-16T02:58:50","modified_gmt":"2026-04-15T23:58:50","slug":"basvekil-ismet-inonunun-yurt-ici-ve-yurt-disi-ziyaretleri-1930-1937","status":"publish","type":"product","link":"https:\/\/roveyayinevi.com.tr\/index.php\/urun\/basvekil-ismet-inonunun-yurt-ici-ve-yurt-disi-ziyaretleri-1930-1937\/","title":{"rendered":"Ba\u015fvekil \u0130smet \u0130n\u00f6n\u00fc&#8217;n\u00fcn Yurt \u0130\u00e7i Ve Yurt D\u0131\u015f\u0131 Ziyaretleri (1930-1937)"},"content":{"rendered":"<p>Ba\u015fvekil \u0130smet \u0130n\u00f6n\u00fc&#8217;n\u00fcn Yurt \u0130\u00e7i Ve Yurt D\u0131\u015f\u0131 Ziyaretleri (1930-1937)Tan\u0131t\u0131m Metni:<\/p>\n","protected":false},"excerpt":{"rendered":"<p>Ba\u015fvekil \u0130smet \u0130n\u00f6n\u00fc&#8217;n\u00fcn Yurt \u0130\u00e7i Ve Yurt D\u0131\u015f\u0131 Ziyaretleri (1930-1937)Tan\u0131t\u0131m Metni:<\/p>\n","protected":false},"featured_media":0,"template":"","meta":{"_monsterinsights_skip_tracking":false,"_monsterinsights_sitenote_active":false,"_monsterinsights_sitenote_note":"","_monsterinsights_sitenote_category":0},"product_brand":[],"product_cat":[12573,12566],"product_tag":[],"class_list":{"0":"post-746260","1":"product","2":"type-product","3":"status-publish","5":"product_cat-akademik-kitaplar","6":"product_cat-egitim","7":"pa_cilt-ciltsiz","8":"pa_tur-kitap","9":"pa_yayinevi-soncag-akademik-kitaplar","10":"pa_yazar-haci-veli-gok","12":"first","13":"instock","14":"sale","15":"shipping-taxable","16":"purchasable","17":"product-type-simple"},"_links":{"self":[{"href":"https:\/\/roveyayinevi.com.tr\/index.php\/wp-json\/wp\/v2\/product\/746260","targetHints":{"allow":["GET"]}}],"collection":[{"href":"https:\/\/roveyayinevi.com.tr\/index.php\/wp-json\/wp\/v2\/product"}],"about":[{"href":"https:\/\/roveyayinevi.com.tr\/index.php\/wp-json\/wp\/v2\/types\/product"}],"wp:attachment":[{"href":"https:\/\/roveyayinevi.com.tr\/index.php\/wp-json\/wp\/v2\/media?parent=746260"}],"wp:term":[{"taxonomy":"product_brand","embeddable":true,"href":"https:\/\/roveyayinevi.com.tr\/index.php\/wp-json\/wp\/v2\/product_brand?post=746260"},{"taxonomy":"product_cat","embeddable":true,"href":"https:\/\/roveyayinevi.com.tr\/index.php\/wp-json\/wp\/v2\/product_cat?post=746260"},{"taxonomy":"product_tag","embeddable":true,"href":"https:\/\/roveyayinevi.com.tr\/index.php\/wp-json\/wp\/v2\/product_tag?post=746260"}],"curies":[{"name":"wp","href":"https:\/\/api.w.org\/{rel}","templated":true}]}}