{"id":746259,"date":"2025-08-28T02:38:31","date_gmt":"2025-08-27T23:38:31","guid":{"rendered":"https:\/\/roveyayinevi.com.tr\/index.php\/urun\/iklim-degisikligi-donguleri\/"},"modified":"2026-04-16T02:58:50","modified_gmt":"2026-04-15T23:58:50","slug":"iklim-degisikligi-donguleri","status":"publish","type":"product","link":"https:\/\/roveyayinevi.com.tr\/index.php\/urun\/iklim-degisikligi-donguleri\/","title":{"rendered":"\u0130klim De\u011fi\u015fikli\u011fi D\u00f6ng\u00fcleri"},"content":{"rendered":"<p>\u201cBiz insanlar, gezegenimizi ve iklimimizi yok etme veya kurtarma g\u00fcc\u00fcne sahip tek t\u00fcr\u00fcz.\u201d Dalai Lama Bat\u0131 yar\u0131mk\u00fcredeki 9 Ocak 2021 ak\u015fam\u0131 d\u00fcnya \u00e7ap\u0131nda yakla\u015f\u0131k bir milyon izleyici Budizm\u2019in 86 ya\u015f\u0131ndaki Tibetli \u00f6nderi ve 18 ya\u015f\u0131ndaki \u0130sve\u00e7li iklim aktivistinin aras\u0131ndaki konu\u015fmaya  tan\u0131kl\u0131k etti. \u0130klim Geri Bildirim D\u00f6ng\u00fcleri odakl\u0131 bu etkinlik, kurucu ortaklar\u0131 aras\u0131nda Dalai Lama\u2019n\u0131n da bulundu\u011fu, 30 y\u0131ll\u0131k bir organizasyon olan Mind &amp; Life Institute taraf\u0131ndan ger\u00e7ekle\u015ftirildi. Dalai Lama\u2019n\u0131n ve Greta Thunberg\u2019in d\u00fcnyan\u0131n \u015fimdiye kadar kar\u015f\u0131 kar\u015f\u0131ya bulundu\u011fu en b\u00fcy\u00fck zorluk hakk\u0131nda konu\u015fmak i\u00e7in bir araya gelmesi bizlere umut verdi. Buna nas\u0131l c\u00fcret edersiniz? Bu, Greta Thunberg\u2019in 2019\u2019da Birle\u015fmi\u015f Milletler\u2019e uyar\u0131 \u00e7a\u011fr\u0131s\u0131ndaki sorusuydu. Evet, buna nas\u0131l cesaret edebiliriz? Uyanmaya cesaret edecek miyiz? Bu kitap sorular\u0131 birlikte cevaplamam\u0131za, t\u00fcm insanlar ve d\u00fcnyan\u0131n onlara ev oldu\u011fu di\u011fer say\u0131s\u0131z varl\u0131klara yeniden ya\u015fanabilir bir yer yapmak i\u00e7in birlikte en koyu y\u0131k\u0131m\u0131n u\u00e7urumundan geri ad\u0131m atmam\u0131za ve d\u00fcnyay\u0131 iyile\u015ftirmeye ve yeniden in\u015fa etmeye yard\u0131m edecektir. Zaman\u0131m\u0131z\u0131n \u0131\u015f\u0131k fig\u00fcr\u00fc olan bu iki insan, o konu\u015fmada 7.5 milyar insan\u0131n birlikte \u00e7\u00f6z\u00fcme sahip oldu\u011fumuz hakk\u0131nda anla\u015ft\u0131lar. Bu krizin cevab\u0131 insanlar\u0131n birlik olmas\u0131nda yat\u0131yor. Dalai Lama\u2019n\u0131n ve Greta Thunberg\u2019in k\u00fcresel \u0131s\u0131nman\u0131n nedenlerini ve gezegenimizin gelece\u011fi konusunda ilgileri yeni de\u011fil. Ancak karma\u015f\u0131k bir bilmecenin yan\u0131t\u0131n\u0131n genellikle \u201csat\u0131r aralar\u0131nda\u201d olmas\u0131 gibi, her ikisinin birbiriyle ve de ileri gelen iklim ara\u015ft\u0131rmac\u0131lar\u0131 aras\u0131ndaki konu\u015fmalarda insanl\u0131k i\u00e7in yeni bir yolun ba\u015flang\u0131c\u0131n\u0131 ke\u015ffedebiliriz. D\u00f6rt temel unsuru birle\u015ftirmeyi \u00f6\u011frenece\u011fimiz bir yol: Bilgi, yetenek, irade ve azim. Bu \u015fimdi, korkmak yerine sevebilece\u011fimiz bir gelecek u\u011fruna ya\u015famak i\u00e7in\u2026<\/p>\n","protected":false},"excerpt":{"rendered":"<p>\u201cBiz insanlar, gezegenimizi ve iklimimizi yok etme veya kurtarma g\u00fcc\u00fcne sahip tek t\u00fcr\u00fcz.\u201d Dalai Lama Bat\u0131 yar\u0131mk\u00fcredeki 9 Ocak 2021 ak\u015fam\u0131 d\u00fcnya \u00e7ap\u0131nda yakla\u015f\u0131k bir milyon<span class=\"excerpt-hellip\"> [\u2026]<\/span><\/p>\n","protected":false},"featured_media":0,"template":"","meta":{"_monsterinsights_skip_tracking":false,"_monsterinsights_sitenote_active":false,"_monsterinsights_sitenote_note":"","_monsterinsights_sitenote_category":0},"product_brand":[],"product_cat":[23323,12364],"product_tag":[],"class_list":{"0":"post-746259","1":"product","2":"type-product","3":"status-publish","5":"product_cat-ekoloji","6":"product_cat-genel-konular","7":"pa_cilt-ciltsiz","8":"pa_tur-kitap","9":"pa_yayinevi-totem-yayinlari","10":"pa_yazar-dalai-lama-greta-thunberg","12":"first","13":"instock","14":"sale","15":"shipping-taxable","16":"purchasable","17":"product-type-simple"},"_links":{"self":[{"href":"https:\/\/roveyayinevi.com.tr\/index.php\/wp-json\/wp\/v2\/product\/746259","targetHints":{"allow":["GET"]}}],"collection":[{"href":"https:\/\/roveyayinevi.com.tr\/index.php\/wp-json\/wp\/v2\/product"}],"about":[{"href":"https:\/\/roveyayinevi.com.tr\/index.php\/wp-json\/wp\/v2\/types\/product"}],"wp:attachment":[{"href":"https:\/\/roveyayinevi.com.tr\/index.php\/wp-json\/wp\/v2\/media?parent=746259"}],"wp:term":[{"taxonomy":"product_brand","embeddable":true,"href":"https:\/\/roveyayinevi.com.tr\/index.php\/wp-json\/wp\/v2\/product_brand?post=746259"},{"taxonomy":"product_cat","embeddable":true,"href":"https:\/\/roveyayinevi.com.tr\/index.php\/wp-json\/wp\/v2\/product_cat?post=746259"},{"taxonomy":"product_tag","embeddable":true,"href":"https:\/\/roveyayinevi.com.tr\/index.php\/wp-json\/wp\/v2\/product_tag?post=746259"}],"curies":[{"name":"wp","href":"https:\/\/api.w.org\/{rel}","templated":true}]}}