{"id":746257,"date":"2025-08-28T02:38:28","date_gmt":"2025-08-27T23:38:28","guid":{"rendered":"https:\/\/roveyayinevi.com.tr\/index.php\/urun\/kuma-kuma-kuma-bear-1\/"},"modified":"2026-04-16T02:58:50","modified_gmt":"2026-04-15T23:58:50","slug":"kuma-kuma-kuma-bear-1","status":"publish","type":"product","link":"https:\/\/roveyayinevi.com.tr\/index.php\/urun\/kuma-kuma-kuma-bear-1\/","title":{"rendered":"Kuma Kuma Kuma Bear 1"},"content":{"rendered":"<p>BU TARAFTA ASOSYAL VE \u0130\u00c7E KAPANIK, PARALEL D\u00dcNYA\u2019 DA MACERACI!?   Yuna (15), oyun ba\u011f\u0131ml\u0131s\u0131d\u0131r. Borsadan kazand\u0131\u011f\u0131 paralarla tek bas\u0131na ya\u015fad\u0131\u011f\u0131 l\u00fcks evinden hi\u00e7 \u00e7\u0131kmayan biridir. Bir g\u00fcn oyuna girdi\u011finde ona ay\u0131 k\u0131yafeti seti hediye edilir. &#8220;Bunu hayatta giymem,&#8221; diye d\u00fc\u015f\u00fcnen Yuna, ba\u015ftan a\u015fa\u011f\u0131 ay\u0131 k\u0131yafetinin i\u00e7inde Paralel D\u00fcnya&#8217;ya gider. <\/p>\n","protected":false},"excerpt":{"rendered":"<p>BU TARAFTA ASOSYAL VE \u0130\u00c7E KAPANIK, PARALEL D\u00dcNYA\u2019 DA MACERACI!? Yuna (15), oyun ba\u011f\u0131ml\u0131s\u0131d\u0131r. Borsadan kazand\u0131\u011f\u0131 paralarla tek bas\u0131na ya\u015fad\u0131\u011f\u0131 l\u00fcks evinden hi\u00e7 \u00e7\u0131kmayan biridir. Bir<span class=\"excerpt-hellip\"> [\u2026]<\/span><\/p>\n","protected":false},"featured_media":0,"template":"","meta":{"_monsterinsights_skip_tracking":false,"_monsterinsights_sitenote_active":false,"_monsterinsights_sitenote_note":"","_monsterinsights_sitenote_category":0},"product_brand":[],"product_cat":[12689,12274],"product_tag":[],"class_list":{"0":"post-746257","1":"product","2":"type-product","3":"status-publish","5":"product_cat-cizgi-roman-cocuk-ve-genclik-kitaplari","6":"product_cat-cocuk-ve-genclik-kitaplari","7":"pa_cilt-ciltsiz","8":"pa_tur-kitap","9":"pa_yayinevi-kayip-kita-yayinlari","10":"pa_yazar-kumanano","12":"first","13":"instock","14":"sale","15":"shipping-taxable","16":"purchasable","17":"product-type-simple"},"_links":{"self":[{"href":"https:\/\/roveyayinevi.com.tr\/index.php\/wp-json\/wp\/v2\/product\/746257","targetHints":{"allow":["GET"]}}],"collection":[{"href":"https:\/\/roveyayinevi.com.tr\/index.php\/wp-json\/wp\/v2\/product"}],"about":[{"href":"https:\/\/roveyayinevi.com.tr\/index.php\/wp-json\/wp\/v2\/types\/product"}],"wp:attachment":[{"href":"https:\/\/roveyayinevi.com.tr\/index.php\/wp-json\/wp\/v2\/media?parent=746257"}],"wp:term":[{"taxonomy":"product_brand","embeddable":true,"href":"https:\/\/roveyayinevi.com.tr\/index.php\/wp-json\/wp\/v2\/product_brand?post=746257"},{"taxonomy":"product_cat","embeddable":true,"href":"https:\/\/roveyayinevi.com.tr\/index.php\/wp-json\/wp\/v2\/product_cat?post=746257"},{"taxonomy":"product_tag","embeddable":true,"href":"https:\/\/roveyayinevi.com.tr\/index.php\/wp-json\/wp\/v2\/product_tag?post=746257"}],"curies":[{"name":"wp","href":"https:\/\/api.w.org\/{rel}","templated":true}]}}