{"id":746256,"date":"2025-08-28T02:38:27","date_gmt":"2025-08-27T23:38:27","guid":{"rendered":"https:\/\/roveyayinevi.com.tr\/index.php\/urun\/darulelhan-mecmuasi\/"},"modified":"2026-04-16T02:58:50","modified_gmt":"2026-04-15T23:58:50","slug":"darulelhan-mecmuasi","status":"publish","type":"product","link":"https:\/\/roveyayinevi.com.tr\/index.php\/urun\/darulelhan-mecmuasi\/","title":{"rendered":"Dar\u00fclelhan Mecmuas\u0131"},"content":{"rendered":"<p>D\u00e2r\u00fclelh\u00e2n Mecmuas\u0131, \u00fclkemizde kurulan ilk konservatuvar\u0131n \u00e7\u0131kard\u0131\u011f\u0131 s\u00fcreli yay\u0131nd\u0131r. Konservatuvar\u0131n ad\u0131n\u0131 ta\u015f\u0131r. Bir m\u00fczik kurumunca yay\u0131nlanan ilk s\u00fcreli yay\u0131n olmas\u0131yla m\u00fczik sanat\u0131, k\u00fclt\u00fcr\u00fc ve e\u011fitimi a\u00e7\u0131s\u0131ndan ayr\u0131cal\u0131kl\u0131 bir yere sahiptir. Mecmua, 1 \u015eubat 1924 y\u0131l\u0131nda yay\u0131nlanmaya ba\u015flam\u0131\u015f, 1 \u015eubat 1926\u2019da \u00e7\u0131kan 7. say\u0131 ile de yay\u0131n hayat\u0131 sona ermi\u015ftir. Yay\u0131nlanan bu 7 say\u0131 i\u00e7inde, kurumun e\u011fitim kadrosundan olu\u015fan geni\u015f bir yazar grubu yan\u0131nda, d\u00f6nemin \u00f6nemli \u015fair, yazar ve fikir adamlar\u0131n\u0131n da makaleleri vard\u0131r. Mecmuan\u0131n makaleler d\u0131\u015f\u0131nda kalan \u201cD\u00e2r\u00fclelh\u00e2n \u015eu\u00fbnu\u201d. \u201cTalebe S\u00fctunu\u201d. \u201cD\u00e2r\u00fclelh\u00e2n K\u00fclliyat\u0131\u201d k\u0131s\u0131mlar\u0131nda da \u00f6nemli bilgiler bulunmaktad\u0131r. Ayr\u0131ca, bu yay\u0131nda makalelerin bulundu\u011fu sayfalara pek \u00e7ok dipnot konulmak suretiyle i\u00e7erikte kar\u015f\u0131la\u015f\u0131lan \u015fah\u0131s, yer ve eser adlar\u0131 ile \u00f6zellikle m\u00fczikal terimlere a\u00e7\u0131kl\u0131k getirilmeye \u00e7al\u0131\u015f\u0131lm\u0131\u015ft\u0131r. Son k\u0131sma ise okuyuculara yararl\u0131 olaca\u011f\u0131 d\u00fc\u015f\u00fcncesiyle bir de s\u00f6zl\u00fck\u00e7e eklenmi\u015ftir. M\u00fczik sanat\u0131, k\u00fclt\u00fcr\u00fc ve e\u011fitimi konular\u0131nda Cumhuriyet d\u00f6nemi m\u00fczik politikalar\u0131na y\u00f6n vermi\u015f, pek \u00e7o\u011fu Avrupa\u2019da e\u011fitim alm\u0131\u015f ilk ku\u015fa\u011f\u0131n, fikir, birikim ve g\u00f6r\u00fc\u015flerini yans\u0131tan yaz\u0131lar\u0131n yer ald\u0131\u011f\u0131 bu mecmua, d\u00f6nemin ko\u015fullar\u0131n\u0131, kurumun kurulu\u015f hikayesini, \u00e7a\u011fda\u015f T\u00fcrk m\u00fczik okulunun do\u011fu\u015fundaki yakla\u015f\u0131m ve hareketleri incelemek, anlamak ve dersler \u00e7\u0131karmak bak\u0131m\u0131ndan \u00f6nemlidir.Tarih, k\u00fclt\u00fcr, m\u00fczik k\u00fclt\u00fcr\u00fc ve m\u00fczik sanat\u0131 alan\u0131na katk\u0131 sa\u011flamas\u0131 dile\u011fiyle.<\/p>\n","protected":false},"excerpt":{"rendered":"<p>D\u00e2r\u00fclelh\u00e2n Mecmuas\u0131, \u00fclkemizde kurulan ilk konservatuvar\u0131n \u00e7\u0131kard\u0131\u011f\u0131 s\u00fcreli yay\u0131nd\u0131r. Konservatuvar\u0131n ad\u0131n\u0131 ta\u015f\u0131r. Bir m\u00fczik kurumunca yay\u0131nlanan ilk s\u00fcreli yay\u0131n olmas\u0131yla m\u00fczik sanat\u0131, k\u00fclt\u00fcr\u00fc ve e\u011fitimi a\u00e7\u0131s\u0131ndan<span class=\"excerpt-hellip\"> [\u2026]<\/span><\/p>\n","protected":false},"featured_media":0,"template":"","meta":{"_monsterinsights_skip_tracking":false,"_monsterinsights_sitenote_active":false,"_monsterinsights_sitenote_note":"","_monsterinsights_sitenote_category":0},"product_brand":[],"product_cat":[14591,14556],"product_tag":[],"class_list":{"0":"post-746256","1":"product","2":"type-product","3":"status-publish","5":"product_cat-genel-kavramlar-kuram-ve-tarihce","6":"product_cat-muzik","7":"pa_cilt-ciltsiz","8":"pa_tur-kitap","9":"pa_yayinevi-muzik-egitimi-yayinlari","10":"pa_yazar-bahattin-kahraman-cansevil-tebis","12":"first","13":"instock","14":"sale","15":"shipping-taxable","16":"purchasable","17":"product-type-simple"},"_links":{"self":[{"href":"https:\/\/roveyayinevi.com.tr\/index.php\/wp-json\/wp\/v2\/product\/746256","targetHints":{"allow":["GET"]}}],"collection":[{"href":"https:\/\/roveyayinevi.com.tr\/index.php\/wp-json\/wp\/v2\/product"}],"about":[{"href":"https:\/\/roveyayinevi.com.tr\/index.php\/wp-json\/wp\/v2\/types\/product"}],"wp:attachment":[{"href":"https:\/\/roveyayinevi.com.tr\/index.php\/wp-json\/wp\/v2\/media?parent=746256"}],"wp:term":[{"taxonomy":"product_brand","embeddable":true,"href":"https:\/\/roveyayinevi.com.tr\/index.php\/wp-json\/wp\/v2\/product_brand?post=746256"},{"taxonomy":"product_cat","embeddable":true,"href":"https:\/\/roveyayinevi.com.tr\/index.php\/wp-json\/wp\/v2\/product_cat?post=746256"},{"taxonomy":"product_tag","embeddable":true,"href":"https:\/\/roveyayinevi.com.tr\/index.php\/wp-json\/wp\/v2\/product_tag?post=746256"}],"curies":[{"name":"wp","href":"https:\/\/api.w.org\/{rel}","templated":true}]}}