{"id":746253,"date":"2025-08-28T02:38:23","date_gmt":"2025-08-27T23:38:23","guid":{"rendered":"https:\/\/roveyayinevi.com.tr\/index.php\/urun\/coskun-gonul\/"},"modified":"2026-04-03T03:01:48","modified_gmt":"2026-04-03T00:01:48","slug":"coskun-gonul","status":"publish","type":"product","link":"https:\/\/roveyayinevi.com.tr\/index.php\/urun\/coskun-gonul\/","title":{"rendered":"Co\u015fkun G\u00f6n\u00fcl"},"content":{"rendered":"<p>Burhan Cahit Morkaya\u2019n\u0131n kaleminden yine bir hayal ve hakikat \u00e7at\u0131\u015fmas\u0131n\u0131n roman\u0131 Co\u015fkun G\u00f6n\u00fcl. Yazar bu kez Birinci D\u00fcnya Sava\u015f\u0131 y\u0131llar\u0131nda \u0130stanbul\u2019da ya\u015fayan \u00fc\u00e7 kad\u0131n\u0131n hik\u00e2yesini konu ediniyor. Miza\u00e7 olarak ve hayattan beklentileri bak\u0131m\u0131ndan birbirinden farkl\u0131 \u00fc\u00e7 gen\u00e7 k\u0131z\u0131n ya\u015fad\u0131klar\u0131n\u0131 anlat\u0131rken Morkaya, sadece d\u00f6nemi i\u00e7in de\u011fil, bug\u00fcn bile elden d\u00fc\u015fmeyecek bir kurguya imza at\u0131yor. Okuldan mezun olduktan sonra \u00f6\u011fretmen olmak isteyen fakat sava\u015f \u015fartlar\u0131 gere\u011fi hastanede \u00e7al\u0131\u015fmak durumunda kalan Serap, onun okul arkada\u015f\u0131 ve B\u00fcy\u00fckada\u2019da oturan zengin bir ailenin tek k\u0131z\u0131 Vildan ve Serap\u2019\u0131n \u00e7ocukluk arkada\u015f\u0131 Asuman. Bu \u00fc\u00e7 kad\u0131n\u0131n hayalleri ile hakikat aras\u0131ndaki u\u00e7urum, hayattaki mutluluk aray\u0131\u015flar\u0131 ve birbirleriyle olan arkada\u015fl\u0131k ili\u015fkisi\u2026 Co\u015fkun G\u00f6n\u00fcl\u2019de Burhan Cahit Morkaya sadece a\u015fk hik\u00e2yesi de\u011fil, d\u00f6nemin sosyok\u00fclt\u00fcrel ortam\u0131n\u0131 da hayran kal\u0131nacak bir ustal\u0131kla anlat\u0131yor. \u201cBazen bir y\u0131l evvelki halimizi d\u00fc\u015f\u00fcn\u00fcyorum. Vildan daha bir g\u00f6lge ve hayalden ibaret lekesiz a\u015fktan duydu\u011fu masum heyecanlar ve mesut \u00fcmitler i\u00e7inde, Asuman bo\u015f ge\u00e7en vaktinden bilistifade k\u00fc\u00e7\u00fck k\u00fc\u00e7\u00fck maceralarla idman etmek \u015fart\u0131yla zengin bir izdiva\u00e7 pe\u015finde\u2026 Ve ben daha serbest hayat\u0131m\u0131n ilk ad\u0131m\u0131nda babam\u0131 kaybetti\u011fim i\u00e7in maddi ve manevi \u0131st\u0131rapla kar\u0131\u015f\u0131k hazin ve isli bir sevginin e\u015fi\u011finde!\u201d <\/p>\n","protected":false},"excerpt":{"rendered":"<p>Burhan Cahit Morkaya\u2019n\u0131n kaleminden yine bir hayal ve hakikat \u00e7at\u0131\u015fmas\u0131n\u0131n roman\u0131 Co\u015fkun G\u00f6n\u00fcl. Yazar bu kez Birinci D\u00fcnya Sava\u015f\u0131 y\u0131llar\u0131nda \u0130stanbul\u2019da ya\u015fayan \u00fc\u00e7 kad\u0131n\u0131n hik\u00e2yesini konu<span class=\"excerpt-hellip\"> [\u2026]<\/span><\/p>\n","protected":false},"featured_media":0,"template":"","meta":{"_monsterinsights_skip_tracking":false,"_monsterinsights_sitenote_active":false,"_monsterinsights_sitenote_note":"","_monsterinsights_sitenote_category":0},"product_brand":[],"product_cat":[12291,12711],"product_tag":[],"class_list":{"0":"post-746253","1":"product","2":"type-product","3":"status-publish","5":"product_cat-edebiyat","6":"product_cat-roman-oyku","7":"pa_cilt-ciltsiz","8":"pa_tur-kitap","9":"pa_yayinevi-kirmizi-kedi-yayinevi","10":"pa_yazar-burhan-cahit-morkaya","12":"first","13":"instock","14":"sale","15":"shipping-taxable","16":"purchasable","17":"product-type-simple"},"_links":{"self":[{"href":"https:\/\/roveyayinevi.com.tr\/index.php\/wp-json\/wp\/v2\/product\/746253","targetHints":{"allow":["GET"]}}],"collection":[{"href":"https:\/\/roveyayinevi.com.tr\/index.php\/wp-json\/wp\/v2\/product"}],"about":[{"href":"https:\/\/roveyayinevi.com.tr\/index.php\/wp-json\/wp\/v2\/types\/product"}],"wp:attachment":[{"href":"https:\/\/roveyayinevi.com.tr\/index.php\/wp-json\/wp\/v2\/media?parent=746253"}],"wp:term":[{"taxonomy":"product_brand","embeddable":true,"href":"https:\/\/roveyayinevi.com.tr\/index.php\/wp-json\/wp\/v2\/product_brand?post=746253"},{"taxonomy":"product_cat","embeddable":true,"href":"https:\/\/roveyayinevi.com.tr\/index.php\/wp-json\/wp\/v2\/product_cat?post=746253"},{"taxonomy":"product_tag","embeddable":true,"href":"https:\/\/roveyayinevi.com.tr\/index.php\/wp-json\/wp\/v2\/product_tag?post=746253"}],"curies":[{"name":"wp","href":"https:\/\/api.w.org\/{rel}","templated":true}]}}