{"id":746252,"date":"2025-08-28T02:38:21","date_gmt":"2025-08-27T23:38:21","guid":{"rendered":"https:\/\/roveyayinevi.com.tr\/index.php\/urun\/divan-8\/"},"modified":"2026-04-16T02:58:50","modified_gmt":"2026-04-15T23:58:50","slug":"divan-8","status":"publish","type":"product","link":"https:\/\/roveyayinevi.com.tr\/index.php\/urun\/divan-8\/","title":{"rendered":"Divan"},"content":{"rendered":"<p>\u201c\u015eairlik tac\u0131\u201d ile onurland\u0131r\u0131lm\u0131\u015f Francesco Petrarca\u2019n\u0131n \u0130talyanca yazd\u0131\u011f\u0131 iki yap\u0131t\u0131ndan biridir Divan (Il Canzoniere). Bir\u00e7o\u011fu sevdi\u011fi kad\u0131n Laura i\u00e7in kaleme ald\u0131\u011f\u0131 \u015fiirlerden olu\u015fan kitap \u201cin vita\u201d (Laura hayattayken yaz\u0131lan \u015fiirler) ve \u201cin morte\u201d (Laura\u2019n\u0131n \u00f6l\u00fcm\u00fcnden sonra yaz\u0131lm\u0131\u015f \u015fiirler) olarak iki b\u00f6l\u00fcmden meydana gelir. Sone, \u015fark\u0131, balat, alt\u0131l\u0131, madrigal gibi farkl\u0131 \u00f6l\u00e7\u00fclerde toplam 366 \u015fiirden olu\u015fan kitap, sadece Petrarca\u2019n\u0131n en \u00f6nemli eserlerinden de\u011fil, d\u00fcnya edebiyat\u0131n\u0131n da \u00f6l\u00fcms\u00fcz metinlerinden. Necdet Adaba\u011f\u2019\u0131n \u00f6zg\u00fcn dilinden \u00e7evirisiyle okurla bulu\u015fuyor. \u201cEy ac\u0131l\u0131 ruhum, an\u0131ms\u0131yorum, ba\u015f\u0131bo\u015f kald\u0131n, \u0131ss\u0131z ve yabanc\u0131 karanl\u0131k ma\u011faralarda, y\u0131llarca a\u011flad\u0131m ele avuca s\u0131\u011fmaz cesaretimden \u00f6t\u00fcr\u00fc, ve sonunda \u00f6yle k\u00f6t\u00fc bir sona ula\u015ft\u0131m ki b\u00fcr\u00fcnd\u00fcm yeniden o d\u00fcnyevi bedenime,                                   s\u00fcr\u00fcklendim sonunda daha ac\u0131l\u0131 g\u00fcnlerimin i\u00e7ine.\u201d <\/p>\n","protected":false},"excerpt":{"rendered":"<p>\u201c\u015eairlik tac\u0131\u201d ile onurland\u0131r\u0131lm\u0131\u015f Francesco Petrarca\u2019n\u0131n \u0130talyanca yazd\u0131\u011f\u0131 iki yap\u0131t\u0131ndan biridir Divan (Il Canzoniere). Bir\u00e7o\u011fu sevdi\u011fi kad\u0131n Laura i\u00e7in kaleme ald\u0131\u011f\u0131 \u015fiirlerden olu\u015fan kitap \u201cin vita\u201d<span class=\"excerpt-hellip\"> [\u2026]<\/span><\/p>\n","protected":false},"featured_media":0,"template":"","meta":{"_monsterinsights_skip_tracking":false,"_monsterinsights_sitenote_active":false,"_monsterinsights_sitenote_note":"","_monsterinsights_sitenote_category":0},"product_brand":[],"product_cat":[12291,12509],"product_tag":[],"class_list":{"0":"post-746252","1":"product","2":"type-product","3":"status-publish","5":"product_cat-edebiyat","6":"product_cat-siir","7":"pa_cilt-ciltsiz","8":"pa_tur-kitap","9":"pa_yayinevi-kirmizi-kedi-yayinevi","10":"pa_yazar-francesco-petrarca","12":"first","13":"instock","14":"sale","15":"shipping-taxable","16":"purchasable","17":"product-type-simple"},"_links":{"self":[{"href":"https:\/\/roveyayinevi.com.tr\/index.php\/wp-json\/wp\/v2\/product\/746252","targetHints":{"allow":["GET"]}}],"collection":[{"href":"https:\/\/roveyayinevi.com.tr\/index.php\/wp-json\/wp\/v2\/product"}],"about":[{"href":"https:\/\/roveyayinevi.com.tr\/index.php\/wp-json\/wp\/v2\/types\/product"}],"wp:attachment":[{"href":"https:\/\/roveyayinevi.com.tr\/index.php\/wp-json\/wp\/v2\/media?parent=746252"}],"wp:term":[{"taxonomy":"product_brand","embeddable":true,"href":"https:\/\/roveyayinevi.com.tr\/index.php\/wp-json\/wp\/v2\/product_brand?post=746252"},{"taxonomy":"product_cat","embeddable":true,"href":"https:\/\/roveyayinevi.com.tr\/index.php\/wp-json\/wp\/v2\/product_cat?post=746252"},{"taxonomy":"product_tag","embeddable":true,"href":"https:\/\/roveyayinevi.com.tr\/index.php\/wp-json\/wp\/v2\/product_tag?post=746252"}],"curies":[{"name":"wp","href":"https:\/\/api.w.org\/{rel}","templated":true}]}}