{"id":746249,"date":"2025-08-28T02:38:17","date_gmt":"2025-08-27T23:38:17","guid":{"rendered":"https:\/\/roveyayinevi.com.tr\/index.php\/urun\/utanmaz\/"},"modified":"2026-04-16T02:58:50","modified_gmt":"2026-04-15T23:58:50","slug":"utanmaz","status":"publish","type":"product","link":"https:\/\/roveyayinevi.com.tr\/index.php\/urun\/utanmaz\/","title":{"rendered":"Utanmaz"},"content":{"rendered":"<p>\u00c7aresiz kal\u0131nca herkes her \u015feyi yapabilir.   Geli\u015fmi\u015f bilin\u00e7lerin, \u201chay\u0131r\u201d demeyi neredeyse imk\u00e2ns\u0131z hale getiren hormonlar\u0131n esiri olmayaca\u011f\u0131 y\u00f6n\u00fcndeki yakla\u015f\u0131m \u00e7o\u011fu zaman t\u00f6kezler. \u00c7\u00fcnk\u00fc insan do\u011fa ve do\u011fal y\u00f6nelimleri kar\u015f\u0131s\u0131nda \u00e7o\u011fu zaman zay\u0131ft\u0131r. Herkes belli ko\u015fullar alt\u0131nda her \u015feyi yapabilir. Bazen hakikati bulmak i\u00e7in bir g\u00fcnahtan ge\u00e7mek gerekebilir. G\u00fcnahtan ar\u0131nmak istemek ve ayn\u0131 g\u00fcnah\u0131 tekrar etmeme kararl\u0131l\u0131\u011f\u0131nda olmak ise insan\u0131 kemale erdirecek tek yoldur. Bazen sizi yoldan \u00e7\u0131karan, kaza yapman\u0131za neden olan iyi niyetinizdir. Asfalt\u0131n ortas\u0131ndaki kaplumba\u011faya \u00e7arpmamak i\u00e7in arac\u0131n\u0131z takla atsa bile masum bir kaplumba\u011faya s\u00f6vmezsiniz. Peki ya siz takla atas\u0131n\u0131z diye yolun ortas\u0131na bilerek b\u0131rak\u0131lm\u0131\u015f bir kaplumba\u011fa i\u00e7in?&#8230; O zaman kime k\u0131zars\u0131n\u0131z sahi? O engeli koyan ki\u015fi midir kazan\u0131n sebebi? Yoksa sizin de bu kazada bir pay\u0131n\u0131z olabilir mi? <\/p>\n","protected":false},"excerpt":{"rendered":"<p>\u00c7aresiz kal\u0131nca herkes her \u015feyi yapabilir. Geli\u015fmi\u015f bilin\u00e7lerin, \u201chay\u0131r\u201d demeyi neredeyse imk\u00e2ns\u0131z hale getiren hormonlar\u0131n esiri olmayaca\u011f\u0131 y\u00f6n\u00fcndeki yakla\u015f\u0131m \u00e7o\u011fu zaman t\u00f6kezler. \u00c7\u00fcnk\u00fc insan do\u011fa ve<span class=\"excerpt-hellip\"> [\u2026]<\/span><\/p>\n","protected":false},"featured_media":0,"template":"","meta":{"_monsterinsights_skip_tracking":false,"_monsterinsights_sitenote_active":false,"_monsterinsights_sitenote_note":"","_monsterinsights_sitenote_category":0},"product_brand":[],"product_cat":[13072,12291],"product_tag":[],"class_list":{"0":"post-746249","1":"product","2":"type-product","3":"status-publish","5":"product_cat-arastirma-inceleme-referans","6":"product_cat-edebiyat","7":"pa_cilt-ciltsiz","8":"pa_tur-kitap","9":"pa_yayinevi-destek-yayinlari","10":"pa_yazar-selda-terek","12":"first","13":"instock","14":"sale","15":"shipping-taxable","16":"purchasable","17":"product-type-simple"},"_links":{"self":[{"href":"https:\/\/roveyayinevi.com.tr\/index.php\/wp-json\/wp\/v2\/product\/746249","targetHints":{"allow":["GET"]}}],"collection":[{"href":"https:\/\/roveyayinevi.com.tr\/index.php\/wp-json\/wp\/v2\/product"}],"about":[{"href":"https:\/\/roveyayinevi.com.tr\/index.php\/wp-json\/wp\/v2\/types\/product"}],"wp:attachment":[{"href":"https:\/\/roveyayinevi.com.tr\/index.php\/wp-json\/wp\/v2\/media?parent=746249"}],"wp:term":[{"taxonomy":"product_brand","embeddable":true,"href":"https:\/\/roveyayinevi.com.tr\/index.php\/wp-json\/wp\/v2\/product_brand?post=746249"},{"taxonomy":"product_cat","embeddable":true,"href":"https:\/\/roveyayinevi.com.tr\/index.php\/wp-json\/wp\/v2\/product_cat?post=746249"},{"taxonomy":"product_tag","embeddable":true,"href":"https:\/\/roveyayinevi.com.tr\/index.php\/wp-json\/wp\/v2\/product_tag?post=746249"}],"curies":[{"name":"wp","href":"https:\/\/api.w.org\/{rel}","templated":true}]}}