{"id":746248,"date":"2025-08-28T02:38:16","date_gmt":"2025-08-27T23:38:16","guid":{"rendered":"https:\/\/roveyayinevi.com.tr\/index.php\/urun\/eden\/"},"modified":"2026-04-16T02:58:50","modified_gmt":"2026-04-15T23:58:50","slug":"eden","status":"publish","type":"product","link":"https:\/\/roveyayinevi.com.tr\/index.php\/urun\/eden\/","title":{"rendered":"Eden"},"content":{"rendered":"<p>\u201cHer insan hayat\u0131n bir evresinde Cennet\u2019te ya\u015fad\u0131 ve zaman\u0131n bir e\u015fi\u011finde onu yitirdi&#8230;\u201d   Cennet Bah\u00e7esi Miti, tarihsel s\u00fcre\u00e7te farkl\u0131 disiplinlerden gelen \u00e7al\u0131\u015fmalar\u0131n ilgi alan\u0131na girdi. 21. y\u00fczy\u0131lda, Cennet \u00f6yk\u00fcs\u00fcn\u00fcn temel bile\u015fenlerini \u00e7\u00f6z\u00fcmleyebilmek i\u00e7in, sadece kutsal kitap bildirimleri yeterli de\u011fil. Di\u011fer deyi\u015fle, bug\u00fcn art\u0131k, psikoloji, i\u015flevselci antropoloji, din fenomenolojisi, felsefe, g\u00f6stergebilim, yap\u0131salc\u0131 antropoloji ya da tarihselci okuma y\u00f6ntemlerinin \u00f6nerilerini g\u00f6rmezden gelemeyece\u011fimiz bir a\u015famaday\u0131z.   Felsefeci ve Simgebilimci G\u00f6ktu\u011f Halis bu kitapla, Eden Bah\u00e7esi-Cennet s\u00f6ylencesinin nihai anlam\u0131n\u0131 olu\u015fturmaya \u00e7al\u0131\u015f\u0131yor. \u00c2dem ve Havva\u2019n\u0131n yarat\u0131l\u0131\u015f\u0131, ilk g\u00fcnah, s\u00fcrg\u00fcn ve d\u00fcnya ya\u015famlar\u0131yla ilgili t\u00fcm sorular\u0131n\u0131za bu kitapla ula\u015facaks\u0131n\u0131z.   <\/p>\n","protected":false},"excerpt":{"rendered":"<p>\u201cHer insan hayat\u0131n bir evresinde Cennet\u2019te ya\u015fad\u0131 ve zaman\u0131n bir e\u015fi\u011finde onu yitirdi&#8230;\u201d Cennet Bah\u00e7esi Miti, tarihsel s\u00fcre\u00e7te farkl\u0131 disiplinlerden gelen \u00e7al\u0131\u015fmalar\u0131n ilgi alan\u0131na girdi. 21.<span class=\"excerpt-hellip\"> [\u2026]<\/span><\/p>\n","protected":false},"featured_media":0,"template":"","meta":{"_monsterinsights_skip_tracking":false,"_monsterinsights_sitenote_active":false,"_monsterinsights_sitenote_note":"","_monsterinsights_sitenote_category":0},"product_brand":[],"product_cat":[12389,12388],"product_tag":[],"class_list":{"0":"post-746248","1":"product","2":"type-product","3":"status-publish","5":"product_cat-diger-felsefe","6":"product_cat-felsefe","7":"pa_cilt-ciltsiz","8":"pa_tur-kitap","9":"pa_yayinevi-beyaz-baykus-yayinlari","10":"pa_yazar-goktug-halis","12":"first","13":"instock","14":"sale","15":"shipping-taxable","16":"purchasable","17":"product-type-simple"},"_links":{"self":[{"href":"https:\/\/roveyayinevi.com.tr\/index.php\/wp-json\/wp\/v2\/product\/746248","targetHints":{"allow":["GET"]}}],"collection":[{"href":"https:\/\/roveyayinevi.com.tr\/index.php\/wp-json\/wp\/v2\/product"}],"about":[{"href":"https:\/\/roveyayinevi.com.tr\/index.php\/wp-json\/wp\/v2\/types\/product"}],"wp:attachment":[{"href":"https:\/\/roveyayinevi.com.tr\/index.php\/wp-json\/wp\/v2\/media?parent=746248"}],"wp:term":[{"taxonomy":"product_brand","embeddable":true,"href":"https:\/\/roveyayinevi.com.tr\/index.php\/wp-json\/wp\/v2\/product_brand?post=746248"},{"taxonomy":"product_cat","embeddable":true,"href":"https:\/\/roveyayinevi.com.tr\/index.php\/wp-json\/wp\/v2\/product_cat?post=746248"},{"taxonomy":"product_tag","embeddable":true,"href":"https:\/\/roveyayinevi.com.tr\/index.php\/wp-json\/wp\/v2\/product_tag?post=746248"}],"curies":[{"name":"wp","href":"https:\/\/api.w.org\/{rel}","templated":true}]}}