{"id":746245,"date":"2025-08-28T02:38:12","date_gmt":"2025-08-27T23:38:12","guid":{"rendered":"https:\/\/roveyayinevi.com.tr\/index.php\/urun\/degirmenimden-mektuplar-10\/"},"modified":"2026-04-16T02:58:50","modified_gmt":"2026-04-15T23:58:50","slug":"degirmenimden-mektuplar-10","status":"publish","type":"product","link":"https:\/\/roveyayinevi.com.tr\/index.php\/urun\/degirmenimden-mektuplar-10\/","title":{"rendered":"De\u011firmenimden Mektuplar"},"content":{"rendered":"<p>De\u011firmenimden Mektuplar, \u00fcnl\u00fc Frans\u0131z yazar Alphonse Daudet\u2019in eski bir yel de\u011firmeninde yazd\u0131\u011f\u0131 mektuplardan olu\u015fmaktad\u0131r. Bu mektuplar\u0131n baz\u0131lar\u0131 yazar\u0131n an\u0131lar\u0131n\u0131, baz\u0131lar\u0131 da duydu\u011fu ve kurgulad\u0131\u011f\u0131 \u00f6yk\u00fcleri i\u00e7ermektedir.      Yazar\u0131n en sevdi\u011fi eser olma \u00f6zelli\u011fini de ta\u015f\u0131yan bu kitap, sizleri \u015fehrin kalabal\u0131\u011f\u0131ndan, g\u00fcr\u00fclt\u00fcs\u00fcnden uzak bir Frans\u0131z ta\u015fras\u0131na g\u00f6t\u00fcrecek, d\u00f6nen kanatlar\u0131n t\u0131k\u0131rt\u0131s\u0131 e\u015fli\u011finde kulaklar\u0131n\u0131za d\u00fc\u015f\u00fcnd\u00fcr\u00fcc\u00fc \u00f6yk\u00fcler f\u0131s\u0131ldayacakt\u0131r. <\/p>\n","protected":false},"excerpt":{"rendered":"<p>De\u011firmenimden Mektuplar, \u00fcnl\u00fc Frans\u0131z yazar Alphonse Daudet\u2019in eski bir yel de\u011firmeninde yazd\u0131\u011f\u0131 mektuplardan olu\u015fmaktad\u0131r. Bu mektuplar\u0131n baz\u0131lar\u0131 yazar\u0131n an\u0131lar\u0131n\u0131, baz\u0131lar\u0131 da duydu\u011fu ve kurgulad\u0131\u011f\u0131 \u00f6yk\u00fcleri i\u00e7ermektedir.<span class=\"excerpt-hellip\"> [\u2026]<\/span><\/p>\n","protected":false},"featured_media":0,"template":"","meta":{"_monsterinsights_skip_tracking":false,"_monsterinsights_sitenote_active":false,"_monsterinsights_sitenote_note":"","_monsterinsights_sitenote_category":0},"product_brand":[],"product_cat":[12274,12284],"product_tag":[],"class_list":{"0":"post-746245","1":"product","2":"type-product","3":"status-publish","5":"product_cat-cocuk-ve-genclik-kitaplari","6":"product_cat-hikayeler","7":"pa_cilt-ciltsiz","8":"pa_tur-kitap","9":"pa_yayinevi-sifir6-yayinevi","10":"pa_yazar-alphonse-daudet","12":"first","13":"instock","14":"sale","15":"shipping-taxable","16":"purchasable","17":"product-type-simple"},"_links":{"self":[{"href":"https:\/\/roveyayinevi.com.tr\/index.php\/wp-json\/wp\/v2\/product\/746245","targetHints":{"allow":["GET"]}}],"collection":[{"href":"https:\/\/roveyayinevi.com.tr\/index.php\/wp-json\/wp\/v2\/product"}],"about":[{"href":"https:\/\/roveyayinevi.com.tr\/index.php\/wp-json\/wp\/v2\/types\/product"}],"wp:attachment":[{"href":"https:\/\/roveyayinevi.com.tr\/index.php\/wp-json\/wp\/v2\/media?parent=746245"}],"wp:term":[{"taxonomy":"product_brand","embeddable":true,"href":"https:\/\/roveyayinevi.com.tr\/index.php\/wp-json\/wp\/v2\/product_brand?post=746245"},{"taxonomy":"product_cat","embeddable":true,"href":"https:\/\/roveyayinevi.com.tr\/index.php\/wp-json\/wp\/v2\/product_cat?post=746245"},{"taxonomy":"product_tag","embeddable":true,"href":"https:\/\/roveyayinevi.com.tr\/index.php\/wp-json\/wp\/v2\/product_tag?post=746245"}],"curies":[{"name":"wp","href":"https:\/\/api.w.org\/{rel}","templated":true}]}}