{"id":746244,"date":"2025-08-28T02:38:10","date_gmt":"2025-08-27T23:38:10","guid":{"rendered":"https:\/\/roveyayinevi.com.tr\/index.php\/urun\/moby-dick-13\/"},"modified":"2026-04-16T02:58:50","modified_gmt":"2026-04-15T23:58:50","slug":"moby-dick-13","status":"publish","type":"product","link":"https:\/\/roveyayinevi.com.tr\/index.php\/urun\/moby-dick-13\/","title":{"rendered":"Moby Dick"},"content":{"rendered":"<p>\u0130smail balina avc\u0131l\u0131\u011f\u0131n\u0131 \u00f6\u011frenmek i\u00e7in yan\u0131p tutu\u015fmaktad\u0131r. Bu merak\u0131n\u0131 gidermek \u00fczere Kaptan Ahab\u2019\u0131n y\u00f6netimindeki Pequod adl\u0131 bir balina av\u0131 gemisine biner. Fakat geminin kaptan\u0131 Ahab, Moby Dick adl\u0131 dev balinay\u0131 yakalamaktan ba\u015fka hi\u00e7bir \u015fey d\u00fc\u015f\u00fcnmemektedir. \u00c7\u00fcnk\u00fc bir av s\u0131ras\u0131nda Moby Dick\u2019in sald\u0131r\u0131s\u0131 sonucu tek baca\u011f\u0131n\u0131 kaybetmi\u015ftir. Ahab\u2019\u0131n \u00e7\u0131\u011f gibi b\u00fcy\u00fcyen intikam h\u0131rs\u0131, i\u00e7inde \u0130smail\u2019in de bulundu\u011fu gemi m\u00fcrettebat\u0131n\u0131 k\u0131sa s\u00fcrede etkisi alt\u0131na al\u0131r. \u0130smail, \u00e7\u0131km\u0131\u015f oldu\u011fu bu uzun yolculukta sadece balina av\u0131n\u0131 de\u011fil, hayata ve \u00f6l\u00fcme, dostlu\u011fa ve d\u00fc\u015fmanl\u0131\u011fa, iyili\u011fe ve k\u00f6t\u00fcl\u00fc\u011fe, merhamete ve zulme dair pek \u00e7ok \u015fey \u00f6\u011frenecektir. <\/p>\n","protected":false},"excerpt":{"rendered":"<p>\u0130smail balina avc\u0131l\u0131\u011f\u0131n\u0131 \u00f6\u011frenmek i\u00e7in yan\u0131p tutu\u015fmaktad\u0131r. Bu merak\u0131n\u0131 gidermek \u00fczere Kaptan Ahab\u2019\u0131n y\u00f6netimindeki Pequod adl\u0131 bir balina av\u0131 gemisine biner. Fakat geminin kaptan\u0131 Ahab, Moby<span class=\"excerpt-hellip\"> [\u2026]<\/span><\/p>\n","protected":false},"featured_media":0,"template":"","meta":{"_monsterinsights_skip_tracking":false,"_monsterinsights_sitenote_active":false,"_monsterinsights_sitenote_note":"","_monsterinsights_sitenote_category":0},"product_brand":[],"product_cat":[12689,12274],"product_tag":[],"class_list":{"0":"post-746244","1":"product","2":"type-product","3":"status-publish","5":"product_cat-cizgi-roman-cocuk-ve-genclik-kitaplari","6":"product_cat-cocuk-ve-genclik-kitaplari","7":"pa_cilt-ciltsiz","8":"pa_tur-kitap","9":"pa_yayinevi-sifir6-yayinevi","10":"pa_yazar-herman-melville","12":"first","13":"instock","14":"sale","15":"shipping-taxable","16":"purchasable","17":"product-type-simple"},"_links":{"self":[{"href":"https:\/\/roveyayinevi.com.tr\/index.php\/wp-json\/wp\/v2\/product\/746244","targetHints":{"allow":["GET"]}}],"collection":[{"href":"https:\/\/roveyayinevi.com.tr\/index.php\/wp-json\/wp\/v2\/product"}],"about":[{"href":"https:\/\/roveyayinevi.com.tr\/index.php\/wp-json\/wp\/v2\/types\/product"}],"wp:attachment":[{"href":"https:\/\/roveyayinevi.com.tr\/index.php\/wp-json\/wp\/v2\/media?parent=746244"}],"wp:term":[{"taxonomy":"product_brand","embeddable":true,"href":"https:\/\/roveyayinevi.com.tr\/index.php\/wp-json\/wp\/v2\/product_brand?post=746244"},{"taxonomy":"product_cat","embeddable":true,"href":"https:\/\/roveyayinevi.com.tr\/index.php\/wp-json\/wp\/v2\/product_cat?post=746244"},{"taxonomy":"product_tag","embeddable":true,"href":"https:\/\/roveyayinevi.com.tr\/index.php\/wp-json\/wp\/v2\/product_tag?post=746244"}],"curies":[{"name":"wp","href":"https:\/\/api.w.org\/{rel}","templated":true}]}}