{"id":746243,"date":"2025-08-28T02:38:09","date_gmt":"2025-08-27T23:38:09","guid":{"rendered":"https:\/\/roveyayinevi.com.tr\/index.php\/urun\/ates-ve-kan-ozel-baski-ciltli\/"},"modified":"2026-04-16T02:58:50","modified_gmt":"2026-04-15T23:58:50","slug":"ates-ve-kan-ozel-baski-ciltli","status":"publish","type":"product","link":"https:\/\/roveyayinevi.com.tr\/index.php\/urun\/ates-ve-kan-ozel-baski-ciltli\/","title":{"rendered":"Ate\u015f ve Kan \u2013 \u00d6zel Bask\u0131 (Ciltli)"},"content":{"rendered":"<p>Taht Oyunlar\u0131\u2019nda ya\u015fanan olaylardan y\u00fczy\u0131llar \u00f6nce, \u2013Valyria K\u0131yameti\u2019nden sa\u011f \u00e7\u0131kan tek ejderlordlar\u0131 ailesi olan\u2013 Targaryen Hanesi, Ejderha Kayas\u0131\u2019na yerle\u015fmi\u015fti. Bat\u0131diyar tarihinin en \u015fanl\u0131 ama bir o kadar da tart\u0131\u015fmal\u0131 hanesinin \u00f6yk\u00fcs\u00fc, Ate\u015f ve Kan\u2019da, ate\u015f ve kanla yaz\u0131l\u0131yor. Ejderhan\u0131n ejderhayla, karde\u015fin karde\u015fle sava\u015ft\u0131\u011f\u0131, bildi\u011fimiz anlamda Bat\u0131diyar&#8217;\u0131 Bat\u0131diyar yapan bu d\u00f6nem, Demir Taht\u2019\u0131n yarat\u0131c\u0131s\u0131 efsanevi Fatih Aegon\u2019la ba\u015fl\u0131yor. Fatih\u2019ten sonra gelen \u00e2limler ve zalimler, korkaklar ve kahramanlar ama en \u00e7ok da muazzam ejderhalar o taht\u0131 elinde tutmak isteyen kral ve krali\u00e7elerin h\u0131rslar\u0131n\u0131n bir par\u00e7as\u0131 oluyor. Peki Ejderhalar\u0131n Dans\u0131 boyunca asl\u0131nda neler ya\u015fand\u0131? Yedi Krall\u0131k nas\u0131l kuruldu? K\u0131yamet\u2019ten sonra Valyria\u2019y\u0131 ziyaret etmek neden o kadar tehlikeliydi? Daenerys\u2019in \u00fc\u00e7 ejderha yumurtas\u0131n\u0131n k\u00f6keni neydi? Hisar\u2019\u0131n bilge \u00fcstad\u0131 taraf\u0131ndan nakledilen ve ressam Doug Wheatley\u2019nin elinden \u00e7\u0131kma yepyeni siyah-beyaz ill\u00fcstrasyonlarla s\u00fcslenmi\u015f bu \u00e7ok \u00f6nemli tarih\u00e7ede cevab\u0131n\u0131 bulan sorular\u0131n birka\u00e7\u0131 i\u015fte bunlar.  Takvimler geriye d\u00f6n\u00fcyor, haneler y\u00fckselip y\u0131k\u0131l\u0131yor ve taht oyunlar\u0131n\u0131n hem en kolay hem de en zor oldu\u011fu d\u00f6nemde Targaryen tarihinin b\u00fct\u00fcn detaylar\u0131 ilk kez g\u00f6zlerimizin \u00f6n\u00fcne seriliyor. Tanr\u0131lar, Targaryenlar i\u00e7in bir kez daha yaz\u0131 tura at\u0131yor\u2026 Ya kan ya da ate\u015f.<\/p>\n","protected":false},"excerpt":{"rendered":"<p>Taht Oyunlar\u0131\u2019nda ya\u015fanan olaylardan y\u00fczy\u0131llar \u00f6nce, \u2013Valyria K\u0131yameti\u2019nden sa\u011f \u00e7\u0131kan tek ejderlordlar\u0131 ailesi olan\u2013 Targaryen Hanesi, Ejderha Kayas\u0131\u2019na yerle\u015fmi\u015fti. Bat\u0131diyar tarihinin en \u015fanl\u0131 ama bir o<span class=\"excerpt-hellip\"> [\u2026]<\/span><\/p>\n","protected":false},"featured_media":0,"template":"","meta":{"_monsterinsights_skip_tracking":false,"_monsterinsights_sitenote_active":false,"_monsterinsights_sitenote_note":"","_monsterinsights_sitenote_category":0},"product_brand":[],"product_cat":[12291,14777],"product_tag":[],"class_list":{"0":"post-746243","1":"product","2":"type-product","3":"status-publish","5":"product_cat-edebiyat","6":"product_cat-fantastik","7":"pa_cilt-ciltli","8":"pa_tur-kitap","9":"pa_yayinevi-epsilon-yayinlari","10":"pa_yazar-george-r-r-martin-gardner-dozois","12":"first","13":"instock","14":"sale","15":"shipping-taxable","16":"purchasable","17":"product-type-simple"},"_links":{"self":[{"href":"https:\/\/roveyayinevi.com.tr\/index.php\/wp-json\/wp\/v2\/product\/746243","targetHints":{"allow":["GET"]}}],"collection":[{"href":"https:\/\/roveyayinevi.com.tr\/index.php\/wp-json\/wp\/v2\/product"}],"about":[{"href":"https:\/\/roveyayinevi.com.tr\/index.php\/wp-json\/wp\/v2\/types\/product"}],"wp:attachment":[{"href":"https:\/\/roveyayinevi.com.tr\/index.php\/wp-json\/wp\/v2\/media?parent=746243"}],"wp:term":[{"taxonomy":"product_brand","embeddable":true,"href":"https:\/\/roveyayinevi.com.tr\/index.php\/wp-json\/wp\/v2\/product_brand?post=746243"},{"taxonomy":"product_cat","embeddable":true,"href":"https:\/\/roveyayinevi.com.tr\/index.php\/wp-json\/wp\/v2\/product_cat?post=746243"},{"taxonomy":"product_tag","embeddable":true,"href":"https:\/\/roveyayinevi.com.tr\/index.php\/wp-json\/wp\/v2\/product_tag?post=746243"}],"curies":[{"name":"wp","href":"https:\/\/api.w.org\/{rel}","templated":true}]}}