{"id":746240,"date":"2025-08-28T02:38:05","date_gmt":"2025-08-27T23:38:05","guid":{"rendered":"https:\/\/roveyayinevi.com.tr\/index.php\/urun\/ogretmenler-ve-metinler\/"},"modified":"2026-04-16T02:58:50","modified_gmt":"2026-04-15T23:58:50","slug":"ogretmenler-ve-metinler","status":"publish","type":"product","link":"https:\/\/roveyayinevi.com.tr\/index.php\/urun\/ogretmenler-ve-metinler\/","title":{"rendered":"\u00d6\u011fretmenler ve Metinler"},"content":{"rendered":"<p>Kitlesel e\u011fitimin temel \u00f6zellikleri y\u0131llard\u0131r tart\u0131\u015f\u0131l\u0131yor. Bu tart\u0131\u015fmalar kimi zaman e\u011fitimin devletle ili\u015fkisi kimi zaman da ideoloji ile ili\u015fkisine odaklan\u0131yor. G\u00f6z ard\u0131 edilenler aras\u0131nda ise \u00f6\u011fretmenler ve e\u011fitimin ekonomi politi\u011fi geliyor. Michael W. Apple \u00d6\u011fretmenler ve Metinler kitab\u0131nda, \u00f6\u011fretmenlerin ge\u00e7mi\u015ften bug\u00fcne nas\u0131l kontrol alt\u0131na al\u0131nd\u0131\u011f\u0131na, cinsiyete dayal\u0131 i\u015f b\u00f6l\u00fcm\u00fcndeki de\u011fi\u015fimlerle odaklan\u0131yor. Kontrol\u00fcn akt\u00f6r\u00fc olan egemen s\u00f6ylem, art\u0131k sadece ekonomik de\u011fil ayn\u0131 zamanda toplumsal cinsiyet kavramlar\u0131yla \u00e7evrelenmi\u015ftir. \u00d6\u011fretmenlik bir \u201ckad\u0131n i\u015fi\u201d h\u00e2line gelmi\u015ftir. Bu durum kad\u0131nlar\u0131n a\u00e7\u0131k bir \u015fekilde e\u015fit olmayan muameleye maruz kald\u0131\u011f\u0131 di\u011fer kad\u0131n eme\u011fi bi\u00e7imleriyle de ba\u011flant\u0131l\u0131d\u0131r.Apple\u2019\u0131n muhafazak\u00e2r restorasyon olarak tan\u0131mlad\u0131\u011f\u0131 egemen s\u00f6ylem ayn\u0131 zamanda \u00f6\u011fretmenlerin \u201cmetinlerle\u201d kurdu\u011fu ili\u015fkinin de belirleyicisidir. Ders kitaplar\u0131, \u00f6\u011fretim program\u0131 ve raporlar gibi metinler \u00f6zerk de\u011fildir. Metinlerden hem \u00f6\u011fretmenlerin \u00f6\u011fretim y\u00f6ntemlerini hem de program i\u00e7in me\u015fru kabul edilen bilgileri yeniden tan\u0131mlamak amac\u0131yla \u00e7o\u011fu muhafazak\u00e2r olan \u00e7e\u015fitli gruplardan gelen bask\u0131lar ve ekonomik beklentiler mevcuttur. E\u011fitim raporlar\u0131 ise teknik olarak ba\u015ftan sorunlu olan verilerini, genellikle k\u00f6t\u00fcye kullanmaktad\u0131rlar. Rapor haz\u0131rlay\u0131c\u0131lar\u0131, i\u015f g\u00fcc\u00fc piyasas\u0131na ve y\u00fcksek teknolojili i\u015flerin gelece\u011fine ili\u015fkin yanl\u0131\u015f bir g\u00f6r\u00fc\u015fteler ve okullarda kal\u0131c\u0131 de\u011fi\u015fiklikler yapmak i\u00e7in gerekli olabilecek \u015feyleri, b\u00fcy\u00fck \u00f6l\u00e7\u00fcde basitle\u015ftirerek toplumsal e\u015fitsizli\u011fin artmas\u0131na katk\u0131 sunuyorlar. Apple ise bu kitab\u0131nda kitlesel e\u011fitimin a\u00e7mazlar\u0131n\u0131 tarihsel olarak ortaya \u00e7\u0131kart\u0131yor ve bu sorunlar\u0131n \u00e7\u00f6z\u00fcm\u00fcne dair \u00f6neriler sunuyor.&#8221;Michael Apple, okulla\u015fman\u0131n ekonomi politi\u011fi ile alakal\u0131 ola\u011fan\u00fcst\u00fc kavray\u0131\u015f\u0131n\u0131 bir kez daha ispatlad\u0131&#8230; Apple, metinlerin \u00fcretiminde ve ekonomisinde, s\u0131n\u0131f ve cinsiyet ili\u015fkilerinin in\u015fas\u0131nda iktidar ayg\u0131tlar\u0131n\u0131n -okullar\u0131n hem i\u00e7inde hem d\u0131\u015f\u0131nda etkin olduklar\u0131ndan harikulade bir analizini sunuyor. \u00dcstelik Apple, metnin, \u00f6znelli\u011fin ve bilginin nas\u0131l yeniden \u00fcretildi\u011fini ve egemen d\u00fczene nas\u0131l meydan okudu\u011funu ortaya koymakla kalm\u0131yor, ayn\u0131 zamanda okullar\u0131 demokratik m\u00fccadele alanlar\u0131 ve pedagojiyi bir olas\u0131l\u0131k projesi olarak g\u00f6rmek i\u00e7in g\u00fc\u00e7l\u00fc bir \u00e7a\u011fr\u0131da bulunuyor. Ele\u015ftirel bir e\u011fitim teorisi geli\u015ftirmek isteyen herkes i\u00e7in bu kitab\u0131 okumak zorunluluktur.&#8221;Henry A. Giroux&#8221;&#8230; Bu k\u0131\u015fk\u0131rt\u0131c\u0131 incelemede, Apple, \u00f6\u011fretimin tarihsel yap\u0131s\u0131 ve cinsiyete dayal\u0131 i\u015f b\u00f6l\u00fcm\u00fc gibi son derece ihmal edilmi\u015f ancak olduk\u00e7a \u00f6nemli bir konuyu ele alarak cesur ve yenilik\u00e7i ara\u015ft\u0131rma gelene\u011fini s\u00fcrd\u00fcr\u00fcyor.&#8221;Peter McLaren<\/p>\n","protected":false},"excerpt":{"rendered":"<p>Kitlesel e\u011fitimin temel \u00f6zellikleri y\u0131llard\u0131r tart\u0131\u015f\u0131l\u0131yor. Bu tart\u0131\u015fmalar kimi zaman e\u011fitimin devletle ili\u015fkisi kimi zaman da ideoloji ile ili\u015fkisine odaklan\u0131yor. G\u00f6z ard\u0131 edilenler aras\u0131nda ise \u00f6\u011fretmenler<span class=\"excerpt-hellip\"> [\u2026]<\/span><\/p>\n","protected":false},"featured_media":0,"template":"","meta":{"_monsterinsights_skip_tracking":false,"_monsterinsights_sitenote_active":false,"_monsterinsights_sitenote_note":"","_monsterinsights_sitenote_category":0},"product_brand":[],"product_cat":[12573,12566],"product_tag":[],"class_list":{"0":"post-746240","1":"product","2":"type-product","3":"status-publish","5":"product_cat-akademik-kitaplar","6":"product_cat-egitim","7":"pa_cilt-ciltsiz","8":"pa_tur-kitap","9":"pa_yayinevi-yeni-insan-yayinlari","10":"pa_yazar-michael-w-apple","12":"first","13":"instock","14":"sale","15":"shipping-taxable","16":"purchasable","17":"product-type-simple"},"_links":{"self":[{"href":"https:\/\/roveyayinevi.com.tr\/index.php\/wp-json\/wp\/v2\/product\/746240","targetHints":{"allow":["GET"]}}],"collection":[{"href":"https:\/\/roveyayinevi.com.tr\/index.php\/wp-json\/wp\/v2\/product"}],"about":[{"href":"https:\/\/roveyayinevi.com.tr\/index.php\/wp-json\/wp\/v2\/types\/product"}],"wp:attachment":[{"href":"https:\/\/roveyayinevi.com.tr\/index.php\/wp-json\/wp\/v2\/media?parent=746240"}],"wp:term":[{"taxonomy":"product_brand","embeddable":true,"href":"https:\/\/roveyayinevi.com.tr\/index.php\/wp-json\/wp\/v2\/product_brand?post=746240"},{"taxonomy":"product_cat","embeddable":true,"href":"https:\/\/roveyayinevi.com.tr\/index.php\/wp-json\/wp\/v2\/product_cat?post=746240"},{"taxonomy":"product_tag","embeddable":true,"href":"https:\/\/roveyayinevi.com.tr\/index.php\/wp-json\/wp\/v2\/product_tag?post=746240"}],"curies":[{"name":"wp","href":"https:\/\/api.w.org\/{rel}","templated":true}]}}