{"id":746239,"date":"2025-08-28T02:38:04","date_gmt":"2025-08-27T23:38:04","guid":{"rendered":"https:\/\/roveyayinevi.com.tr\/index.php\/urun\/bu-nasil-kusak-farki\/"},"modified":"2026-04-08T03:06:00","modified_gmt":"2026-04-08T00:06:00","slug":"bu-nasil-kusak-farki","status":"publish","type":"product","link":"https:\/\/roveyayinevi.com.tr\/index.php\/urun\/bu-nasil-kusak-farki\/","title":{"rendered":"Bu Nas\u0131l Ku\u015fak Fark\u0131?"},"content":{"rendered":"<p>Bildi\u011finiz b\u00fct\u00fcn ku\u015fak farklar\u0131n\u0131 unutun!   Bir anneanne d\u00fc\u015f\u00fcn\u00fcn ki zamanla tek ili\u015fkisi kolundaki durmu\u015f saati. Bir bakm\u0131\u015fs\u0131n\u0131z Efes Antik Kenti\u2019nde, bir bakm\u0131\u015fs\u0131n\u0131z Nemrut\u2019un eteklerinde. Videolar\u0131n\u0131 y\u00fckledi\u011fi YouTube kanal\u0131 bile var. \u00dcstelik siyah ku\u015fak karateci de! Torunuysa daha yolun ba\u015f\u0131nda, beyaz ku\u015fakl\u0131 \u00f6\u011frencisi onun.   Zamana meydan okuyan \u00e7\u0131lg\u0131n ikiliyle tan\u0131\u015fmaya haz\u0131r m\u0131s\u0131n\u0131z? <\/p>\n","protected":false},"excerpt":{"rendered":"<p>Bildi\u011finiz b\u00fct\u00fcn ku\u015fak farklar\u0131n\u0131 unutun! Bir anneanne d\u00fc\u015f\u00fcn\u00fcn ki zamanla tek ili\u015fkisi kolundaki durmu\u015f saati. Bir bakm\u0131\u015fs\u0131n\u0131z Efes Antik Kenti\u2019nde, bir bakm\u0131\u015fs\u0131n\u0131z Nemrut\u2019un eteklerinde. Videolar\u0131n\u0131 y\u00fckledi\u011fi<span class=\"excerpt-hellip\"> [\u2026]<\/span><\/p>\n","protected":false},"featured_media":0,"template":"","meta":{"_monsterinsights_skip_tracking":false,"_monsterinsights_sitenote_active":false,"_monsterinsights_sitenote_note":"","_monsterinsights_sitenote_category":0},"product_brand":[],"product_cat":[12274,12284],"product_tag":[],"class_list":{"0":"post-746239","1":"product","2":"type-product","3":"status-publish","5":"product_cat-cocuk-ve-genclik-kitaplari","6":"product_cat-hikayeler","7":"pa_cilt-ciltsiz","8":"pa_tur-kitap","9":"pa_yayinevi-kirmizi-kedi-yayinevi","10":"pa_yazar-sema-gunaydin-cinar","12":"first","13":"instock","14":"sale","15":"shipping-taxable","16":"purchasable","17":"product-type-simple"},"_links":{"self":[{"href":"https:\/\/roveyayinevi.com.tr\/index.php\/wp-json\/wp\/v2\/product\/746239","targetHints":{"allow":["GET"]}}],"collection":[{"href":"https:\/\/roveyayinevi.com.tr\/index.php\/wp-json\/wp\/v2\/product"}],"about":[{"href":"https:\/\/roveyayinevi.com.tr\/index.php\/wp-json\/wp\/v2\/types\/product"}],"wp:attachment":[{"href":"https:\/\/roveyayinevi.com.tr\/index.php\/wp-json\/wp\/v2\/media?parent=746239"}],"wp:term":[{"taxonomy":"product_brand","embeddable":true,"href":"https:\/\/roveyayinevi.com.tr\/index.php\/wp-json\/wp\/v2\/product_brand?post=746239"},{"taxonomy":"product_cat","embeddable":true,"href":"https:\/\/roveyayinevi.com.tr\/index.php\/wp-json\/wp\/v2\/product_cat?post=746239"},{"taxonomy":"product_tag","embeddable":true,"href":"https:\/\/roveyayinevi.com.tr\/index.php\/wp-json\/wp\/v2\/product_tag?post=746239"}],"curies":[{"name":"wp","href":"https:\/\/api.w.org\/{rel}","templated":true}]}}