{"id":746237,"date":"2025-08-28T02:38:01","date_gmt":"2025-08-27T23:38:01","guid":{"rendered":"https:\/\/roveyayinevi.com.tr\/index.php\/urun\/ayana\/"},"modified":"2026-04-16T02:58:50","modified_gmt":"2026-04-15T23:58:50","slug":"ayana","status":"publish","type":"product","link":"https:\/\/roveyayinevi.com.tr\/index.php\/urun\/ayana\/","title":{"rendered":"Ayana"},"content":{"rendered":"<p>\u201cArt\u0131k zaman\u0131n geldi Ayana&#8230; Ya benim ruhumu ta\u015f\u0131yacaks\u0131n, ya delireceksin&#8230; Ormana gel. Her \u015feyi arkanda b\u0131rak. Kendini bana ver!\u201d   \u201cT\u00fcrkler nas\u0131l M\u00fcsl\u00fcman oldu? G\u00f6k Tengri\u2019den ve \u015eamanizm\u2019den nas\u0131l vazge\u00e7ti? Araplar\u0131n \u0130slam\u2019\u0131 yayma faaliyetleri s\u0131ras\u0131nda ka\u00e7 y\u00fcz bin T\u00fcrk k\u0131l\u0131\u00e7tan ge\u00e7irildi?\u201d sorular\u0131n\u0131n cevab\u0131n\u0131 bulmak i\u00e7in \u015eamanizm ve G\u00f6k Tengri \u0130nan\u00e7 Sistemi\u2019nin pe\u015fine d\u00fc\u015fen Sevil, ula\u015ft\u0131\u011f\u0131 ger\u00e7ekleri anlatmaya ba\u015flad\u0131\u011f\u0131nda bu iki kadim dine Satanizm g\u00f6z\u00fcyle bakan milliyet\u00e7ilerin hedefi haline gelir. Zira Sevil\u2019in s\u00f6yledikleri \u201cc\u0131s\u201dt\u0131, dokunan\u0131 yakard\u0131.B\u00fcy\u00fck bir bask\u0131 alt\u0131nda, kendi gibi d\u00fc\u015f\u00fcnen birilerini bulmaya \u00e7al\u0131\u015f\u0131rken Sevil\u2019in yolu Amasya\u2019n\u0131n uzak bir k\u00f6y\u00fcnde \u015fifa da\u011f\u0131tan ve gelecekten haber veren bir kad\u0131nla, \u201cAyana Hatun\u201d ile kesi\u015fir. \u201cDert yerde, \u015fifa g\u00f6ktedir. Bize d\u00fc\u015fen g\u00f6rev, \u015fifay\u0131 g\u00f6kten indirip derde deva olmakt\u0131r\u201d diyen Ayana Hatun i\u00e7in de, Sevil i\u00e7in de hem bir ayd\u0131nlanma hem de bir ka\u00e7ma kovalamaca s\u00fcreci ba\u015flayacak, hayat art\u0131k eskisi gibi olmayacakt\u0131r. Gazeteci, yazar Mustafa Mutlu, kimi kesimlerin \u0131srarla g\u00f6rmezden gelmeye \u00e7al\u0131\u015ft\u0131\u011f\u0131 konular\u0131 bu kez Ayana roman\u0131nda i\u015fliyor. <\/p>\n","protected":false},"excerpt":{"rendered":"<p>\u201cArt\u0131k zaman\u0131n geldi Ayana&#8230; Ya benim ruhumu ta\u015f\u0131yacaks\u0131n, ya delireceksin&#8230; Ormana gel. Her \u015feyi arkanda b\u0131rak. Kendini bana ver!\u201d \u201cT\u00fcrkler nas\u0131l M\u00fcsl\u00fcman oldu? G\u00f6k Tengri\u2019den ve<span class=\"excerpt-hellip\"> [\u2026]<\/span><\/p>\n","protected":false},"featured_media":0,"template":"","meta":{"_monsterinsights_skip_tracking":false,"_monsterinsights_sitenote_active":false,"_monsterinsights_sitenote_note":"","_monsterinsights_sitenote_category":0},"product_brand":[],"product_cat":[12291,12711],"product_tag":[],"class_list":{"0":"post-746237","1":"product","2":"type-product","3":"status-publish","5":"product_cat-edebiyat","6":"product_cat-roman-oyku","7":"pa_cilt-ciltsiz","8":"pa_tur-kitap","9":"pa_yayinevi-kirmizi-kedi-yayinevi","10":"pa_yazar-mustafa-mutlu","12":"first","13":"instock","14":"sale","15":"shipping-taxable","16":"purchasable","17":"product-type-simple"},"_links":{"self":[{"href":"https:\/\/roveyayinevi.com.tr\/index.php\/wp-json\/wp\/v2\/product\/746237","targetHints":{"allow":["GET"]}}],"collection":[{"href":"https:\/\/roveyayinevi.com.tr\/index.php\/wp-json\/wp\/v2\/product"}],"about":[{"href":"https:\/\/roveyayinevi.com.tr\/index.php\/wp-json\/wp\/v2\/types\/product"}],"wp:attachment":[{"href":"https:\/\/roveyayinevi.com.tr\/index.php\/wp-json\/wp\/v2\/media?parent=746237"}],"wp:term":[{"taxonomy":"product_brand","embeddable":true,"href":"https:\/\/roveyayinevi.com.tr\/index.php\/wp-json\/wp\/v2\/product_brand?post=746237"},{"taxonomy":"product_cat","embeddable":true,"href":"https:\/\/roveyayinevi.com.tr\/index.php\/wp-json\/wp\/v2\/product_cat?post=746237"},{"taxonomy":"product_tag","embeddable":true,"href":"https:\/\/roveyayinevi.com.tr\/index.php\/wp-json\/wp\/v2\/product_tag?post=746237"}],"curies":[{"name":"wp","href":"https:\/\/api.w.org\/{rel}","templated":true}]}}