{"id":746235,"date":"2025-08-28T02:37:59","date_gmt":"2025-08-27T23:37:59","guid":{"rendered":"https:\/\/roveyayinevi.com.tr\/index.php\/urun\/covid-19-salgininda-halk-sagligi-calisanlarinin-yapmasi-gerekenler\/"},"modified":"2026-04-16T02:58:50","modified_gmt":"2026-04-15T23:58:50","slug":"covid-19-salgininda-halk-sagligi-calisanlarinin-yapmasi-gerekenler","status":"publish","type":"product","link":"https:\/\/roveyayinevi.com.tr\/index.php\/urun\/covid-19-salgininda-halk-sagligi-calisanlarinin-yapmasi-gerekenler\/","title":{"rendered":"Covid-19 Salg\u0131n\u0131nda Halk Sa\u011fl\u0131\u011f\u0131 \u00c7al\u0131\u015fanlar\u0131n\u0131n Yapmas\u0131 Gerekenler"},"content":{"rendered":"<p>Bu kitapta yer alan olgular Dokuz Eyl\u00fcl \u00dcniversitesi T\u0131p Fak\u00fcltesi Halk Sa\u011fl\u0131\u011f\u0131 Anabilim Dal\u0131 ara\u015ft\u0131rma g\u00f6revlileri, yan dal uzmanl\u0131k \u00f6\u011frencileri ve \u00f6\u011fretim \u00fcyelerinin pandemi s\u00fcrecinde etkin g\u00f6rev ald\u0131klar\u0131 alanlarda edindikleri deneyimlere dayanmaktad\u0131r. Amac\u0131m\u0131z COVID-19 \u00f6zelinde edindi\u011fimiz bilgi ve becerileri deneyimlerimize dayal\u0131 olarak okurlarla payla\u015fmakt\u0131r. Okuyucular\u0131n, salg\u0131nla sava\u015f\u0131mda kullanacaklar\u0131 bilgi ve becerilere y\u00f6nelik hedeflere e\u011flenceli, zevkli bir kurguyla eri\u015fmelerini sa\u011flamak ama\u00e7lanm\u0131\u015ft\u0131r.   Bu amaca ula\u015fabilmek i\u00e7in, etkile\u015fimli bir kurgu i\u00e7inde okurlar\u0131 kitab\u0131n i\u00e7ine \u00e7ekmek hedeflenmi\u015ftir. \u0130lk b\u00f6l\u00fcmlerdeki temel kuramsal ve uygulamaya y\u00f6nelik kavramlar, izleyen senaryolarla peki\u015ftirilmi\u015ftir. Ayr\u0131ca kutucuklar i\u00e7inde salg\u0131nla ilgili okuma (roman, \u00f6yk\u00fc vb) ve seyretme (film, belgesel) \u00f6nerilerinde bulunulmu\u015ftur. Okuyucu senaryolar\u0131 okurken bir emek vermek, sorular\u0131 yan\u0131tlamak ve bo\u015f kutular\u0131 doldurmak durumundad\u0131r. Yan\u0131tlar ise son b\u00f6l\u00fcmlerde sunulmu\u015ftur. B\u00f6ylelikle farkl\u0131 deneyimleri olan okuyucunun okuma s\u00fcrecine ve kitaba kendinden, deneyimlerinden katk\u0131 verebilmesi hedeflenmi\u015ftir. Her b\u00f6l\u00fcm\u00fcn sonunda ve kitab\u0131n bitiminde de baz\u0131 peki\u015ftirici sorulara ve yan\u0131tlar\u0131na yer verilmi\u015ftir. <\/p>\n","protected":false},"excerpt":{"rendered":"<p>Bu kitapta yer alan olgular Dokuz Eyl\u00fcl \u00dcniversitesi T\u0131p Fak\u00fcltesi Halk Sa\u011fl\u0131\u011f\u0131 Anabilim Dal\u0131 ara\u015ft\u0131rma g\u00f6revlileri, yan dal uzmanl\u0131k \u00f6\u011frencileri ve \u00f6\u011fretim \u00fcyelerinin pandemi s\u00fcrecinde etkin<span class=\"excerpt-hellip\"> [\u2026]<\/span><\/p>\n","protected":false},"featured_media":0,"template":"","meta":{"_monsterinsights_skip_tracking":false,"_monsterinsights_sitenote_active":false,"_monsterinsights_sitenote_note":"","_monsterinsights_sitenote_category":0},"product_brand":[],"product_cat":[13366,13365],"product_tag":[],"class_list":{"0":"post-746235","1":"product","2":"type-product","3":"status-publish","5":"product_cat-diger-saglik","6":"product_cat-saglik","7":"pa_cilt-ciltsiz","8":"pa_tur-kitap","9":"pa_yayinevi-yeni-insan-yayinlari","10":"pa_yazar-kolektif","12":"first","13":"instock","14":"sale","15":"shipping-taxable","16":"purchasable","17":"product-type-simple"},"_links":{"self":[{"href":"https:\/\/roveyayinevi.com.tr\/index.php\/wp-json\/wp\/v2\/product\/746235","targetHints":{"allow":["GET"]}}],"collection":[{"href":"https:\/\/roveyayinevi.com.tr\/index.php\/wp-json\/wp\/v2\/product"}],"about":[{"href":"https:\/\/roveyayinevi.com.tr\/index.php\/wp-json\/wp\/v2\/types\/product"}],"wp:attachment":[{"href":"https:\/\/roveyayinevi.com.tr\/index.php\/wp-json\/wp\/v2\/media?parent=746235"}],"wp:term":[{"taxonomy":"product_brand","embeddable":true,"href":"https:\/\/roveyayinevi.com.tr\/index.php\/wp-json\/wp\/v2\/product_brand?post=746235"},{"taxonomy":"product_cat","embeddable":true,"href":"https:\/\/roveyayinevi.com.tr\/index.php\/wp-json\/wp\/v2\/product_cat?post=746235"},{"taxonomy":"product_tag","embeddable":true,"href":"https:\/\/roveyayinevi.com.tr\/index.php\/wp-json\/wp\/v2\/product_tag?post=746235"}],"curies":[{"name":"wp","href":"https:\/\/api.w.org\/{rel}","templated":true}]}}