{"id":746233,"date":"2025-08-28T02:37:56","date_gmt":"2025-08-27T23:37:56","guid":{"rendered":"https:\/\/roveyayinevi.com.tr\/index.php\/urun\/esyalarin-patriyarkasi\/"},"modified":"2026-02-03T03:11:56","modified_gmt":"2026-02-03T00:11:56","slug":"esyalarin-patriyarkasi","status":"publish","type":"product","link":"https:\/\/roveyayinevi.com.tr\/index.php\/urun\/esyalarin-patriyarkasi\/","title":{"rendered":"E\u015fyalar\u0131n Patriyarkas\u0131"},"content":{"rendered":"<p>\u201cTasar\u0131m, bizim fikirlerimize verdig\u0306imiz bic\u0327imdir. I\u0307nsan yap\u0131m\u0131 olan her s\u0327ey tasarlanm\u0131s\u0327t\u0131r. Hem maddi du\u0308nyan\u0131n es\u0327yalar\u0131n\u0131 -arabalar, seks oyuncaklar\u0131, matkaplar, bisikletler, k\u0131yafetler gibi- hem de sosyal tasar\u0131m gibi -kamusal alan, s\u0327ehir planlamas\u0131, ayr\u0131ca dil, yasalar ve politika- maddi olmayan s\u0327eyleri ic\u0327erir. [&#8230;] Bu kitap, du\u0308nyan\u0131n neden s\u0327u anda oldug\u0306u gibi oldug\u0306u ve neden pek c\u0327ok insana uymad\u0131g\u0306\u0131 hakk\u0131nda. Ve onu deg\u0306is\u0327tirmek ic\u0327in ne yapabileceg\u0306imiz hakk\u0131nda. Bu, c\u0327ic\u0327ekli elbisenin o\u0308yku\u0308su\u0308du\u0308r, t\u0131pk\u0131 futbol ayakkab\u0131lar\u0131n\u0131nki gibi; video oyunlar\u0131n\u0131n, seksin ve dinin o\u0308yku\u0308su\u0308.\u201d Kad\u0131nlar neden tuvalet s\u0131ras\u0131nda daha uzun beklemek zorunda kal\u0131yor? Elektrikli aletleri neden erkekler daha rahat kullan\u0131yor? Bilgisayar oyunlar\u0131n\u0131n bu\u0308yu\u0308k c\u0327og\u0306unlug\u0306u neden erkeklerin ilgilerine, heveslerine hitap ediyor? Maddi du\u0308nyam\u0131z\u0131, bu\u0308tu\u0308n es\u0327yam\u0131z\u0131 s\u0327ekillendiren tasar\u0131mc\u0131, patriyarkan\u0131n ta kendisi olabilir mi? Rebekka Endler Es\u0327yalar\u0131n Patriyarkas\u0131\u2019nda, ic\u0327inde yas\u0327ad\u0131g\u0306\u0131m\u0131z maddi du\u0308nyaya hu\u0308kmeden erkek egemen tasar\u0131m\u0131n izini su\u0308ru\u0308yor: Sadece ofis mobilyalar\u0131 ya da kot pantolon gibi gu\u0308nlu\u0308k es\u0327yalar\u0131n deg\u0306il, kamusal alan\u0131 olus\u0327turan mimari, altyap\u0131 ve ulas\u0327\u0131m du\u0308zenlemelerinin de, hatta Bat\u0131 t\u0131bb\u0131nda uygulanan tes\u0327his ve tedavi yo\u0308ntemlerinin bile erkeklere go\u0308re belirlendig\u0306ini go\u0308steriyor. Es\u0327yalar\u0131n Patriyarkas\u0131, verili kabul ettig\u0306imiz yap\u0131l\u0131 c\u0327evreye feminist bir go\u0308zle bak\u0131yor &#8211; ve bizi es\u0327yaya sinmis\u0327 olan erkek-egemenlig\u0306ine dair yeni bir fark\u0131ndal\u0131g\u0306a davet ediyor.<\/p>\n","protected":false},"excerpt":{"rendered":"<p>\u201cTasar\u0131m, bizim fikirlerimize verdig\u0306imiz bic\u0327imdir. I\u0307nsan yap\u0131m\u0131 olan her s\u0327ey tasarlanm\u0131s\u0327t\u0131r. Hem maddi du\u0308nyan\u0131n es\u0327yalar\u0131n\u0131 -arabalar, seks oyuncaklar\u0131, matkaplar, bisikletler, k\u0131yafetler gibi- hem de sosyal tasar\u0131m<span class=\"excerpt-hellip\"> [\u2026]<\/span><\/p>\n","protected":false},"featured_media":0,"template":"","meta":{"_monsterinsights_skip_tracking":false,"_monsterinsights_sitenote_active":false,"_monsterinsights_sitenote_note":"","_monsterinsights_sitenote_category":0},"product_brand":[],"product_cat":[13072,12291],"product_tag":[],"class_list":{"0":"post-746233","1":"product","2":"type-product","3":"status-publish","5":"product_cat-arastirma-inceleme-referans","6":"product_cat-edebiyat","7":"pa_cilt-ciltsiz","8":"pa_tur-kitap","9":"pa_yayinevi-iletisim-yayinlari","10":"pa_yazar-rebekka-endler","12":"first","13":"instock","14":"sale","15":"shipping-taxable","16":"purchasable","17":"product-type-simple"},"_links":{"self":[{"href":"https:\/\/roveyayinevi.com.tr\/index.php\/wp-json\/wp\/v2\/product\/746233","targetHints":{"allow":["GET"]}}],"collection":[{"href":"https:\/\/roveyayinevi.com.tr\/index.php\/wp-json\/wp\/v2\/product"}],"about":[{"href":"https:\/\/roveyayinevi.com.tr\/index.php\/wp-json\/wp\/v2\/types\/product"}],"wp:attachment":[{"href":"https:\/\/roveyayinevi.com.tr\/index.php\/wp-json\/wp\/v2\/media?parent=746233"}],"wp:term":[{"taxonomy":"product_brand","embeddable":true,"href":"https:\/\/roveyayinevi.com.tr\/index.php\/wp-json\/wp\/v2\/product_brand?post=746233"},{"taxonomy":"product_cat","embeddable":true,"href":"https:\/\/roveyayinevi.com.tr\/index.php\/wp-json\/wp\/v2\/product_cat?post=746233"},{"taxonomy":"product_tag","embeddable":true,"href":"https:\/\/roveyayinevi.com.tr\/index.php\/wp-json\/wp\/v2\/product_tag?post=746233"}],"curies":[{"name":"wp","href":"https:\/\/api.w.org\/{rel}","templated":true}]}}