{"id":746230,"date":"2025-08-28T02:37:51","date_gmt":"2025-08-27T23:37:51","guid":{"rendered":"https:\/\/roveyayinevi.com.tr\/index.php\/urun\/gunes-dil-teorisi-uzerine-ders-notlari\/"},"modified":"2025-09-24T15:04:22","modified_gmt":"2025-09-24T12:04:22","slug":"gunes-dil-teorisi-uzerine-ders-notlari","status":"publish","type":"product","link":"https:\/\/roveyayinevi.com.tr\/index.php\/urun\/gunes-dil-teorisi-uzerine-ders-notlari\/","title":{"rendered":"G\u00fcne\u015f-Dil Teorisi \u00dczerine Ders Notlar\u0131"},"content":{"rendered":"<p>Tarih\u00ee eserlerden \u00f6\u011frendi\u011fimize g\u00f6re \u201cG\u00fcne\u015f K\u00fclt\u00fc\u201d T\u00fcrklerde pek eskidir. Bu k\u00fclt\u00fcn tarih\u00ee devirlere, tarihten \u00f6nceki zamanlarda k\u00f6kle\u015fmi\u015f bir k\u00fclt\u00fcn devam\u0131 olarak intikal etti\u011finde \u015f\u00fcphe yoktur. \u00c7in tarih kaynaklar\u0131nda tespit edildi\u011fine g\u00f6re, Hunlar\u0131n \u0130mparatoru La-O\u015fan Giyuy (B\u00fcy\u00fck Mete\u2019nin o\u011flu) \u00c7in \u0130mparatoruna yazd\u0131\u011f\u0131 mektupta \u201cYer ve G\u00f6kten do\u011fmu\u015f, G\u00fcne\u015f ve Ay taraf\u0131ndan memur edilmi\u015f, Hunlar\u0131n b\u00fcy\u00fck Hakan\u0131&#8230;\u201d diye yaz\u0131yordu. Eski zamanlarda \u201cG\u00f6k\u201d , \u201cYer\u201d , \u201cG\u00fcne\u015f\u201d , \u201cAy\u201d ve \u201cY\u0131ld\u0131zlar\u0131n tek bir kelime ile ifade edildi\u011fi tahakkuk etmi\u015ftir. Bu meyanda eski T\u00fcrklerin de kendilerine \u015fef olarak tan\u0131d\u0131klar\u0131 b\u00fcy\u00fcklerin \u201csema o\u011flu\u201d (yani \u201cG\u00fcne\u015f o\u011flu\u201d) oldu\u011funa dair akideleri \u201cG\u00fcne\u015f-Dil Teorisi\u201d bak\u0131m\u0131ndan dikkate \u015fayan bir ehemmiyeti haizdir. Hunlar\u0131n sabahleyin \u201cG\u00fcne\u015f\u2019e, geceleyin \u201cAy\u2019a tapt\u0131klar\u0131 da \u00c7in kaynaklar\u0131nda yaz\u0131lm\u0131\u015ft\u0131r   <\/p>\n","protected":false},"excerpt":{"rendered":"<p>Tarih\u00ee eserlerden \u00f6\u011frendi\u011fimize g\u00f6re \u201cG\u00fcne\u015f K\u00fclt\u00fc\u201d T\u00fcrklerde pek eskidir. Bu k\u00fclt\u00fcn tarih\u00ee devirlere, tarihten \u00f6nceki zamanlarda k\u00f6kle\u015fmi\u015f bir k\u00fclt\u00fcn devam\u0131 olarak intikal etti\u011finde \u015f\u00fcphe yoktur. \u00c7in<span class=\"excerpt-hellip\"> [\u2026]<\/span><\/p>\n","protected":false},"featured_media":0,"template":"","meta":{"_monsterinsights_skip_tracking":false,"_monsterinsights_sitenote_active":false,"_monsterinsights_sitenote_note":"","_monsterinsights_sitenote_category":0},"product_brand":[],"product_cat":[20225,12291],"product_tag":[],"class_list":{"0":"post-746230","1":"product","2":"type-product","3":"status-publish","5":"product_cat-dil-bilim","6":"product_cat-edebiyat","7":"pa_cilt-ciltsiz","8":"pa_tur-kitap","9":"pa_yayinevi-altinordu-yayinlari","10":"pa_yazar-abdulkadir-inan","12":"first","13":"instock","14":"sale","15":"shipping-taxable","16":"purchasable","17":"product-type-simple"},"_links":{"self":[{"href":"https:\/\/roveyayinevi.com.tr\/index.php\/wp-json\/wp\/v2\/product\/746230","targetHints":{"allow":["GET"]}}],"collection":[{"href":"https:\/\/roveyayinevi.com.tr\/index.php\/wp-json\/wp\/v2\/product"}],"about":[{"href":"https:\/\/roveyayinevi.com.tr\/index.php\/wp-json\/wp\/v2\/types\/product"}],"wp:attachment":[{"href":"https:\/\/roveyayinevi.com.tr\/index.php\/wp-json\/wp\/v2\/media?parent=746230"}],"wp:term":[{"taxonomy":"product_brand","embeddable":true,"href":"https:\/\/roveyayinevi.com.tr\/index.php\/wp-json\/wp\/v2\/product_brand?post=746230"},{"taxonomy":"product_cat","embeddable":true,"href":"https:\/\/roveyayinevi.com.tr\/index.php\/wp-json\/wp\/v2\/product_cat?post=746230"},{"taxonomy":"product_tag","embeddable":true,"href":"https:\/\/roveyayinevi.com.tr\/index.php\/wp-json\/wp\/v2\/product_tag?post=746230"}],"curies":[{"name":"wp","href":"https:\/\/api.w.org\/{rel}","templated":true}]}}