{"id":746229,"date":"2025-08-28T02:37:41","date_gmt":"2025-08-27T23:37:41","guid":{"rendered":"https:\/\/roveyayinevi.com.tr\/index.php\/urun\/istanbulun-bodrum-katlari\/"},"modified":"2026-04-16T02:58:50","modified_gmt":"2026-04-15T23:58:50","slug":"istanbulun-bodrum-katlari","status":"publish","type":"product","link":"https:\/\/roveyayinevi.com.tr\/index.php\/urun\/istanbulun-bodrum-katlari\/","title":{"rendered":"\u0130stanbul\u2019un Bodrum Katlar\u0131"},"content":{"rendered":"<p>\u0130nsan l\u00fcks otelde tatil yap\u0131yor diye ya da pahal\u0131 bir tekneye sahip diye de\u011fil, kendini hayata ait hissetti\u011finde ya\u015far. Denize naz\u0131r mek\u00e2nlarda raconuna g\u00f6re e\u011flendi\u011finde ya\u015famaz kimse, mevsimleri fark etti\u011finde ya\u015far. L\u00fcks restoranda poz vere vere yemek yerken ya\u015famaz insan, tavadaki menemenin dibini s\u0131y\u0131rmak i\u00e7in sevdikleriyle iti\u015fti\u011finde ya\u015far. Ev alman\u0131n, araba sahibi olman\u0131n, araba de\u011ferinde saat takman\u0131n, pahal\u0131 mek\u00e2nlara girip \u00e7\u0131kman\u0131n ya\u015famakla alakas\u0131 yok. Ya\u015famak dokunmakla, koklamakla, sevmekle, sonbaharla, yazla, g\u00fcne\u015fle, ya\u011fmurla, g\u00fcl\u00fcp a\u011flamakla, anla\u015fmakla ve anla\u015f\u0131lmakla ilgili bir \u015fey. Basit \u015feyler istedi\u011finde ya\u015fars\u0131n, ola\u011fan ak\u0131\u015f\u0131n par\u00e7as\u0131 olabildi\u011finde&#8230; Di\u011ferinin ad\u0131 sadece paral\u0131 olmak. Para zenginlerindir; ya\u015famak ise isteyen herkesin, hepimizin&#8230;<\/p>\n","protected":false},"excerpt":{"rendered":"<p>\u0130nsan l\u00fcks otelde tatil yap\u0131yor diye ya da pahal\u0131 bir tekneye sahip diye de\u011fil, kendini hayata ait hissetti\u011finde ya\u015far. Denize naz\u0131r mek\u00e2nlarda raconuna g\u00f6re e\u011flendi\u011finde ya\u015famaz<span class=\"excerpt-hellip\"> [\u2026]<\/span><\/p>\n","protected":false},"featured_media":0,"template":"","meta":{"_monsterinsights_skip_tracking":false,"_monsterinsights_sitenote_active":false,"_monsterinsights_sitenote_note":"","_monsterinsights_sitenote_category":0},"product_brand":[],"product_cat":[12291,12711],"product_tag":[],"class_list":{"0":"post-746229","1":"product","2":"type-product","3":"status-publish","5":"product_cat-edebiyat","6":"product_cat-roman-oyku","7":"pa_cilt-ciltsiz","8":"pa_tur-kitap","9":"pa_yayinevi-masa-kitap","10":"pa_yazar-ceren-ceran","12":"first","13":"instock","14":"sale","15":"shipping-taxable","16":"purchasable","17":"product-type-simple"},"_links":{"self":[{"href":"https:\/\/roveyayinevi.com.tr\/index.php\/wp-json\/wp\/v2\/product\/746229","targetHints":{"allow":["GET"]}}],"collection":[{"href":"https:\/\/roveyayinevi.com.tr\/index.php\/wp-json\/wp\/v2\/product"}],"about":[{"href":"https:\/\/roveyayinevi.com.tr\/index.php\/wp-json\/wp\/v2\/types\/product"}],"wp:attachment":[{"href":"https:\/\/roveyayinevi.com.tr\/index.php\/wp-json\/wp\/v2\/media?parent=746229"}],"wp:term":[{"taxonomy":"product_brand","embeddable":true,"href":"https:\/\/roveyayinevi.com.tr\/index.php\/wp-json\/wp\/v2\/product_brand?post=746229"},{"taxonomy":"product_cat","embeddable":true,"href":"https:\/\/roveyayinevi.com.tr\/index.php\/wp-json\/wp\/v2\/product_cat?post=746229"},{"taxonomy":"product_tag","embeddable":true,"href":"https:\/\/roveyayinevi.com.tr\/index.php\/wp-json\/wp\/v2\/product_tag?post=746229"}],"curies":[{"name":"wp","href":"https:\/\/api.w.org\/{rel}","templated":true}]}}