{"id":746227,"date":"2025-08-28T02:37:38","date_gmt":"2025-08-27T23:37:38","guid":{"rendered":"https:\/\/roveyayinevi.com.tr\/index.php\/urun\/akis-dergisi-umit-ve-hayal-kirikligi-1954-1957-1-cilt\/"},"modified":"2026-04-16T02:58:49","modified_gmt":"2026-04-15T23:58:49","slug":"akis-dergisi-umit-ve-hayal-kirikligi-1954-1957-1-cilt","status":"publish","type":"product","link":"https:\/\/roveyayinevi.com.tr\/index.php\/urun\/akis-dergisi-umit-ve-hayal-kirikligi-1954-1957-1-cilt\/","title":{"rendered":"Akis Dergisi \u00dcmit ve Hayal K\u0131r\u0131kl\u0131\u011f\u0131 (1954-1957) (1. Cilt)"},"content":{"rendered":"<p>Cumhuriyet tarihinin \u00f6nde gelen uzmanlar\u0131ndan Cemil Ko\u00e7ak, yak\u0131n tarihimizin kritik d\u00f6neme\u00e7lerinden Demokrat Parti ve sonras\u0131n\u0131n siyasi tarihini d\u00f6nemin en etkili dergisi Akis \u00fczerinden okuyor. \u0130smet \u0130n\u00f6n\u00fc\u2019n\u00fcn damad\u0131 Metin Toker\u2019in sahibi oldu\u011fu Akis, 1954-1967 y\u0131llar\u0131 aras\u0131nda Cumhuriyet\u2019in \u201cm\u00fcnevverleri\u201dne hitap eden haftal\u0131k akt\u00fcalite dergisi olarak g\u00fcn\u00fcm\u00fcze kadar devam eden ideolojik bir konumun sesiydi. Akis, \u00f6nce Demokrat Parti iktidar\u0131na kar\u015f\u0131 muhalefetin ana eksenini te\u015fkil etti. 27 May\u0131s darbesinden sonra da yeni iktidar\u0131n \u201corta\u011f\u0131\u201d oldu. Birka\u00e7 cilt olarak d\u00fc\u015f\u00fcn\u00fclen bu monografinin ilk cildinde Demokrat Parti iktidar\u0131n\u0131n ikinci d\u00f6nemi olan 1954-1957 y\u0131llar\u0131n\u0131n siyaset g\u00fcndemi ve m\u00fccadeleleri neredeyse g\u00fcn g\u00fcn takip ediliyor. Akis\u2019in Demokrat Parti iktidar\u0131na y\u00f6nelik ihtiyatl\u0131 \u00fcmitlerinin nas\u0131l h\u0131zl\u0131ca keskin bir muhalefete d\u00f6n\u00fc\u015ft\u00fc\u011f\u00fc izleniyor. Muhalefetin sadece politik y\u00f6r\u00fcngesini \u00e7izmekle kalmay\u0131p, ayn\u0131 zamanda ideolojik altyap\u0131s\u0131n\u0131 ve d\u00fcnya g\u00f6r\u00fc\u015f\u00fcn\u00fc \u015fekillendirme vazifesini de \u00fcstlenen Akis, bir yandan siyasi muhalefetin istikametini tayin ederken, bir yandan da \u201cmodernlik ve medeniyet\u201d in\u015fas\u0131nda hem g\u00f6rselleriyle hem de kad\u0131n, aile, moda ve sanat gibi alanlardaki yay\u0131nlar\u0131yla bir misyonun s\u00f6zc\u00fcl\u00fc\u011f\u00fcn\u00fc yap\u0131yordu. Akis Dergisi \u00dcmit ve Hayal K\u0131r\u0131kl\u0131\u011f\u0131 (1954-1957) tarihimizin bu \u00f6nemli evresindeki siyasi ve ideolojik kurguyu analiz ediyor. Bu d\u00f6nemdeki \u201cHalk\u00e7\u0131lar-Demokratlar\u201d kavgas\u0131n\u0131, derginin iktidar ve CHP ba\u015fta olmak \u00fczere muhalefet partilerini \u015fekillendirme gayretlerini, hemen her say\u0131da filizlenen \u00fcmitlerini ve onlar\u0131 takip eden hayal k\u0131r\u0131kl\u0131\u011f\u0131n\u0131 g\u00f6zler \u00f6n\u00fcne seriyor. <\/p>\n","protected":false},"excerpt":{"rendered":"<p>Cumhuriyet tarihinin \u00f6nde gelen uzmanlar\u0131ndan Cemil Ko\u00e7ak, yak\u0131n tarihimizin kritik d\u00f6neme\u00e7lerinden Demokrat Parti ve sonras\u0131n\u0131n siyasi tarihini d\u00f6nemin en etkili dergisi Akis \u00fczerinden okuyor. \u0130smet \u0130n\u00f6n\u00fc\u2019n\u00fcn<span class=\"excerpt-hellip\"> [\u2026]<\/span><\/p>\n","protected":false},"featured_media":0,"template":"","meta":{"_monsterinsights_skip_tracking":false,"_monsterinsights_sitenote_active":false,"_monsterinsights_sitenote_note":"","_monsterinsights_sitenote_category":0},"product_brand":[],"product_cat":[12370,12304],"product_tag":[],"class_list":{"0":"post-746227","1":"product","2":"type-product","3":"status-publish","5":"product_cat-arastirma-inceleme","6":"product_cat-tarih","7":"pa_cilt-ciltsiz","8":"pa_tur-kitap","9":"pa_yayinevi-vakifbank-kultur-yayinlari","10":"pa_yazar-cemil-kocak","12":"first","13":"instock","14":"sale","15":"shipping-taxable","16":"purchasable","17":"product-type-simple"},"_links":{"self":[{"href":"https:\/\/roveyayinevi.com.tr\/index.php\/wp-json\/wp\/v2\/product\/746227","targetHints":{"allow":["GET"]}}],"collection":[{"href":"https:\/\/roveyayinevi.com.tr\/index.php\/wp-json\/wp\/v2\/product"}],"about":[{"href":"https:\/\/roveyayinevi.com.tr\/index.php\/wp-json\/wp\/v2\/types\/product"}],"wp:attachment":[{"href":"https:\/\/roveyayinevi.com.tr\/index.php\/wp-json\/wp\/v2\/media?parent=746227"}],"wp:term":[{"taxonomy":"product_brand","embeddable":true,"href":"https:\/\/roveyayinevi.com.tr\/index.php\/wp-json\/wp\/v2\/product_brand?post=746227"},{"taxonomy":"product_cat","embeddable":true,"href":"https:\/\/roveyayinevi.com.tr\/index.php\/wp-json\/wp\/v2\/product_cat?post=746227"},{"taxonomy":"product_tag","embeddable":true,"href":"https:\/\/roveyayinevi.com.tr\/index.php\/wp-json\/wp\/v2\/product_tag?post=746227"}],"curies":[{"name":"wp","href":"https:\/\/api.w.org\/{rel}","templated":true}]}}