{"id":746226,"date":"2025-08-28T02:37:37","date_gmt":"2025-08-27T23:37:37","guid":{"rendered":"https:\/\/roveyayinevi.com.tr\/index.php\/urun\/mevlana-menkibeleri\/"},"modified":"2026-04-16T02:58:49","modified_gmt":"2026-04-15T23:58:49","slug":"mevlana-menkibeleri","status":"publish","type":"product","link":"https:\/\/roveyayinevi.com.tr\/index.php\/urun\/mevlana-menkibeleri\/","title":{"rendered":"Mevlana Menk\u0131beleri"},"content":{"rendered":"<p>Mevl\u00e2n\u00e2 Ekmeleddin Tab\u00eeb\u2019in \u015f\u00f6yle dedi\u011fi nakledilir: Bir keresinde kutlu sultan R\u00fckneddin, \u201c\u00c7ok kuvvetli bir panzehir haz\u0131rlamak gerekir.\u201d buyurdu. Onun bu emri \u00fczerine panzehir i\u00e7in gerekli b\u00fct\u00fcn maddeler her yerden bir araya getirildi. \u0130lac\u0131n haz\u0131rlanaca\u011f\u0131 g\u00fcn evin bir k\u00f6\u015fesine \u00e7ekilip onu haz\u0131rlamakla me\u015fguld\u00fcm. Evin b\u00fct\u00fcn kap\u0131lar\u0131, giri\u015f \u00e7\u0131k\u0131\u015flar\u0131 kapat\u0131ld\u0131. \u0130lac\u0131n haz\u0131rlanmas\u0131 tamamland\u0131\u011f\u0131nda, H\u00fcd\u00e2vendig\u00e2r hazretleri, Allah onun ruhunu m\u00fcbarek k\u0131ls\u0131n, evin bir k\u00f6\u015fesinden ans\u0131z\u0131n g\u00f6r\u00fcn\u00fcverdi. Huzuruna gittim, elini \u00f6pt\u00fckten sonra m\u00fcbarek parma\u011f\u0131yla \u015fereflendirir diye panzehri k\u00fc\u00e7\u00fck bir k\u00fcp\u00fcn i\u00e7inde \u00f6n\u00fcne b\u0131rakt\u0131m. Asla iltifat etmedi ve \u201cEy Mevl\u00e2n\u00e2 Ekmeleddin! Okyanus suyu panzehir olsa, i\u00e7imizi \u0131s\u0131ran ejderhaya \u00e7are olmaz,\u201d deyip an\u0131nda g\u00f6zden kayboldu. B\u00fcy\u00fck mutasavv\u0131f Mevl\u00e2n\u00e2 Cel\u00e2ledd\u00een-i R\u00fbm\u00ee hakk\u0131nda g\u00fcn\u00fcm\u00fcze kadar \u00e7ok say\u0131da eser kaleme al\u0131nm\u0131\u015ft\u0131r. Bu eserler aras\u0131nda, Mevl\u00e2n\u00e2\u2019n\u0131n hayat\u0131, hocalar\u0131 ve halifeleri hakk\u0131nda bilgi veren Sipehs\u00e2l\u00e2r Ris\u00e2lesi\u2019nin (Mevl\u00e2n\u00e2 Menk\u0131beleri) \u00f6nemli bir yeri vard\u0131r. Mevl\u00e2n\u00e2 ve \u00e7evresi hakk\u0131ndaki ilk men\u00e2k\u0131bn\u00e2melerden biri olan elinizdeki bu eser, k\u0131rk y\u0131l Mevl\u00e2n\u00e2\u2019n\u0131n hizmetinde bulunmu\u015f, saraydaki kumandanl\u0131k (sipehs\u00e2l\u00e2r) g\u00f6revinden ayr\u0131ld\u0131ktan sonra Mevl\u00e2n\u00e2 derg\u00e2h\u0131n\u0131n mal\u00ee i\u015fleriyle me\u015fgul olmu\u015f Fer\u00eed\u00fbn-i Sipehs\u00e2l\u00e2r taraf\u0131ndan Mevl\u00e2n\u00e2\u2019n\u0131n s\u0131r tutmada g\u00fcvenilir ve samimi bir m\u00fcridinin iste\u011fi \u00fczerine kaleme al\u0131nm\u0131\u015ft\u0131r. \u00dc\u00e7 b\u00f6l\u00fcmden olu\u015fan Sipehs\u00e2l\u00e2r Ris\u00e2lesi\u2019nin ilk b\u00f6l\u00fcm\u00fc Sult\u00e2n\u00fc\u2019l-ulem\u00e2 Bah\u00e2eddin Veled\u2019e, ikinci ve en geni\u015f b\u00f6l\u00fcm\u00fc Mevl\u00e2n\u00e2 Cel\u00e2ledd\u00een-i R\u00fbm\u00ee\u2019ye, \u00fc\u00e7\u00fcnc\u00fc b\u00f6l\u00fcm\u00fc Mevl\u00e2n\u00e2\u2019n\u0131n dostlar\u0131na ve ondan sonra makam\u0131nda bulunan \u00e7elebilere ayr\u0131lm\u0131\u015ft\u0131r. Bu kutlu z\u00e2tlar\u0131n ya\u015fad\u0131\u011f\u0131 d\u00f6nemi idrak etmi\u015f bir m\u00fcellifin Mevl\u00e2n\u00e2 ve \u015eems-i Tebr\u00eez\u00ee ile ilgili bizzat \u015fahit oldu\u011fu olaylar\u0131 aktard\u0131\u011f\u0131 bu klasi\u011fi keyifle okuyacaks\u0131n\u0131z\u2026   <\/p>\n","protected":false},"excerpt":{"rendered":"<p>Mevl\u00e2n\u00e2 Ekmeleddin Tab\u00eeb\u2019in \u015f\u00f6yle dedi\u011fi nakledilir: Bir keresinde kutlu sultan R\u00fckneddin, \u201c\u00c7ok kuvvetli bir panzehir haz\u0131rlamak gerekir.\u201d buyurdu. Onun bu emri \u00fczerine panzehir i\u00e7in gerekli b\u00fct\u00fcn<span class=\"excerpt-hellip\"> [\u2026]<\/span><\/p>\n","protected":false},"featured_media":0,"template":"","meta":{"_monsterinsights_skip_tracking":false,"_monsterinsights_sitenote_active":false,"_monsterinsights_sitenote_note":"","_monsterinsights_sitenote_category":0},"product_brand":[],"product_cat":[12718,12719],"product_tag":[],"class_list":{"0":"post-746226","1":"product","2":"type-product","3":"status-publish","5":"product_cat-din","6":"product_cat-islam","7":"pa_cilt-ciltsiz","8":"pa_tur-kitap","9":"pa_yayinevi-vakifbank-kultur-yayinlari","10":"pa_yazar-feridun-i-sipehsalar","12":"first","13":"instock","14":"sale","15":"shipping-taxable","16":"purchasable","17":"product-type-simple"},"_links":{"self":[{"href":"https:\/\/roveyayinevi.com.tr\/index.php\/wp-json\/wp\/v2\/product\/746226","targetHints":{"allow":["GET"]}}],"collection":[{"href":"https:\/\/roveyayinevi.com.tr\/index.php\/wp-json\/wp\/v2\/product"}],"about":[{"href":"https:\/\/roveyayinevi.com.tr\/index.php\/wp-json\/wp\/v2\/types\/product"}],"wp:attachment":[{"href":"https:\/\/roveyayinevi.com.tr\/index.php\/wp-json\/wp\/v2\/media?parent=746226"}],"wp:term":[{"taxonomy":"product_brand","embeddable":true,"href":"https:\/\/roveyayinevi.com.tr\/index.php\/wp-json\/wp\/v2\/product_brand?post=746226"},{"taxonomy":"product_cat","embeddable":true,"href":"https:\/\/roveyayinevi.com.tr\/index.php\/wp-json\/wp\/v2\/product_cat?post=746226"},{"taxonomy":"product_tag","embeddable":true,"href":"https:\/\/roveyayinevi.com.tr\/index.php\/wp-json\/wp\/v2\/product_tag?post=746226"}],"curies":[{"name":"wp","href":"https:\/\/api.w.org\/{rel}","templated":true}]}}