{"id":746221,"date":"2025-08-28T02:37:30","date_gmt":"2025-08-27T23:37:30","guid":{"rendered":"https:\/\/roveyayinevi.com.tr\/index.php\/urun\/sahabenin-peygamber-efendimize-sadakati\/"},"modified":"2026-04-16T02:58:49","modified_gmt":"2026-04-15T23:58:49","slug":"sahabenin-peygamber-efendimize-sadakati","status":"publish","type":"product","link":"https:\/\/roveyayinevi.com.tr\/index.php\/urun\/sahabenin-peygamber-efendimize-sadakati\/","title":{"rendered":"Sahabenin Peygamber Efendimize Sadakati"},"content":{"rendered":"<p>Sahabelerin hayatlar\u0131 ders mahiyetindedir. Onlar\u0131n, Hz. Peygamber\u2019e duyduklar\u0131 sevgi, sadakat ve teslimiyet \u00e7ok b\u00fcy\u00fckt\u00fcr. Sahabenin Peygamber Efendimiz\u2019e Sadakati\u2019nde, sahabelerin s\u00f6z ve fiillerinde, t\u00fcm insanl\u0131k i\u00e7in bir rehber ve bir \u00f6rnek olan Hz. Peygamber sevgisini nas\u0131l hissettikleri ve ya\u015fad\u0131klar\u0131 anlat\u0131lm\u0131\u015ft\u0131r. Sahabeler, Allah ve O\u2019nun el\u00e7isi Hz. Peygamber (s.a.v.)\u2019i sevmenin, iman\u0131n bir g\u00f6stergesi oldu\u011funu kabul etmi\u015fler ve her i\u015flerinde O\u2019nu \u00f6rnek alm\u0131\u015flard\u0131r.<\/p>\n","protected":false},"excerpt":{"rendered":"<p>Sahabelerin hayatlar\u0131 ders mahiyetindedir. Onlar\u0131n, Hz. Peygamber\u2019e duyduklar\u0131 sevgi, sadakat ve teslimiyet \u00e7ok b\u00fcy\u00fckt\u00fcr. Sahabenin Peygamber Efendimiz\u2019e Sadakati\u2019nde, sahabelerin s\u00f6z ve fiillerinde, t\u00fcm insanl\u0131k i\u00e7in bir<span class=\"excerpt-hellip\"> [\u2026]<\/span><\/p>\n","protected":false},"featured_media":0,"template":"","meta":{"_monsterinsights_skip_tracking":false,"_monsterinsights_sitenote_active":false,"_monsterinsights_sitenote_note":"","_monsterinsights_sitenote_category":0},"product_brand":[],"product_cat":[12718,12719],"product_tag":[],"class_list":{"0":"post-746221","1":"product","2":"type-product","3":"status-publish","5":"product_cat-din","6":"product_cat-islam","7":"pa_cilt-ciltsiz","8":"pa_tur-kitap","9":"pa_yayinevi-kitap-muptelasi-yayinlari","10":"pa_yazar-ahmet-saglam","12":"first","13":"instock","14":"sale","15":"shipping-taxable","16":"purchasable","17":"product-type-simple"},"_links":{"self":[{"href":"https:\/\/roveyayinevi.com.tr\/index.php\/wp-json\/wp\/v2\/product\/746221","targetHints":{"allow":["GET"]}}],"collection":[{"href":"https:\/\/roveyayinevi.com.tr\/index.php\/wp-json\/wp\/v2\/product"}],"about":[{"href":"https:\/\/roveyayinevi.com.tr\/index.php\/wp-json\/wp\/v2\/types\/product"}],"wp:attachment":[{"href":"https:\/\/roveyayinevi.com.tr\/index.php\/wp-json\/wp\/v2\/media?parent=746221"}],"wp:term":[{"taxonomy":"product_brand","embeddable":true,"href":"https:\/\/roveyayinevi.com.tr\/index.php\/wp-json\/wp\/v2\/product_brand?post=746221"},{"taxonomy":"product_cat","embeddable":true,"href":"https:\/\/roveyayinevi.com.tr\/index.php\/wp-json\/wp\/v2\/product_cat?post=746221"},{"taxonomy":"product_tag","embeddable":true,"href":"https:\/\/roveyayinevi.com.tr\/index.php\/wp-json\/wp\/v2\/product_tag?post=746221"}],"curies":[{"name":"wp","href":"https:\/\/api.w.org\/{rel}","templated":true}]}}