{"id":746219,"date":"2025-08-28T02:37:28","date_gmt":"2025-08-27T23:37:28","guid":{"rendered":"https:\/\/roveyayinevi.com.tr\/index.php\/urun\/bitmeyen-yil-93\/"},"modified":"2026-04-16T02:58:49","modified_gmt":"2026-04-15T23:58:49","slug":"bitmeyen-yil-93","status":"publish","type":"product","link":"https:\/\/roveyayinevi.com.tr\/index.php\/urun\/bitmeyen-yil-93\/","title":{"rendered":"Bitmeyen Y\u0131l 93"},"content":{"rendered":"<p>Bitmeyen Y\u0131l 93\u2019te; \u00f6zellikle perde arkas\u0131nda kald\u0131\u011f\u0131 d\u00fc\u015f\u00fcn\u00fclen 93 y\u0131l\u0131nda ya\u015fanan siyasi olaylar, kurulan \u00f6rg\u00fctler, ter\u00f6r, faili me\u00e7hul cinayetler, katliamlar ve siyasi geli\u015fmeler hakk\u0131nda o d\u00f6nem yap\u0131lan haberlere, ara\u015ft\u0131rma ve yaz\u0131lanlara, tart\u0131\u015fmalara, g\u00f6r\u00fc\u015flere ve tan\u0131klar\u0131n s\u00f6zlerine ve bu konular ile ilgili kaynaklara yer veriliyor. D\u00f6nemin yak\u0131ndan incelendi\u011fi kitapta, ya\u015fananlar mercek alt\u0131na al\u0131n\u0131yor. <\/p>\n","protected":false},"excerpt":{"rendered":"<p>Bitmeyen Y\u0131l 93\u2019te; \u00f6zellikle perde arkas\u0131nda kald\u0131\u011f\u0131 d\u00fc\u015f\u00fcn\u00fclen 93 y\u0131l\u0131nda ya\u015fanan siyasi olaylar, kurulan \u00f6rg\u00fctler, ter\u00f6r, faili me\u00e7hul cinayetler, katliamlar ve siyasi geli\u015fmeler hakk\u0131nda o d\u00f6nem<span class=\"excerpt-hellip\"> [\u2026]<\/span><\/p>\n","protected":false},"featured_media":0,"template":"","meta":{"_monsterinsights_skip_tracking":false,"_monsterinsights_sitenote_active":false,"_monsterinsights_sitenote_note":"","_monsterinsights_sitenote_category":0},"product_brand":[],"product_cat":[12346,12337],"product_tag":[],"class_list":{"0":"post-746219","1":"product","2":"type-product","3":"status-publish","5":"product_cat-derin-siyaset-komplo-teorileri","6":"product_cat-politika-siyaset","7":"pa_cilt-ciltsiz","8":"pa_tur-kitap","9":"pa_yayinevi-kitap-muptelasi-yayinlari","10":"pa_yazar-kemal-dogan","12":"first","13":"instock","14":"sale","15":"shipping-taxable","16":"purchasable","17":"product-type-simple"},"_links":{"self":[{"href":"https:\/\/roveyayinevi.com.tr\/index.php\/wp-json\/wp\/v2\/product\/746219","targetHints":{"allow":["GET"]}}],"collection":[{"href":"https:\/\/roveyayinevi.com.tr\/index.php\/wp-json\/wp\/v2\/product"}],"about":[{"href":"https:\/\/roveyayinevi.com.tr\/index.php\/wp-json\/wp\/v2\/types\/product"}],"wp:attachment":[{"href":"https:\/\/roveyayinevi.com.tr\/index.php\/wp-json\/wp\/v2\/media?parent=746219"}],"wp:term":[{"taxonomy":"product_brand","embeddable":true,"href":"https:\/\/roveyayinevi.com.tr\/index.php\/wp-json\/wp\/v2\/product_brand?post=746219"},{"taxonomy":"product_cat","embeddable":true,"href":"https:\/\/roveyayinevi.com.tr\/index.php\/wp-json\/wp\/v2\/product_cat?post=746219"},{"taxonomy":"product_tag","embeddable":true,"href":"https:\/\/roveyayinevi.com.tr\/index.php\/wp-json\/wp\/v2\/product_tag?post=746219"}],"curies":[{"name":"wp","href":"https:\/\/api.w.org\/{rel}","templated":true}]}}