{"id":746215,"date":"2025-08-28T02:37:22","date_gmt":"2025-08-27T23:37:22","guid":{"rendered":"https:\/\/roveyayinevi.com.tr\/index.php\/urun\/disney-alicein-harikalar-pastanesi-yilbasi-pastasi-sarayi\/"},"modified":"2026-04-16T02:58:34","modified_gmt":"2026-04-15T23:58:34","slug":"disney-alicein-harikalar-pastanesi-yilbasi-pastasi-sarayi","status":"publish","type":"product","link":"https:\/\/roveyayinevi.com.tr\/index.php\/urun\/disney-alicein-harikalar-pastanesi-yilbasi-pastasi-sarayi\/","title":{"rendered":"Disney Alice&#8217;in Harikalar Pastanesi-Y\u0131lba\u015f\u0131 Pastas\u0131 Saray\u0131"},"content":{"rendered":"<p>Harikalar Diyar\u0131\u2019na yeni y\u0131l geldi! Kupa Krali\u00e7esi, kraliyet y\u0131lba\u015f\u0131 \u015f\u00f6lenine sadece birka\u00e7 ki\u015fiyi davet ediyor. Ama Momeratlar saraya ak\u0131n edince planlar bozuluyor. Alice ve arkada\u015flar\u0131, y\u0131lba\u015f\u0131 ne\u015fesini hep birlikte kutlayabilecekleri \u00e7ok \u00f6zel bir y\u0131lba\u015f\u0131 pastas\u0131 saray\u0131 in\u015fa ediyorlar. Harikalar Diyar\u0131\u2019nda yine \u00e7ok e\u011flenceli ve \u00e7\u0131lg\u0131n maceralar ya\u015fan\u0131yor! <\/p>\n","protected":false},"excerpt":{"rendered":"<p>Harikalar Diyar\u0131\u2019na yeni y\u0131l geldi! Kupa Krali\u00e7esi, kraliyet y\u0131lba\u015f\u0131 \u015f\u00f6lenine sadece birka\u00e7 ki\u015fiyi davet ediyor. Ama Momeratlar saraya ak\u0131n edince planlar bozuluyor. Alice ve arkada\u015flar\u0131, y\u0131lba\u015f\u0131<span class=\"excerpt-hellip\"> [\u2026]<\/span><\/p>\n","protected":false},"featured_media":0,"template":"","meta":{"_monsterinsights_skip_tracking":false,"_monsterinsights_sitenote_active":false,"_monsterinsights_sitenote_note":"","_monsterinsights_sitenote_category":0},"product_brand":[],"product_cat":[12274,12284],"product_tag":[],"class_list":{"0":"post-746215","1":"product","2":"type-product","3":"status-publish","5":"product_cat-cocuk-ve-genclik-kitaplari","6":"product_cat-hikayeler","7":"pa_cilt-ciltsiz","8":"pa_tur-kitap","9":"pa_yayinevi-dogan-cocuk","10":"pa_yazar-kolektif","12":"first","13":"instock","14":"sale","15":"shipping-taxable","16":"purchasable","17":"product-type-simple"},"_links":{"self":[{"href":"https:\/\/roveyayinevi.com.tr\/index.php\/wp-json\/wp\/v2\/product\/746215","targetHints":{"allow":["GET"]}}],"collection":[{"href":"https:\/\/roveyayinevi.com.tr\/index.php\/wp-json\/wp\/v2\/product"}],"about":[{"href":"https:\/\/roveyayinevi.com.tr\/index.php\/wp-json\/wp\/v2\/types\/product"}],"wp:attachment":[{"href":"https:\/\/roveyayinevi.com.tr\/index.php\/wp-json\/wp\/v2\/media?parent=746215"}],"wp:term":[{"taxonomy":"product_brand","embeddable":true,"href":"https:\/\/roveyayinevi.com.tr\/index.php\/wp-json\/wp\/v2\/product_brand?post=746215"},{"taxonomy":"product_cat","embeddable":true,"href":"https:\/\/roveyayinevi.com.tr\/index.php\/wp-json\/wp\/v2\/product_cat?post=746215"},{"taxonomy":"product_tag","embeddable":true,"href":"https:\/\/roveyayinevi.com.tr\/index.php\/wp-json\/wp\/v2\/product_tag?post=746215"}],"curies":[{"name":"wp","href":"https:\/\/api.w.org\/{rel}","templated":true}]}}