{"id":746209,"date":"2025-08-28T02:37:14","date_gmt":"2025-08-27T23:37:14","guid":{"rendered":"https:\/\/roveyayinevi.com.tr\/index.php\/urun\/dogum-gunu-kizi\/"},"modified":"2026-04-16T02:58:34","modified_gmt":"2026-04-15T23:58:34","slug":"dogum-gunu-kizi","status":"publish","type":"product","link":"https:\/\/roveyayinevi.com.tr\/index.php\/urun\/dogum-gunu-kizi\/","title":{"rendered":"Do\u011fum G\u00fcn\u00fc K\u0131z\u0131"},"content":{"rendered":"<p>Punk 57\u2019nin \u00e7ok satan yazar\u0131 Penelope Douglas\u2019tan yak\u0131c\u0131, yasak a\u015fk hik\u00e2yesi   JORDAN   Gidecek ba\u015fka hi\u00e7bir yerim yokken beni yan\u0131na ald\u0131. Beni kullanm\u0131yor, can\u0131m\u0131 yakm\u0131yor ya da beni unutmuyor. Bana bir hi\u00e7mi\u015fim gibi davranm\u0131yor ve beni hafife alm\u0131yor. Beni hat\u0131rl\u0131yor, benimle g\u00fcl\u00fcyor ve bana bak\u0131yor. Beni dinliyor, beni koruyor ve beni g\u00f6r\u00fcyor. Yan\u0131ma yakla\u015ft\u0131\u011f\u0131nda kalbim \u00f6yle h\u0131zl\u0131 at\u0131yor ki. Ama bunu durdurmal\u0131y\u0131m. Bu olamaz, olmamal\u0131.   PIKE   Yard\u0131m etti\u011fimi d\u00fc\u015f\u00fcnd\u00fc\u011f\u00fcm i\u00e7in onu evime ald\u0131m. Yemek pi\u015firir ve biraz temizlik yapar diye d\u00fc\u015f\u00fcnm\u00fc\u015ft\u00fcm, kolay bir \u00e7\u00f6z\u00fcm gibi g\u00f6r\u00fcn\u00fcyordu ama g\u00fcnler ge\u00e7tik\u00e7e, her \u015fey zorla\u015ft\u0131. Akl\u0131m\u0131n ve bak\u0131\u015flar\u0131m\u0131n ona kaymas\u0131na engel olmal\u0131 ve evde onunla her kar\u015f\u0131la\u015ft\u0131\u011f\u0131mda nefesimi tutmay\u0131 b\u0131rakmal\u0131y\u0131m. Ona dokunamam, bunu hayal bile etmemeliyim. \u00c7\u00fcnk\u00fc o, o\u011flumun k\u0131z arkada\u015f\u0131. <\/p>\n","protected":false},"excerpt":{"rendered":"<p>Punk 57\u2019nin \u00e7ok satan yazar\u0131 Penelope Douglas\u2019tan yak\u0131c\u0131, yasak a\u015fk hik\u00e2yesi JORDAN Gidecek ba\u015fka hi\u00e7bir yerim yokken beni yan\u0131na ald\u0131. Beni kullanm\u0131yor, can\u0131m\u0131 yakm\u0131yor ya da<span class=\"excerpt-hellip\"> [\u2026]<\/span><\/p>\n","protected":false},"featured_media":0,"template":"","meta":{"_monsterinsights_skip_tracking":false,"_monsterinsights_sitenote_active":false,"_monsterinsights_sitenote_note":"","_monsterinsights_sitenote_category":0},"product_brand":[],"product_cat":[12291,18202],"product_tag":[],"class_list":{"0":"post-746209","1":"product","2":"type-product","3":"status-publish","5":"product_cat-edebiyat","6":"product_cat-hikaye","7":"pa_cilt-ciltsiz","8":"pa_tur-kitap","9":"pa_yayinevi-dex-yayinevi","10":"pa_yazar-penelope-douglas","12":"first","13":"instock","14":"sale","15":"shipping-taxable","16":"purchasable","17":"product-type-simple"},"_links":{"self":[{"href":"https:\/\/roveyayinevi.com.tr\/index.php\/wp-json\/wp\/v2\/product\/746209","targetHints":{"allow":["GET"]}}],"collection":[{"href":"https:\/\/roveyayinevi.com.tr\/index.php\/wp-json\/wp\/v2\/product"}],"about":[{"href":"https:\/\/roveyayinevi.com.tr\/index.php\/wp-json\/wp\/v2\/types\/product"}],"wp:attachment":[{"href":"https:\/\/roveyayinevi.com.tr\/index.php\/wp-json\/wp\/v2\/media?parent=746209"}],"wp:term":[{"taxonomy":"product_brand","embeddable":true,"href":"https:\/\/roveyayinevi.com.tr\/index.php\/wp-json\/wp\/v2\/product_brand?post=746209"},{"taxonomy":"product_cat","embeddable":true,"href":"https:\/\/roveyayinevi.com.tr\/index.php\/wp-json\/wp\/v2\/product_cat?post=746209"},{"taxonomy":"product_tag","embeddable":true,"href":"https:\/\/roveyayinevi.com.tr\/index.php\/wp-json\/wp\/v2\/product_tag?post=746209"}],"curies":[{"name":"wp","href":"https:\/\/api.w.org\/{rel}","templated":true}]}}