{"id":746208,"date":"2025-08-28T02:37:13","date_gmt":"2025-08-27T23:37:13","guid":{"rendered":"https:\/\/roveyayinevi.com.tr\/index.php\/urun\/dark-polisiye-4-kitap\/"},"modified":"2026-04-16T02:58:34","modified_gmt":"2026-04-15T23:58:34","slug":"dark-polisiye-4-kitap","status":"publish","type":"product","link":"https:\/\/roveyayinevi.com.tr\/index.php\/urun\/dark-polisiye-4-kitap\/","title":{"rendered":"Dark Polisiye 4. Kitap"},"content":{"rendered":"<p>\u201cBuras\u0131 \u0130stanbul\u201d \u00c7aresiz ve ba\u015far\u0131s\u0131z gen\u00e7 yazar\u0131n hayat\u0131n\u0131n, dola\u015ft\u0131\u011f\u0131 parkta buldu\u011fu gizemli \u00e7antayla sonsuza kadar de\u011fi\u015fmesi. Kolombo Kemal\u2019in kokore\u00e7 facias\u0131n\u0131n utan\u00e7 verici sonu\u00e7lar\u0131na katlan\u0131rken buldu\u011fu ayd\u0131nlat\u0131c\u0131 ipucu. Osmanl\u0131\u2019da son d\u00f6nem \u0130stanbul\u2019unun en deh\u015fetengiz cinayetini bilgisiyle \u00e7\u00f6z\u00fcmleyen parlak zek\u00e2l\u0131 hafiye. Dindar ailenin a\u011f\u0131r bask\u0131s\u0131na isyan eden gen\u00e7 k\u0131z\u0131n mutluluk aray\u0131\u015f\u0131 i\u00e7in yakt\u0131\u011f\u0131 intikam ate\u015finin \u0131\u015f\u0131\u011f\u0131yla a\u00e7\u0131\u011fa \u00e7\u0131kan \u015fa\u015f\u0131rt\u0131c\u0131 ger\u00e7ekler. K\u0131skan\u00e7l\u0131\u011f\u0131n g\u00f6z\u00fcn\u00fc k\u00f6r etti\u011fi adamdan \u015feker gibi tatl\u0131 kar\u0131s\u0131na uygulad\u0131\u011f\u0131 kalp krizi k\u0131vam\u0131ndaki sevgi g\u00f6sterisi. Ads\u0131z Seks Ba\u011f\u0131ml\u0131lar\u0131 toplant\u0131s\u0131nda tan\u0131\u015fan k\u00fcsk\u00fcn adamla gen\u00e7 kad\u0131n\u0131n g\u00fcld\u00fcren aynalar labirentinde son bulan lunapark maceras\u0131. Patronun g\u00f6zdesi ve pavyonun en sevilen assolistinin h\u0131rs\u0131zl\u0131k g\u00f6r\u00fcnt\u00fcs\u00fcyle \u00f6ld\u00fcr\u00fclmesinin arkas\u0131ndaki gizemi \u00e7\u00f6zen usta dedektifler. Bor\u00e7lar\u0131n\u0131 bir \u00e7\u0131rp\u0131da \u00f6demenin yolunu arayan kuzenlerin \u00e7evirdi\u011fi \u00e7ift tarafl\u0131 dolaplardan \u00e7\u0131kan s\u00fcrpriz hediyeyle ya\u015fad\u0131klar\u0131 \u015fok tedavisi. Yanl\u0131\u015f evlili\u011fin kurban\u0131 olan k\u0131z \u00e7ocu\u011funun g\u00fcnahs\u0131z k\u0131skan\u00e7l\u0131\u011f\u0131na kar\u0131\u015fan alkol k\u00f6kenli b\u00fcy\u00fck su\u00e7. Emekli ba\u015fkomiserin hayat\u0131n\u0131 mahveden olay\u0131n etkisinde s\u00fcr\u00fcnerek ya\u015farken kafay\u0131 tak\u0131p \u00e7\u00f6z\u00fcmledi\u011fi normal \u00f6l\u00fcm benzeri cinayetler. Ge\u00e7mi\u015fin korkun\u00e7 hat\u0131ras\u0131n\u0131 y\u00fcz\u00fcnde ta\u015f\u0131yan hademenin su\u00e7 orta\u011f\u0131 olan \u00e7ocukluk arkada\u015f\u0131yla y\u0131llar sonra ya\u015fad\u0131\u011f\u0131 \u00f6l\u00fcmc\u00fcl hesapla\u015fma. Sultanahmet Meydan\u0131 civar\u0131nda pe\u015f pe\u015fe vuku bulan ve biri \u00f6l\u00fcml\u00fc iki olay\u0131 birbirine mizahla ba\u011flayan alkolik komiser. Cinli perili hik\u00e2yeler biriktiren polis, \u00e7ifte fantastik g\u00f6r\u00fcn\u00fcml\u00fc ger\u00e7ek bir vakay\u0131 harika bir \u00fcsl\u00fbpla anlatan eski \u00e2mirleri. Bo\u011faz\u2019\u0131n karanl\u0131k sular\u0131na at\u0131lmadan \u00f6nceba\u015f\u0131na vurularak \u00f6ld\u00fcr\u00fcld\u00fc\u011f\u00fcnden \u015f\u00fcphelenilen jigolo gencin kibirli katilini bulan kad\u0131n ba\u015f komiser. K\u0131nal\u0131ada\u2019daki ruhban okulunda 1913 y\u0131lsonuna do\u011fru i\u015flenen cinayetleri otuz y\u0131l \u00f6ncesine ba\u011flay\u0131p zihnindeki kandille ayd\u0131nlatan komiser muavini.<\/p>\n","protected":false},"excerpt":{"rendered":"<p>\u201cBuras\u0131 \u0130stanbul\u201d \u00c7aresiz ve ba\u015far\u0131s\u0131z gen\u00e7 yazar\u0131n hayat\u0131n\u0131n, dola\u015ft\u0131\u011f\u0131 parkta buldu\u011fu gizemli \u00e7antayla sonsuza kadar de\u011fi\u015fmesi. Kolombo Kemal\u2019in kokore\u00e7 facias\u0131n\u0131n utan\u00e7 verici sonu\u00e7lar\u0131na katlan\u0131rken buldu\u011fu ayd\u0131nlat\u0131c\u0131<span class=\"excerpt-hellip\"> [\u2026]<\/span><\/p>\n","protected":false},"featured_media":0,"template":"","meta":{"_monsterinsights_skip_tracking":false,"_monsterinsights_sitenote_active":false,"_monsterinsights_sitenote_note":"","_monsterinsights_sitenote_category":0},"product_brand":[],"product_cat":[12291,15445],"product_tag":[],"class_list":{"0":"post-746208","1":"product","2":"type-product","3":"status-publish","5":"product_cat-edebiyat","6":"product_cat-polisiye","7":"pa_cilt-ciltsiz","8":"pa_tur-kitap","9":"pa_yayinevi-dark-istanbul-yayinlari","10":"pa_yazar-kolektif","12":"first","13":"instock","14":"sale","15":"shipping-taxable","16":"purchasable","17":"product-type-simple"},"_links":{"self":[{"href":"https:\/\/roveyayinevi.com.tr\/index.php\/wp-json\/wp\/v2\/product\/746208","targetHints":{"allow":["GET"]}}],"collection":[{"href":"https:\/\/roveyayinevi.com.tr\/index.php\/wp-json\/wp\/v2\/product"}],"about":[{"href":"https:\/\/roveyayinevi.com.tr\/index.php\/wp-json\/wp\/v2\/types\/product"}],"wp:attachment":[{"href":"https:\/\/roveyayinevi.com.tr\/index.php\/wp-json\/wp\/v2\/media?parent=746208"}],"wp:term":[{"taxonomy":"product_brand","embeddable":true,"href":"https:\/\/roveyayinevi.com.tr\/index.php\/wp-json\/wp\/v2\/product_brand?post=746208"},{"taxonomy":"product_cat","embeddable":true,"href":"https:\/\/roveyayinevi.com.tr\/index.php\/wp-json\/wp\/v2\/product_cat?post=746208"},{"taxonomy":"product_tag","embeddable":true,"href":"https:\/\/roveyayinevi.com.tr\/index.php\/wp-json\/wp\/v2\/product_tag?post=746208"}],"curies":[{"name":"wp","href":"https:\/\/api.w.org\/{rel}","templated":true}]}}