{"id":746202,"date":"2025-08-28T02:37:05","date_gmt":"2025-08-27T23:37:05","guid":{"rendered":"https:\/\/roveyayinevi.com.tr\/index.php\/urun\/aloranin-sirri\/"},"modified":"2026-04-16T02:58:34","modified_gmt":"2026-04-15T23:58:34","slug":"aloranin-sirri","status":"publish","type":"product","link":"https:\/\/roveyayinevi.com.tr\/index.php\/urun\/aloranin-sirri\/","title":{"rendered":"Alora\u2019n\u0131n S\u0131rr\u0131"},"content":{"rendered":"<p>Reng\u00e2renk ku\u015flar\u0131n ya\u015fad\u0131\u011f\u0131 bir orman: Alora! T\u00fcm hayvanlar\u0131n dost\u00e7a ya\u015fad\u0131\u011f\u0131 bu orman\u0131n saklad\u0131\u011f\u0131 bir s\u0131r olabilir mi?   Kimsenin merak etmeye bile cesaret edemedi\u011fi bu s\u0131rr\u0131n pe\u015fine, bir yavru tav\u015fan d\u00fc\u015ferse ne olur? Kimileri buna kar\u015f\u0131 \u00e7\u0131kar, Kimileri yavru tav\u015fan\u0131 destekler! Her ne olursa olsun b\u00fcy\u00fck bir macera ba\u015flar!   ***   Merak ve cesur olmak \u00fczerine ilham veren bir hik\u00e2ye!<\/p>\n","protected":false},"excerpt":{"rendered":"<p>Reng\u00e2renk ku\u015flar\u0131n ya\u015fad\u0131\u011f\u0131 bir orman: Alora! T\u00fcm hayvanlar\u0131n dost\u00e7a ya\u015fad\u0131\u011f\u0131 bu orman\u0131n saklad\u0131\u011f\u0131 bir s\u0131r olabilir mi? Kimsenin merak etmeye bile cesaret edemedi\u011fi bu s\u0131rr\u0131n pe\u015fine,<span class=\"excerpt-hellip\"> [\u2026]<\/span><\/p>\n","protected":false},"featured_media":0,"template":"","meta":{"_monsterinsights_skip_tracking":false,"_monsterinsights_sitenote_active":false,"_monsterinsights_sitenote_note":"","_monsterinsights_sitenote_category":0},"product_brand":[],"product_cat":[12274,12284],"product_tag":[],"class_list":{"0":"post-746202","1":"product","2":"type-product","3":"status-publish","5":"product_cat-cocuk-ve-genclik-kitaplari","6":"product_cat-hikayeler","7":"pa_cilt-ciltsiz","8":"pa_tur-kitap","9":"pa_yayinevi-luna-cocuk-yayinlari","10":"pa_yazar-aysegul-dedeoglu","12":"first","13":"instock","14":"sale","15":"shipping-taxable","16":"purchasable","17":"product-type-simple"},"_links":{"self":[{"href":"https:\/\/roveyayinevi.com.tr\/index.php\/wp-json\/wp\/v2\/product\/746202","targetHints":{"allow":["GET"]}}],"collection":[{"href":"https:\/\/roveyayinevi.com.tr\/index.php\/wp-json\/wp\/v2\/product"}],"about":[{"href":"https:\/\/roveyayinevi.com.tr\/index.php\/wp-json\/wp\/v2\/types\/product"}],"wp:attachment":[{"href":"https:\/\/roveyayinevi.com.tr\/index.php\/wp-json\/wp\/v2\/media?parent=746202"}],"wp:term":[{"taxonomy":"product_brand","embeddable":true,"href":"https:\/\/roveyayinevi.com.tr\/index.php\/wp-json\/wp\/v2\/product_brand?post=746202"},{"taxonomy":"product_cat","embeddable":true,"href":"https:\/\/roveyayinevi.com.tr\/index.php\/wp-json\/wp\/v2\/product_cat?post=746202"},{"taxonomy":"product_tag","embeddable":true,"href":"https:\/\/roveyayinevi.com.tr\/index.php\/wp-json\/wp\/v2\/product_tag?post=746202"}],"curies":[{"name":"wp","href":"https:\/\/api.w.org\/{rel}","templated":true}]}}