{"id":746201,"date":"2025-08-28T02:37:04","date_gmt":"2025-08-27T23:37:04","guid":{"rendered":"https:\/\/roveyayinevi.com.tr\/index.php\/urun\/iste-bunlar-hep-astronomi\/"},"modified":"2026-04-16T02:58:34","modified_gmt":"2026-04-15T23:58:34","slug":"iste-bunlar-hep-astronomi","status":"publish","type":"product","link":"https:\/\/roveyayinevi.com.tr\/index.php\/urun\/iste-bunlar-hep-astronomi\/","title":{"rendered":"\u0130\u015fte Bunlar Hep Astronomi"},"content":{"rendered":"<p>Evrende kendini yaln\u0131z hissetmek mi? Unut Bunu!   Tek yapman gereken \u0130\u015fte Bunlar Hep Astronomi\u2019nin kapa\u011f\u0131n\u0131 kald\u0131rmak. Art\u0131k bir balondan uzay roketi yapabilir, uzaydaki en tuhaf galaksileri ke\u015ffedebilir ve evrenin neden kabaran bir \u00fcz\u00fcml\u00fc keki and\u0131rd\u0131\u011f\u0131n\u0131 anlayabilirsin.G\u00f6ky\u00fcz\u00fcne dair b\u00fcy\u00fcleyici ger\u00e7ekler ve y\u0131ld\u0131zlar kadar parlak \u00e7izimleriyle \u0130\u015fte Bunlar Hep Astronomi t\u00fcm \u201cakl\u0131 havadalar\u201d i\u00e7in geliyor!   8 dile \u00e7evrilen ve yay\u0131mland\u0131\u011f\u0131 \u00fclkelerde b\u00fcy\u00fck ilgi g\u00f6ren \u201c\u0130\u015eTE BUNLAR HEP\u2026\u201d serisinin \u00fc\u00e7\u00fcnc\u00fc kitab\u0131. <\/p>\n","protected":false},"excerpt":{"rendered":"<p>Evrende kendini yaln\u0131z hissetmek mi? Unut Bunu! Tek yapman gereken \u0130\u015fte Bunlar Hep Astronomi\u2019nin kapa\u011f\u0131n\u0131 kald\u0131rmak. Art\u0131k bir balondan uzay roketi yapabilir, uzaydaki en tuhaf galaksileri<span class=\"excerpt-hellip\"> [\u2026]<\/span><\/p>\n","protected":false},"featured_media":0,"template":"","meta":{"_monsterinsights_skip_tracking":false,"_monsterinsights_sitenote_active":false,"_monsterinsights_sitenote_note":"","_monsterinsights_sitenote_category":0},"product_brand":[],"product_cat":[13829,12274],"product_tag":[],"class_list":{"0":"post-746201","1":"product","2":"type-product","3":"status-publish","5":"product_cat-bilimsel-kitaplar","6":"product_cat-cocuk-ve-genclik-kitaplari","7":"pa_cilt-ciltsiz","8":"pa_tur-kitap","9":"pa_yayinevi-domingo-yayinevi","10":"pa_yazar-malcolm-croft","12":"first","13":"instock","14":"sale","15":"shipping-taxable","16":"purchasable","17":"product-type-simple"},"_links":{"self":[{"href":"https:\/\/roveyayinevi.com.tr\/index.php\/wp-json\/wp\/v2\/product\/746201","targetHints":{"allow":["GET"]}}],"collection":[{"href":"https:\/\/roveyayinevi.com.tr\/index.php\/wp-json\/wp\/v2\/product"}],"about":[{"href":"https:\/\/roveyayinevi.com.tr\/index.php\/wp-json\/wp\/v2\/types\/product"}],"wp:attachment":[{"href":"https:\/\/roveyayinevi.com.tr\/index.php\/wp-json\/wp\/v2\/media?parent=746201"}],"wp:term":[{"taxonomy":"product_brand","embeddable":true,"href":"https:\/\/roveyayinevi.com.tr\/index.php\/wp-json\/wp\/v2\/product_brand?post=746201"},{"taxonomy":"product_cat","embeddable":true,"href":"https:\/\/roveyayinevi.com.tr\/index.php\/wp-json\/wp\/v2\/product_cat?post=746201"},{"taxonomy":"product_tag","embeddable":true,"href":"https:\/\/roveyayinevi.com.tr\/index.php\/wp-json\/wp\/v2\/product_tag?post=746201"}],"curies":[{"name":"wp","href":"https:\/\/api.w.org\/{rel}","templated":true}]}}